{"id":10134,"date":"2020-08-29T00:11:29","date_gmt":"2020-08-29T00:11:29","guid":{"rendered":"https:\/\/www.leds2all.pt\/?page_id=10134"},"modified":"2020-08-29T00:12:48","modified_gmt":"2020-08-29T00:12:48","slug":"devolucoes","status":"publish","type":"page","link":"https:\/\/www.leds2all.pt\/?page_id=10134","title":{"rendered":"Devolu\u00e7\u00f5es"},"content":{"rendered":"<p><span style=\"font-size: 24pt;\"><strong>Devolu\u00e7\u00f5es<\/strong><\/span><\/p>\n<p><strong>1. Condi\u00e7\u00f5es\u00a0de\u00a0aceita\u00e7\u00e3o\u00a0de\u00a0Devolu\u00e7\u00f5es\/Trocas:<\/strong><br \/>\nSer\u00e3o aceites devolu\u00e7\u00f5es\/trocas nos primeiros 14, os bens devolvidos s\u00f3 ser\u00e3o aceites caso respeitem as seguintes condi\u00e7\u00f5es:<\/p>\n<ul>\n<li>1.1. O artigo devolvido tem de estar intacto e sem qualquer marca\/dano de uso.<\/li>\n<li>1.2. Ter\u00e1 de devolver o artigo juntamente com a sua embalagem, manuais e acess\u00f3rios imaculados.<\/li>\n<\/ul>\n<p>No caso de viola\u00e7\u00e3o de algum destes pontos, n\u00e3o poderemos aceitar a devolu\u00e7\u00e3o (e o consequente reembolso); ou a troca.<br \/>\n\u00a0<br \/>\n<strong>2. Produtos\u00a0N\u00c3O aceites\u00a0para\u00a0Devolu\u00e7\u00f5es\/Trocas:<\/strong><br \/>\nSalvo anomalia t\u00e9cnica, existem artigos que pela sua natureza n\u00e3o podem ser aceites para devolu\u00e7\u00f5es\/trocas.<\/p>\n<ul>\n<li>2.1. N\u00e3o s\u00e3o aceites trocas ou devolu\u00e7\u00f5es de baterias, pilhas, cart\u00f5es de mem\u00f3ria, discos externos.<\/li>\n<li>2.2. N\u00e3o s\u00e3o aceites trocas ou devolu\u00e7\u00f5es de artigos que tenham os selos das embalagens da marca quebrados.<\/li>\n<li>2.3. Produtos instalados.<\/li>\n<\/ul>\n<p><strong>3. Formas\u00a0de\u00a0reembolso\u00a0de\u00a0Devolu\u00e7\u00f5es:<\/strong><br \/>\nCaso pretenda o reembolso da compra, o mesmo ser\u00e1 feito pela mesma via do pagamento inicial. Faremos o reembolso do valor pago pelo artigo assim que seja feita a verifica\u00e7\u00e3o t\u00e9cnica do estado do produto e verifica\u00e7\u00e3o do cumprimento das condi\u00e7\u00f5es acima descritas (Ponto 1);.<br \/>\n\u00a0<br \/>\n<strong>4. Dar\u00a0in\u00edcio\u00a0ao\u00a0processo\u00a0de\u00a0Devolu\u00e7\u00e3o\/Troca:<\/strong><br \/>\nPara dar in\u00edcio ao processo de devolu\u00e7\u00e3o\/troca dever\u00e1 enviar um email para leds2all@hotmail.com com a refer\u00eancia do artigo e o n\u00famero da encomenda. Posteriormente deve enviar o artigo via ctt para: APARTADO 31 \u2013 EC TORRES VEDRAS 2560-999.<br \/>\nEstando o artigo em conformidade, os valores dos portes da devolu\u00e7\u00e3o ficam a cargo do consumidor.<br \/>\n\u00a0<br \/>\n<strong>O que\u00a0N\u00c3O est\u00e1\u00a0coberto\u00a0pela\u00a0GARANTIA?<\/strong><br \/>\nO custo de transporte do(s); produto(s);\u00a0avariado(s);.<br \/>\nDanos provocados por uso indevido ou abusivo.<br \/>\nDanos provocados por transporte fora das embalagens originais.<br \/>\nEquipamentos que tenham sofrido tentativas de repara\u00e7\u00e3o, ou mesmo repara\u00e7\u00e3o. Produtos<br \/>\nConsum\u00edveis sujeitos a desgaste (Baterias\/Pilhas);<\/p>\n<p>Posto isso, n\u00e3o damos garantia, nem nos responsabilizamos pelos equipamentos danificados por deficiente manuseamento, instala\u00e7\u00e3o ou configura\u00e7\u00e3o. Tamb\u00e9m qualquer altera\u00e7\u00e3o ao produto original invalida a garantia.<\/p>\n","protected":false},"excerpt":{"rendered":"<p>Devolu\u00e7\u00f5es 1. Condi\u00e7\u00f5es\u00a0de\u00a0aceita\u00e7\u00e3o\u00a0de\u00a0Devolu\u00e7\u00f5es\/Trocas: Ser\u00e3o aceites devolu\u00e7\u00f5es\/trocas nos primeiros 14, os bens devolvidos s\u00f3 ser\u00e3o aceites caso respeitem as seguintes condi\u00e7\u00f5es: 1.1. O artigo devolvido tem de estar intacto e sem qualquer marca\/dano de uso. 1.2. Ter\u00e1 de devolver o artigo juntamente com a sua embalagem, manuais e acess\u00f3rios imaculados. No caso de viola\u00e7\u00e3o de algum [&hellip;]<\/p>\n","protected":false},"author":1,"featured_media":0,"parent":0,"menu_order":0,"comment_status":"closed","ping_status":"closed","template":"","meta":{"_monsterinsights_skip_tracking":false,"_monsterinsights_sitenote_active":false,"_monsterinsights_sitenote_note":"","_monsterinsights_sitenote_category":0,"footnotes":""},"class_list":["post-10134","page","type-page","status-publish","hentry"],"aioseo_notices":[],"_links":{"self":[{"href":"https:\/\/www.leds2all.pt\/index.php?rest_route=\/wp\/v2\/pages\/10134","targetHints":{"allow":["GET"]}}],"collection":[{"href":"https:\/\/www.leds2all.pt\/index.php?rest_route=\/wp\/v2\/pages"}],"about":[{"href":"https:\/\/www.leds2all.pt\/index.php?rest_route=\/wp\/v2\/types\/page"}],"author":[{"embeddable":true,"href":"https:\/\/www.leds2all.pt\/index.php?rest_route=\/wp\/v2\/users\/1"}],"replies":[{"embeddable":true,"href":"https:\/\/www.leds2all.pt\/index.php?rest_route=%2Fwp%2Fv2%2Fcomments&post=10134"}],"version-history":[{"count":0,"href":"https:\/\/www.leds2all.pt\/index.php?rest_route=\/wp\/v2\/pages\/10134\/revisions"}],"wp:attachment":[{"href":"https:\/\/www.leds2all.pt\/index.php?rest_route=%2Fwp%2Fv2%2Fmedia&parent=10134"}],"curies":[{"name":"wp","href":"https:\/\/api.w.org\/{rel}","templated":true}]}}