{"id":2597,"date":"2015-03-17T09:07:13","date_gmt":"2015-03-17T09:07:13","guid":{"rendered":"http:\/\/www.leds2all.pt\/?page_id=2597"},"modified":"2017-07-18T16:32:44","modified_gmt":"2017-07-18T09:32:44","slug":"products-widget","status":"publish","type":"page","link":"https:\/\/www.leds2all.pt\/?page_id=2597","title":{"rendered":"Products widget"},"content":{"rendered":"<div class=\"wpb-content-wrapper\"><p>[vc_row css=&#8221;.vc_custom_1433395364034{margin-bottom: 60px !important;}&#8221;][vc_column width=&#8221;1\/4&#8243;]\t\t<div class=\"ts-products-widget-shortcode title-background-color content-border \">\n\t\t<div class=\"widget ts-products-widget\"><h2 class=\"widgettitle\">Recent products<\/h2>\t\t\t\t\n\t\t\t\t<div class=\"ts-products-widget-wrapper woocommerce default-thumbnail\" data-show_nav=\"1\" data-auto_play=\"1\">\n\t\t\t\t\t\t\t\t\t\t\t\t\t\t\t\t\t<div class=\"per-slide\">\n\t\t\t\t\t\t\t<ul class=\"product_list_widget\">\n\t\t\t\t\t\t\t\t\t\t\t\t\t<li>\n\t\t\t\t\t\t\t\t<a class=\"ts-wg-thumbnail\" href=\"https:\/\/www.leds2all.pt\/?product=oscal-powermax-3600-generador-electrico-solar-portatil-3600-w-ampliable-hasta-576-kwhestacion-de-alimentacion-solar-de-3600-wh-con-4-tomas-ca-3600-w-emergencia-con-control-app-para-casa\" title=\"OSCAL PowerMax 3600 Generador el\u00e9ctrico solar port\u00e1til 3600 W, ampliable hasta 57,6 kWh,estaci\u00f3n de alimentaci\u00f3n solar de 3600 Wh con 4 tomas CA 3600 W, emergencia con control APP para casa\">\n\t\t\t\t\t\t\t\t\t<img loading=\"lazy\" decoding=\"async\" src=\"http:\/\/www.leds2all.pt\/wp-content\/themes\/boxshop\/images\/prod_loading.gif\" data-src=\"https:\/\/www.leds2all.pt\/wp-content\/uploads\/imported\/OSCAL-PowerMax-3600-Generador-electrico-solar-portatil-3600-W-ampliable-hasta-576-kWhestacion-de-alimentacion-sol-B0FJFDGN2N.jpg\" alt=\"\" class=\"attachment-shop_thumbnail wp-post-image ts-lazy-load\" width=\"300\" height=\"300\" \/>\t\t\t\t\t\t\t\t<\/a>\n\t\t\t\t\t\t\t\t\n\t\t\t\t\t\t\t\t<div class=\"ts-wg-meta\">\n\t\t\t\t\t\t\t\t\n\t\t\t\t\t\t\t\t\t\t\t\t\t\t\t\t\t\t\n\t\t\t\t\t\t\t\t\t<a href=\"https:\/\/www.leds2all.pt\/?product=oscal-powermax-3600-generador-electrico-solar-portatil-3600-w-ampliable-hasta-576-kwhestacion-de-alimentacion-solar-de-3600-wh-con-4-tomas-ca-3600-w-emergencia-con-control-app-para-casa\" title=\"OSCAL PowerMax 3600 Generador el\u00e9ctrico solar port\u00e1til 3600 W, ampliable hasta 57,6 kWh,estaci\u00f3n de alimentaci\u00f3n solar de 3600 Wh con 4 tomas CA 3600 W, emergencia con control APP para casa\">\n\t\t\t\t\t\t\t\t\t\tOSCAL PowerMax 3600 Generador el\u00e9ctrico solar port\u00e1til 3600 W, ampliable hasta 57,6 kWh,estaci\u00f3n de alimentaci\u00f3n solar de 3600 Wh con 4 tomas CA 3600 W, emergencia con control APP para casa\t\t\t\t\t\t\t\t\t<\/a>\n\t\t\t\t\t\t\t\t\t<div class=\"star-rating no-rating\"><span style=\"width:0%\"><\/span><\/div>\n\t<span class=\"price\"><span class=\"woocommerce-Price-amount amount\"><bdi><span class=\"woocommerce-Price-currencySymbol\">&euro;<\/span>1.829,99<\/bdi><\/span><\/span>\n\t\t\t\t\t\t\t\t<\/div>\n\t\t\t\t\t\t\t<\/li>\n\t\t\t\t\t\t\t\t\t\t\t\t\t\t\t\t\t\t\t\t\t\t\t\t<li>\n\t\t\t\t\t\t\t\t<a class=\"ts-wg-thumbnail\" href=\"https:\/\/www.leds2all.pt\/?product=oscal-powermax-6000w-generador-solar-portatil-con-panel-400w-3600wh-lfp-bateria-ampliable-hasta-57-6kwh-carga-rapida-1-2h-14-puertos-estacion-de-energia-para-hogar-emergencia-camping-caravana\" title=\"OSCAL PowerMax 6000W Generador Solar Portatil con Panel 400W, 3600Wh LFP Bater\u00eda, Ampliable hasta 57.6kWh, Carga R\u00e1pida 1.2h, 14 Puertos, Estaci\u00f3n de Energ\u00eda para Hogar Emergencia, Camping, Caravana\">\n\t\t\t\t\t\t\t\t\t<img loading=\"lazy\" decoding=\"async\" src=\"http:\/\/www.leds2all.pt\/wp-content\/themes\/boxshop\/images\/prod_loading.gif\" data-src=\"https:\/\/www.leds2all.pt\/wp-content\/uploads\/imported\/OSCAL-PowerMax-6000W-Generador-Solar-Portatil-con-Panel-400W-3600Wh-LFP-Bateria-Ampliable-hasta-576kWh-Carga-Rapid-B0G5XZ56R8.jpg\" alt=\"\" class=\"attachment-shop_thumbnail wp-post-image ts-lazy-load\" width=\"300\" height=\"300\" \/>\t\t\t\t\t\t\t\t<\/a>\n\t\t\t\t\t\t\t\t\n\t\t\t\t\t\t\t\t<div class=\"ts-wg-meta\">\n\t\t\t\t\t\t\t\t\n\t\t\t\t\t\t\t\t\t\t\t\t\t\t\t\t\t\t\n\t\t\t\t\t\t\t\t\t<a href=\"https:\/\/www.leds2all.pt\/?product=oscal-powermax-6000w-generador-solar-portatil-con-panel-400w-3600wh-lfp-bateria-ampliable-hasta-57-6kwh-carga-rapida-1-2h-14-puertos-estacion-de-energia-para-hogar-emergencia-camping-caravana\" title=\"OSCAL PowerMax 6000W Generador Solar Portatil con Panel 400W, 3600Wh LFP Bater\u00eda, Ampliable hasta 57.6kWh, Carga R\u00e1pida 1.2h, 14 Puertos, Estaci\u00f3n de Energ\u00eda para Hogar Emergencia, Camping, Caravana\">\n\t\t\t\t\t\t\t\t\t\tOSCAL PowerMax 6000W Generador Solar Portatil con Panel 400W, 3600Wh LFP Bater\u00eda, Ampliable hasta 57.6kWh, Carga R\u00e1pida 1.2h, 14 Puertos, Estaci\u00f3n de Energ\u00eda para Hogar Emergencia, Camping, Caravana\t\t\t\t\t\t\t\t\t<\/a>\n\t\t\t\t\t\t\t\t\t<div class=\"star-rating no-rating\"><span style=\"width:0%\"><\/span><\/div>\n\t<span class=\"price\"><span class=\"woocommerce-Price-amount amount\"><bdi><span class=\"woocommerce-Price-currencySymbol\">&euro;<\/span>2.300,00<\/bdi><\/span><\/span>\n\t\t\t\t\t\t\t\t<\/div>\n\t\t\t\t\t\t\t<\/li>\n\t\t\t\t\t\t\t\t\t\t\t\t\t\t\t\t\t\t\t\t\t\t\t\t<li>\n\t\t\t\t\t\t\t\t<a class=\"ts-wg-thumbnail\" href=\"https:\/\/www.leds2all.pt\/?product=oscal-powermax-6000-central-electrica-portatil-de-3600-wh-ampliable-hasta-576-kwh-tomas-ca-120-v-240-v-6000-w-pico-7200-w-generador-solar-para-uso-domestico\" title=\"OSCAL PowerMax 6000 - Central el\u00e9ctrica port\u00e1til de 3600 Wh\">\n\t\t\t\t\t\t\t\t\t<img loading=\"lazy\" decoding=\"async\" src=\"http:\/\/www.leds2all.pt\/wp-content\/themes\/boxshop\/images\/prod_loading.gif\" data-src=\"https:\/\/www.leds2all.pt\/wp-content\/uploads\/imported\/OSCAL-PowerMax-6000-Central-electrica-portatil-de-3600-Wh-ampliable-hasta-576-kWh-tomas-CA-120-V240-V-6000-W-p-B0FJF7YYXR.jpg\" alt=\"\" class=\"attachment-shop_thumbnail wp-post-image ts-lazy-load\" width=\"300\" height=\"300\" \/>\t\t\t\t\t\t\t\t<\/a>\n\t\t\t\t\t\t\t\t\n\t\t\t\t\t\t\t\t<div class=\"ts-wg-meta\">\n\t\t\t\t\t\t\t\t\n\t\t\t\t\t\t\t\t\t\t\t\t\t\t\t\t\t\t\n\t\t\t\t\t\t\t\t\t<a href=\"https:\/\/www.leds2all.pt\/?product=oscal-powermax-6000-central-electrica-portatil-de-3600-wh-ampliable-hasta-576-kwh-tomas-ca-120-v-240-v-6000-w-pico-7200-w-generador-solar-para-uso-domestico\" title=\"OSCAL PowerMax 6000 - Central el\u00e9ctrica port\u00e1til de 3600 Wh\">\n\t\t\t\t\t\t\t\t\t\tOSCAL PowerMax 6000 - Central el\u00e9ctrica port\u00e1til de 3600 Wh\t\t\t\t\t\t\t\t\t<\/a>\n\t\t\t\t\t\t\t\t\t<div class=\"star-rating no-rating\"><span style=\"width:0%\"><\/span><\/div>\n\t<span class=\"price\"><span class=\"woocommerce-Price-amount amount\"><bdi><span class=\"woocommerce-Price-currencySymbol\">&euro;<\/span>1.850,00<\/bdi><\/span><\/span>\n\t\t\t\t\t\t\t\t<\/div>\n\t\t\t\t\t\t\t<\/li>\n\t\t\t\t\t\t\t\n\t\t\t\t\t\t\t<\/ul>\n\t\t\t\t\t\t<\/div>\n\t\t\t\t\t\t\t\t\t\t\t\t\t\t\t<\/div>\n\t\t\t\t<\/div>\t\t<\/div>\n\t\t[\/vc_column][vc_column width=&#8221;1\/4&#8243;]\t\t<div class=\"ts-products-widget-shortcode title-background-color content-border \">\n\t\t<div class=\"widget ts-products-widget\"><h2 class=\"widgettitle\">Sale products<\/h2>\t\t\t\t\n\t\t\t\t<div class=\"ts-products-widget-wrapper woocommerce default-thumbnail\" data-show_nav=\"1\" data-auto_play=\"1\">\n\t\t\t\t\t\t\t\t\t\t\t\t\t\t\t\t\t<div class=\"per-slide\">\n\t\t\t\t\t\t\t<ul class=\"product_list_widget\">\n\t\t\t\t\t\t\t\t\t\t\t\t\t<li>\n\t\t\t\t\t\t\t\t<a class=\"ts-wg-thumbnail\" href=\"https:\/\/www.leds2all.pt\/?product=molinillo-de-cafe-electrico-hibrew-g7-48-ajustes-precisos-para-espresso-filtro-cafe-control-de-porciones-y-antiestatico-molinillo-conico-para-cafe-recien-molido\" title=\"Moedor de caf\u00e9 el\u00e9trico HiBREW G7-48 configura\u00e7\u00f5es precisas para caf\u00e9 expresso\">\n\t\t\t\t\t\t\t\t\t<img loading=\"lazy\" decoding=\"async\" src=\"http:\/\/www.leds2all.pt\/wp-content\/themes\/boxshop\/images\/prod_loading.gif\" data-src=\"https:\/\/www.leds2all.pt\/wp-content\/uploads\/imported\/Molinillo-de-cafe-electrico-HIBREW-G7-48-ajustes-precisos-para-espressofiltrocafe-control-de-porciones-y-antiesta-B0FMNF6YYB.jpg\" alt=\"\" class=\"attachment-shop_thumbnail wp-post-image ts-lazy-load\" width=\"300\" height=\"300\" \/>\t\t\t\t\t\t\t\t<\/a>\n\t\t\t\t\t\t\t\t\n\t\t\t\t\t\t\t\t<div class=\"ts-wg-meta\">\n\t\t\t\t\t\t\t\t\n\t\t\t\t\t\t\t\t\t\t\t\t\t\t\t\t\t\t\n\t\t\t\t\t\t\t\t\t<a href=\"https:\/\/www.leds2all.pt\/?product=molinillo-de-cafe-electrico-hibrew-g7-48-ajustes-precisos-para-espresso-filtro-cafe-control-de-porciones-y-antiestatico-molinillo-conico-para-cafe-recien-molido\" title=\"Moedor de caf\u00e9 el\u00e9trico HiBREW G7-48 configura\u00e7\u00f5es precisas para caf\u00e9 expresso\">\n\t\t\t\t\t\t\t\t\t\tMoedor de caf\u00e9 el\u00e9trico HiBREW G7-48 configura\u00e7\u00f5es precisas para caf\u00e9 expresso\t\t\t\t\t\t\t\t\t<\/a>\n\t\t\t\t\t\t\t\t\t<div class=\"star-rating no-rating\"><span style=\"width:0%\"><\/span><\/div>\n\t<span class=\"price\"><del aria-hidden=\"true\"><span class=\"woocommerce-Price-amount amount\"><bdi><span class=\"woocommerce-Price-currencySymbol\">&euro;<\/span>110,00<\/bdi><\/span><\/del> <span class=\"screen-reader-text\">O pre\u00e7o original era: &euro;110,00.<\/span><ins aria-hidden=\"true\"><span class=\"woocommerce-Price-amount amount\"><bdi><span class=\"woocommerce-Price-currencySymbol\">&euro;<\/span>100,00<\/bdi><\/span><\/ins><span class=\"screen-reader-text\">O pre\u00e7o atual \u00e9: &euro;100,00.<\/span><\/span>\n\t\t\t\t\t\t\t\t<\/div>\n\t\t\t\t\t\t\t<\/li>\n\t\t\t\t\t\t\t\n\t\t\t\t\t\t\t<\/ul>\n\t\t\t\t\t\t<\/div>\n\t\t\t\t\t\t\t\t\t\t\t\t\t\t\t<\/div>\n\t\t\t\t<\/div>\t\t<\/div>\n\t\t[\/vc_column][vc_column width=&#8221;1\/4&#8243;]\t\t<div class=\"ts-products-widget-shortcode title-background-color content-border \">\n\t\t<div class=\"widget ts-products-widget\"><h2 class=\"widgettitle\">Featured products<\/h2><\/div>\t\t<\/div>\n\t\t[\/vc_column][vc_column width=&#8221;1\/4&#8243;]\t\t<div class=\"ts-products-widget-shortcode title-background-color content-border \">\n\t\t<div class=\"widget ts-products-widget\"><h2 class=\"widgettitle\">Top rated<\/h2>\t\t\t\t\n\t\t\t\t<div class=\"ts-products-widget-wrapper woocommerce default-thumbnail\" data-show_nav=\"1\" data-auto_play=\"1\">\n\t\t\t\t\t\t\t\t\t\t\t\t\t\t\t\t\t<div class=\"per-slide\">\n\t\t\t\t\t\t\t<ul class=\"product_list_widget\">\n\t\t\t\t\t\t\t\t\t\t\t\t\t<li>\n\t\t\t\t\t\t\t\t<a class=\"ts-wg-thumbnail\" href=\"https:\/\/www.leds2all.pt\/?product=painel-de-led-60x60cm-220vac-54w-6000k-3700lm-aro-branco\" title=\"(envio directo) Painel de LED 60x60cm\">\n\t\t\t\t\t\t\t\t\t<img loading=\"lazy\" decoding=\"async\" src=\"http:\/\/www.leds2all.pt\/wp-content\/themes\/boxshop\/images\/prod_loading.gif\" data-src=\"https:\/\/www.leds2all.pt\/wp-content\/uploads\/2019\/05\/Screenshot_1-2.jpg\" alt=\"\" class=\"attachment-shop_thumbnail wp-post-image ts-lazy-load\" width=\"300\" height=\"300\" \/>\t\t\t\t\t\t\t\t<\/a>\n\t\t\t\t\t\t\t\t\n\t\t\t\t\t\t\t\t<div class=\"ts-wg-meta\">\n\t\t\t\t\t\t\t\t\n\t\t\t\t\t\t\t\t\t\t\t\t\t\t\t\t\t\t\n\t\t\t\t\t\t\t\t\t<a href=\"https:\/\/www.leds2all.pt\/?product=painel-de-led-60x60cm-220vac-54w-6000k-3700lm-aro-branco\" title=\"(envio directo) Painel de LED 60x60cm\">\n\t\t\t\t\t\t\t\t\t\t(envio directo) Painel de LED 60x60cm\t\t\t\t\t\t\t\t\t<\/a>\n\t\t\t\t\t\t\t\t\t<div class=\"star-rating no-rating\"><span style=\"width:0%\"><\/span><\/div>\n\t<span class=\"price\">$S - $S<\/span>\n\t\t\t\t\t\t\t\t<\/div>\n\t\t\t\t\t\t\t<\/li>\n\t\t\t\t\t\t\t\t\t\t\t\t\t\t\t\t\t\t\t\t\t\t\t\t<li>\n\t\t\t\t\t\t\t\t<a class=\"ts-wg-thumbnail\" href=\"https:\/\/www.leds2all.pt\/?product=painel-de-led-redondo-o20cm-15w-6000k\" title=\"Placa LED Redondo SuperSlim branco\">\n\t\t\t\t\t\t\t\t\t<img loading=\"lazy\" decoding=\"async\" src=\"http:\/\/www.leds2all.pt\/wp-content\/themes\/boxshop\/images\/prod_loading.gif\" data-src=\"https:\/\/www.leds2all.pt\/wp-content\/uploads\/2024\/02\/Screenshot_18-2.jpg\" alt=\"\" class=\"attachment-shop_thumbnail wp-post-image ts-lazy-load\" width=\"300\" height=\"300\" \/>\t\t\t\t\t\t\t\t<\/a>\n\t\t\t\t\t\t\t\t\n\t\t\t\t\t\t\t\t<div class=\"ts-wg-meta\">\n\t\t\t\t\t\t\t\t\n\t\t\t\t\t\t\t\t\t\t\t\t\t\t\t\t\t\t\n\t\t\t\t\t\t\t\t\t<a href=\"https:\/\/www.leds2all.pt\/?product=painel-de-led-redondo-o20cm-15w-6000k\" title=\"Placa LED Redondo SuperSlim branco\">\n\t\t\t\t\t\t\t\t\t\tPlaca LED Redondo SuperSlim branco\t\t\t\t\t\t\t\t\t<\/a>\n\t\t\t\t\t\t\t\t\t<div class=\"star-rating no-rating\"><span style=\"width:0%\"><\/span><\/div>\n\t<span class=\"price\">$S - $S<\/span>\n\t\t\t\t\t\t\t\t<\/div>\n\t\t\t\t\t\t\t<\/li>\n\t\t\t\t\t\t\t\t\t\t\t\t\t\t\t\t\t\t\t\t\t\t\t\t<li>\n\t\t\t\t\t\t\t\t<a class=\"ts-wg-thumbnail\" href=\"https:\/\/www.leds2all.pt\/?product=disco-ssd-25-960gb-serial-ata-iii-kingston-a400\" title=\"Disco SSD 2,5&quot; 960GB Serial ATA III - Kingston A400\">\n\t\t\t\t\t\t\t\t\t<img loading=\"lazy\" decoding=\"async\" src=\"http:\/\/www.leds2all.pt\/wp-content\/themes\/boxshop\/images\/prod_loading.gif\" data-src=\"\" alt=\"\" class=\"attachment-shop_thumbnail wp-post-image ts-lazy-load\" width=\"300\" height=\"300\" \/>\t\t\t\t\t\t\t\t<\/a>\n\t\t\t\t\t\t\t\t\n\t\t\t\t\t\t\t\t<div class=\"ts-wg-meta\">\n\t\t\t\t\t\t\t\t\n\t\t\t\t\t\t\t\t\t\t\t\t\t\t\t\t\t\t\n\t\t\t\t\t\t\t\t\t<a href=\"https:\/\/www.leds2all.pt\/?product=disco-ssd-25-960gb-serial-ata-iii-kingston-a400\" title=\"Disco SSD 2,5&quot; 960GB Serial ATA III - Kingston A400\">\n\t\t\t\t\t\t\t\t\t\tDisco SSD 2,5&quot; 960GB Serial ATA III - Kingston A400\t\t\t\t\t\t\t\t\t<\/a>\n\t\t\t\t\t\t\t\t\t<div class=\"star-rating no-rating\"><span style=\"width:0%\"><\/span><\/div>\n\t<span class=\"price\"><span class=\"woocommerce-Price-amount amount\"><bdi><span class=\"woocommerce-Price-currencySymbol\">&euro;<\/span>60,00<\/bdi><\/span><\/span>\n\t\t\t\t\t\t\t\t<\/div>\n\t\t\t\t\t\t\t<\/li>\n\t\t\t\t\t\t\t\n\t\t\t\t\t\t\t<\/ul>\n\t\t\t\t\t\t<\/div>\n\t\t\t\t\t\t\t\t\t\t\t\t\t\t\t<\/div>\n\t\t\t\t<\/div>\t\t<\/div>\n\t\t[\/vc_column][\/vc_row]<\/p>\n<\/div>","protected":false},"excerpt":{"rendered":"<p>[vc_row css=&#8221;.vc_custom_1433395364034{margin-bottom: 60px !important;}&#8221;][vc_column width=&#8221;1\/4&#8243;][\/vc_column][vc_column width=&#8221;1\/4&#8243;][\/vc_column][vc_column width=&#8221;1\/4&#8243;][\/vc_column][vc_column width=&#8221;1\/4&#8243;][\/vc_column][\/vc_row]<\/p>\n","protected":false},"author":1,"featured_media":0,"parent":457,"menu_order":0,"comment_status":"closed","ping_status":"closed","template":"","meta":{"_monsterinsights_skip_tracking":false,"_monsterinsights_sitenote_active":false,"_monsterinsights_sitenote_note":"","_monsterinsights_sitenote_category":0,"footnotes":""},"class_list":["post-2597","page","type-page","status-publish","hentry"],"aioseo_notices":[],"_links":{"self":[{"href":"https:\/\/www.leds2all.pt\/index.php?rest_route=\/wp\/v2\/pages\/2597","targetHints":{"allow":["GET"]}}],"collection":[{"href":"https:\/\/www.leds2all.pt\/index.php?rest_route=\/wp\/v2\/pages"}],"about":[{"href":"https:\/\/www.leds2all.pt\/index.php?rest_route=\/wp\/v2\/types\/page"}],"author":[{"embeddable":true,"href":"https:\/\/www.leds2all.pt\/index.php?rest_route=\/wp\/v2\/users\/1"}],"replies":[{"embeddable":true,"href":"https:\/\/www.leds2all.pt\/index.php?rest_route=%2Fwp%2Fv2%2Fcomments&post=2597"}],"version-history":[{"count":0,"href":"https:\/\/www.leds2all.pt\/index.php?rest_route=\/wp\/v2\/pages\/2597\/revisions"}],"up":[{"embeddable":true,"href":"https:\/\/www.leds2all.pt\/index.php?rest_route=\/wp\/v2\/pages\/457"}],"wp:attachment":[{"href":"https:\/\/www.leds2all.pt\/index.php?rest_route=%2Fwp%2Fv2%2Fmedia&parent=2597"}],"curies":[{"name":"wp","href":"https:\/\/api.w.org\/{rel}","templated":true}]}}