{"id":491,"date":"2014-11-12T14:41:47","date_gmt":"2014-11-12T14:41:47","guid":{"rendered":"http:\/\/www.leds2all.pt\/?page_id=491"},"modified":"2015-06-19T15:06:39","modified_gmt":"2015-06-19T15:06:39","slug":"track-order","status":"publish","type":"page","link":"https:\/\/www.leds2all.pt\/?page_id=491","title":{"rendered":"Track order"},"content":{"rendered":"<div class=\"woocommerce\">\n<form action=\"https:\/\/www.leds2all.pt\/?page_id=491\" method=\"post\" class=\"woocommerce-form woocommerce-form-track-order track_order\">\n\n\t\n\t<p>Para fazer o acompanhamento da sua encomenda, por favor indique o n\u00famero de identifica\u00e7\u00e3o na caixa abaixo e pressione o bot\u00e3o &quot;Acompanhar&quot;. Este n\u00famero ter-lhe-\u00e1 sido indicado no recibo e na mensagem de confirma\u00e7\u00e3o que recebeu.<\/p>\n\n\t<p class=\"form-row form-row-first\"><label for=\"orderid\">N.\u00ba da encomenda<\/label> <input class=\"input-text\" type=\"text\" name=\"orderid\" id=\"orderid\" value=\"\" placeholder=\"Encontre no seu email de confirma\u00e7\u00e3o da encomenda.\" \/><\/p>\t<p class=\"form-row form-row-last\"><label for=\"order_email\">Email de factura\u00e7\u00e3o<\/label> <input class=\"input-text\" type=\"text\" name=\"order_email\" id=\"order_email\" value=\"\" placeholder=\"Email utilizado durante a finaliza\u00e7\u00e3o de compras.\" \/><\/p>\t<div class=\"clear\"><\/div>\n\n\t\n\t<p class=\"form-row\"><button type=\"submit\" class=\"button\" name=\"track\" value=\"Acompanhar\">Acompanhar<\/button><\/p>\n\t<input type=\"hidden\" id=\"woocommerce-order-tracking-nonce\" name=\"woocommerce-order-tracking-nonce\" value=\"c38811524d\" \/><input type=\"hidden\" name=\"_wp_http_referer\" value=\"\/index.php?rest_route=%2Fwp%2Fv2%2Fpages%2F491\" \/>\n\t\n<\/form>\n<\/div>\n","protected":false},"excerpt":{"rendered":"Para fazer o acompanhamento da sua encomenda, por favor indique o n\u00famero de identifica\u00e7\u00e3o na caixa abaixo e pressione o bot\u00e3o &quot;Acompanhar&quot;. Este n\u00famero ter-lhe-\u00e1 sido indicado no recibo e na mensagem de confirma\u00e7\u00e3o que recebeu. N.\u00ba da encomenda Email de factura\u00e7\u00e3o Acompanhar","protected":false},"author":1,"featured_media":0,"parent":0,"menu_order":0,"comment_status":"closed","ping_status":"open","template":"","meta":{"_monsterinsights_skip_tracking":false,"_monsterinsights_sitenote_active":false,"_monsterinsights_sitenote_note":"","_monsterinsights_sitenote_category":0,"footnotes":""},"class_list":["post-491","page","type-page","status-publish","hentry"],"aioseo_notices":[],"_links":{"self":[{"href":"https:\/\/www.leds2all.pt\/index.php?rest_route=\/wp\/v2\/pages\/491","targetHints":{"allow":["GET"]}}],"collection":[{"href":"https:\/\/www.leds2all.pt\/index.php?rest_route=\/wp\/v2\/pages"}],"about":[{"href":"https:\/\/www.leds2all.pt\/index.php?rest_route=\/wp\/v2\/types\/page"}],"author":[{"embeddable":true,"href":"https:\/\/www.leds2all.pt\/index.php?rest_route=\/wp\/v2\/users\/1"}],"replies":[{"embeddable":true,"href":"https:\/\/www.leds2all.pt\/index.php?rest_route=%2Fwp%2Fv2%2Fcomments&post=491"}],"version-history":[{"count":0,"href":"https:\/\/www.leds2all.pt\/index.php?rest_route=\/wp\/v2\/pages\/491\/revisions"}],"wp:attachment":[{"href":"https:\/\/www.leds2all.pt\/index.php?rest_route=%2Fwp%2Fv2%2Fmedia&parent=491"}],"curies":[{"name":"wp","href":"https:\/\/api.w.org\/{rel}","templated":true}]}}