{"id":8,"date":"2023-12-25T04:05:04","date_gmt":"2023-12-25T04:05:04","guid":{"rendered":"http:\/\/www.leds2all.pt\/?page_id=8"},"modified":"2023-12-25T04:05:04","modified_gmt":"2023-12-25T04:05:04","slug":"cart","status":"publish","type":"page","link":"https:\/\/www.leds2all.pt\/?page_id=8","title":{"rendered":"Cart"},"content":{"rendered":"<div data-block-name=\"woocommerce\/cart\" class=\"wp-block-woocommerce-cart alignwide is-loading\"><div data-block-name=\"woocommerce\/filled-cart-block\" class=\"wp-block-woocommerce-filled-cart-block\"><div data-block-name=\"woocommerce\/cart-items-block\" class=\"wp-block-woocommerce-cart-items-block\"><div data-block-name=\"woocommerce\/cart-line-items-block\" class=\"wp-block-woocommerce-cart-line-items-block\"><\/div>\n\n<div data-block-name=\"woocommerce\/cart-cross-sells-block\" class=\"wp-block-woocommerce-cart-cross-sells-block\"><h2 class=\"wp-block-heading has-large-font-size\">You may be interested in\u2026<\/h2>\n\n<div data-block-name=\"woocommerce\/cart-cross-sells-products-block\" class=\"wp-block-woocommerce-cart-cross-sells-products-block\"><\/div><\/div><\/div>\n\n<div data-block-name=\"woocommerce\/cart-totals-block\" class=\"wp-block-woocommerce-cart-totals-block\"><div data-block-name=\"woocommerce\/cart-order-summary-block\" class=\"wp-block-woocommerce-cart-order-summary-block\"><div data-block-name=\"woocommerce\/cart-order-summary-heading-block\" class=\"wp-block-woocommerce-cart-order-summary-heading-block\"><\/div><div data-block-name=\"woocommerce\/cart-order-summary-coupon-form-block\" class=\"wp-block-woocommerce-cart-order-summary-coupon-form-block\"><\/div><div data-block-name=\"woocommerce\/cart-order-summary-totals-block\" class=\"wp-block-woocommerce-cart-order-summary-totals-block\">\n<div data-block-name=\"woocommerce\/cart-order-summary-subtotal-block\" class=\"wp-block-woocommerce-cart-order-summary-subtotal-block\"><\/div>\n<div data-block-name=\"woocommerce\/cart-order-summary-discount-block\" class=\"wp-block-woocommerce-cart-order-summary-discount-block\"><\/div>\n<div data-block-name=\"woocommerce\/cart-order-summary-fee-block\" class=\"wp-block-woocommerce-cart-order-summary-fee-block\"><\/div>\n<div data-block-name=\"woocommerce\/cart-order-summary-shipping-block\" class=\"wp-block-woocommerce-cart-order-summary-shipping-block\"><\/div>\n<div data-block-name=\"woocommerce\/cart-order-summary-taxes-block\" class=\"wp-block-woocommerce-cart-order-summary-taxes-block\"><\/div><\/div><\/div>\n\n<div data-block-name=\"woocommerce\/cart-express-payment-block\" class=\"wp-block-woocommerce-cart-express-payment-block\"><\/div>\n\n<div data-block-name=\"woocommerce\/proceed-to-checkout-block\" class=\"wp-block-woocommerce-proceed-to-checkout-block\"><\/div>\n\n<div data-block-name=\"woocommerce\/cart-accepted-payment-methods-block\" class=\"wp-block-woocommerce-cart-accepted-payment-methods-block\"><\/div><\/div><\/div>\n\n<div data-block-name=\"woocommerce\/empty-cart-block\" class=\"wp-block-woocommerce-empty-cart-block\"><h2 class=\"wp-block-heading has-text-align-center with-empty-cart-icon wc-block-cart__empty-cart__title\">Your cart is currently empty!<\/h2>\n\n<hr class=\"wp-block-separator has-alpha-channel-opacity is-style-dots\"\/>\n\n<h2 class=\"wp-block-heading has-text-align-center\">New in store<\/h2>\n\n<div data-block-name=\"woocommerce\/product-new\" data-columns=\"4\" data-rows=\"1\" class=\"wc-block-grid wp-block-product-new wp-block-woocommerce-product-new wc-block-product-new has-4-columns\"><ul class=\"wc-block-grid__products\"><li class=\"wc-block-grid__product\">\n\t\t\t\t<a href=\"https:\/\/www.leds2all.pt\/?product=oscal-powermax-6000-central-electrica-portatil-de-3600-wh-ampliable-hasta-576-kwh-tomas-ca-120-v-240-v-6000-w-pico-7200-w-generador-solar-para-uso-domestico\" class=\"wc-block-grid__product-link\">\n\t\t\t\t\t\n\t\t\t\t\t<div class=\"wc-block-grid__product-image\"><img loading=\"lazy\" decoding=\"async\" width=\"300\" height=\"300\" src=\"https:\/\/www.leds2all.pt\/wp-content\/uploads\/imported\/OSCAL-PowerMax-6000-Central-electrica-portatil-de-3600-Wh-ampliable-hasta-576-kWh-tomas-CA-120-V240-V-6000-W-p-B0FJF7YYXR.jpg\" class=\"attachment-woocommerce_thumbnail size-woocommerce_thumbnail\" alt=\"OSCAL PowerMax 6000 - Central el\u00e9ctrica port\u00e1til de 3600 Wh\" \/><\/div>\n\t\t\t\t\t<div class=\"wc-block-grid__product-title\">OSCAL PowerMax 6000 &#8211; Central el\u00e9ctrica port\u00e1til de 3600 Wh<\/div>\n\t\t\t\t<\/a>\n\t\t\t\t<div class=\"wc-block-grid__product-price price\"><span class=\"woocommerce-Price-amount amount\"><span class=\"woocommerce-Price-currencySymbol\">&euro;<\/span>1.850,00<\/span><\/div>\n\t\t\t\t\n\t\t\t\t<div class=\"wp-block-button wc-block-grid__product-add-to-cart\"><a href=\"?add-to-cart=16081\" aria-label=\"Adicione ao cart\u00e3o: \u201cOSCAL PowerMax 6000 - Central el\u00e9ctrica port\u00e1til de 3600 Wh\u201d\" data-quantity=\"1\" data-product_id=\"16081\" data-product_sku=\"\" data-price=\"1850\" rel=\"nofollow\" class=\"wp-block-button__link  add_to_cart_button ajax_add_to_cart\">Adicionar ao carrinho<\/a><\/div>\n\t\t\t<\/li><li class=\"wc-block-grid__product\">\n\t\t\t\t<a href=\"https:\/\/www.leds2all.pt\/?product=oscal-powermax-6000w-generador-solar-portatil-con-panel-400w-3600wh-lfp-bateria-ampliable-hasta-57-6kwh-carga-rapida-1-2h-14-puertos-estacion-de-energia-para-hogar-emergencia-camping-caravana\" class=\"wc-block-grid__product-link\">\n\t\t\t\t\t\n\t\t\t\t\t<div class=\"wc-block-grid__product-image\"><img loading=\"lazy\" decoding=\"async\" width=\"300\" height=\"289\" src=\"https:\/\/www.leds2all.pt\/wp-content\/uploads\/imported\/OSCAL-PowerMax-6000W-Generador-Solar-Portatil-con-Panel-400W-3600Wh-LFP-Bateria-Ampliable-hasta-576kWh-Carga-Rapid-B0G5XZ56R8.jpg\" class=\"attachment-woocommerce_thumbnail size-woocommerce_thumbnail\" alt=\"OSCAL PowerMax 6000W Generador Solar Portatil con Panel 400W, 3600Wh LFP Bater\u00eda, Ampliable hasta 57.6kWh, Carga R\u00e1pida 1.2h, 14 Puertos, Estaci\u00f3n de Energ\u00eda para Hogar Emergencia, Camping, Caravana\" \/><\/div>\n\t\t\t\t\t<div class=\"wc-block-grid__product-title\">OSCAL PowerMax 6000W Generador Solar Portatil con Panel 400W, 3600Wh LFP Bater\u00eda, Ampliable hasta 57.6kWh, Carga R\u00e1pida 1.2h, 14 Puertos, Estaci\u00f3n de Energ\u00eda para Hogar Emergencia, Camping, Caravana<\/div>\n\t\t\t\t<\/a>\n\t\t\t\t<div class=\"wc-block-grid__product-price price\"><span class=\"woocommerce-Price-amount amount\"><span class=\"woocommerce-Price-currencySymbol\">&euro;<\/span>2.300,00<\/span><\/div>\n\t\t\t\t\n\t\t\t\t<div class=\"wp-block-button wc-block-grid__product-add-to-cart\"><a href=\"https:\/\/www.leds2all.pt\/?product=oscal-powermax-6000w-generador-solar-portatil-con-panel-400w-3600wh-lfp-bateria-ampliable-hasta-57-6kwh-carga-rapida-1-2h-14-puertos-estacion-de-energia-para-hogar-emergencia-camping-caravana\" aria-label=\"Ler mais sobre &ldquo;OSCAL PowerMax 6000W Generador Solar Portatil con Panel 400W, 3600Wh LFP Bater\u00eda, Ampliable hasta 57.6kWh, Carga R\u00e1pida 1.2h, 14 Puertos, Estaci\u00f3n de Energ\u00eda para Hogar Emergencia, Camping, Caravana&rdquo;\" data-quantity=\"1\" data-product_id=\"16072\" data-product_sku=\"B0G5XZ56R8\" data-price=\"2300\" rel=\"nofollow\" class=\"wp-block-button__link  add_to_cart_button\">Ler mais<\/a><\/div>\n\t\t\t<\/li><li class=\"wc-block-grid__product\">\n\t\t\t\t<a href=\"https:\/\/www.leds2all.pt\/?product=oscal-powermax-3600-generador-electrico-solar-portatil-3600-w-ampliable-hasta-576-kwhestacion-de-alimentacion-solar-de-3600-wh-con-4-tomas-ca-3600-w-emergencia-con-control-app-para-casa\" class=\"wc-block-grid__product-link\">\n\t\t\t\t\t\n\t\t\t\t\t<div class=\"wc-block-grid__product-image\"><img loading=\"lazy\" decoding=\"async\" width=\"300\" height=\"300\" src=\"https:\/\/www.leds2all.pt\/wp-content\/uploads\/imported\/OSCAL-PowerMax-3600-Generador-electrico-solar-portatil-3600-W-ampliable-hasta-576-kWhestacion-de-alimentacion-sol-B0FJFDGN2N.jpg\" class=\"attachment-woocommerce_thumbnail size-woocommerce_thumbnail\" alt=\"OSCAL PowerMax 3600 Generador el\u00e9ctrico solar port\u00e1til 3600 W, ampliable hasta 57,6 kWh,estaci\u00f3n de alimentaci\u00f3n solar de 3600 Wh con 4 tomas CA 3600 W, emergencia con control APP para casa\" \/><\/div>\n\t\t\t\t\t<div class=\"wc-block-grid__product-title\">OSCAL PowerMax 3600 Generador el\u00e9ctrico solar port\u00e1til 3600 W, ampliable hasta 57,6 kWh,estaci\u00f3n de alimentaci\u00f3n solar de 3600 Wh con 4 tomas CA 3600 W, emergencia con control APP para casa<\/div>\n\t\t\t\t<\/a>\n\t\t\t\t<div class=\"wc-block-grid__product-price price\"><span class=\"woocommerce-Price-amount amount\"><span class=\"woocommerce-Price-currencySymbol\">&euro;<\/span>1.829,99<\/span><\/div>\n\t\t\t\t\n\t\t\t\t<div class=\"wp-block-button wc-block-grid__product-add-to-cart\"><a href=\"https:\/\/www.leds2all.pt\/?product=oscal-powermax-3600-generador-electrico-solar-portatil-3600-w-ampliable-hasta-576-kwhestacion-de-alimentacion-solar-de-3600-wh-con-4-tomas-ca-3600-w-emergencia-con-control-app-para-casa\" aria-label=\"Ler mais sobre &ldquo;OSCAL PowerMax 3600 Generador el\u00e9ctrico solar port\u00e1til 3600 W, ampliable hasta 57,6 kWh,estaci\u00f3n de alimentaci\u00f3n solar de 3600 Wh con 4 tomas CA 3600 W, emergencia con control APP para casa&rdquo;\" data-quantity=\"1\" data-product_id=\"16063\" data-product_sku=\"B0FJFDGN2N\" data-price=\"1829.99\" rel=\"nofollow\" class=\"wp-block-button__link  add_to_cart_button\">Ler mais<\/a><\/div>\n\t\t\t<\/li><li class=\"wc-block-grid__product\">\n\t\t\t\t<a href=\"https:\/\/www.leds2all.pt\/?product=hibrew-h1b-maquina-de-cafe-6-en-1-programable-de-espresso-caliente-frio-temperatura-y-volumen-de-taza-ajustables\" class=\"wc-block-grid__product-link\">\n\t\t\t\t\t\n\t\t\t\t\t<div class=\"wc-block-grid__product-image\"><img loading=\"lazy\" decoding=\"async\" width=\"300\" height=\"300\" src=\"https:\/\/www.leds2all.pt\/wp-content\/uploads\/imported\/HIBREW-H1B-Maquina-de-cafe-6-en-1-programable-de-espresso-calientefrio-temperatura-y-volumen-de-taza-ajustables-B0CS6M9PP9.jpg\" class=\"attachment-woocommerce_thumbnail size-woocommerce_thumbnail\" alt=\"HIBREW H1B M\u00e1quina de caf\u00e9 6 em 1 program\u00e1vel, expresso quente\/frio\" \/><\/div>\n\t\t\t\t\t<div class=\"wc-block-grid__product-title\">HIBREW H1B M\u00e1quina de caf\u00e9 6 em 1 program\u00e1vel, expresso quente\/frio<\/div>\n\t\t\t\t<\/a>\n\t\t\t\t<div class=\"wc-block-grid__product-price price\"><span class=\"woocommerce-Price-amount amount\"><span class=\"woocommerce-Price-currencySymbol\">&euro;<\/span>110,00<\/span><\/div>\n\t\t\t\t\n\t\t\t\t<div class=\"wp-block-button wc-block-grid__product-add-to-cart\"><a href=\"https:\/\/www.leds2all.pt\/?product=hibrew-h1b-maquina-de-cafe-6-en-1-programable-de-espresso-caliente-frio-temperatura-y-volumen-de-taza-ajustables\" aria-label=\"Seleccione as op\u00e7\u00f5es para &ldquo;HIBREW H1B M\u00e1quina de caf\u00e9 6 em 1 program\u00e1vel, expresso quente\/frio&rdquo;\" data-quantity=\"1\" data-product_id=\"16013\" data-product_sku=\"B0CS6M9PP9\" data-price=\"110\" rel=\"nofollow\" class=\"wp-block-button__link  add_to_cart_button\">Ver op\u00e7\u00f5es<\/a><\/div>\n\t\t\t<\/li><\/ul><\/div><\/div><\/div>","protected":false},"excerpt":{"rendered":"You may be interested in\u2026 Your cart is currently empty! New in store","protected":false},"author":1,"featured_media":0,"parent":0,"menu_order":0,"comment_status":"closed","ping_status":"closed","template":"","meta":{"_monsterinsights_skip_tracking":false,"_monsterinsights_sitenote_active":false,"_monsterinsights_sitenote_note":"","_monsterinsights_sitenote_category":0,"footnotes":""},"class_list":["post-8","page","type-page","status-publish","hentry"],"aioseo_notices":[],"_links":{"self":[{"href":"https:\/\/www.leds2all.pt\/index.php?rest_route=\/wp\/v2\/pages\/8","targetHints":{"allow":["GET"]}}],"collection":[{"href":"https:\/\/www.leds2all.pt\/index.php?rest_route=\/wp\/v2\/pages"}],"about":[{"href":"https:\/\/www.leds2all.pt\/index.php?rest_route=\/wp\/v2\/types\/page"}],"author":[{"embeddable":true,"href":"https:\/\/www.leds2all.pt\/index.php?rest_route=\/wp\/v2\/users\/1"}],"replies":[{"embeddable":true,"href":"https:\/\/www.leds2all.pt\/index.php?rest_route=%2Fwp%2Fv2%2Fcomments&post=8"}],"version-history":[{"count":0,"href":"https:\/\/www.leds2all.pt\/index.php?rest_route=\/wp\/v2\/pages\/8\/revisions"}],"wp:attachment":[{"href":"https:\/\/www.leds2all.pt\/index.php?rest_route=%2Fwp%2Fv2%2Fmedia&parent=8"}],"curies":[{"name":"wp","href":"https:\/\/api.w.org\/{rel}","templated":true}]}}