{"id":9002,"date":"2019-11-16T05:25:44","date_gmt":"2019-11-15T22:25:44","guid":{"rendered":"https:\/\/www.leds2all.pt\/?page_id=9002"},"modified":"2024-02-24T19:15:20","modified_gmt":"2024-02-24T19:15:20","slug":"politica-de-privacidade-2","status":"publish","type":"page","link":"https:\/\/www.leds2all.pt\/?page_id=9002","title":{"rendered":"Pol\u00edtica de Privacidade"},"content":{"rendered":"<h1>Pol\u00edtica de Privacidade do\u00a0<strong>www.leds2all.pt<\/strong><\/h1>\n<p><span class=\"\"><strong>Pol\u00edtica de Privacidade da Leds2All<\/strong><\/span><\/p>\n<p><span class=\"\"><strong>1. Introdu\u00e7\u00e3o<\/strong><\/span><span class=\"\"><br \/>\n<\/span><span class=\"\">Na Leds2All, a privacidade e a seguran\u00e7a dos nossos clientes s\u00e3o prioridades. Estamos comprometidos com a transpar\u00eancia no tratamento de dados pessoais dos nossos utilizadores. Por isso, esta Pol\u00edtica de Privacidade estabelece como \u00e9 feita a coleta, uso, armazenamento e partilha de dados pessoais dos utilizadores do nosso site.<\/span><\/p>\n<p><span class=\"\"><strong>2. Coleta de Dados Pessoais<\/strong><\/span><span class=\"\"><br \/>\n<\/span><span class=\"\">Coletamos informa\u00e7\u00f5es pessoais que s\u00e3o fornecidas pelo utilizador ao realizar uma compra, cadastrar-se em nosso site ou interagir de qualquer outra forma connosco. Isso pode incluir, mas n\u00e3o se limita a, nome, endere\u00e7o de e-mail, endere\u00e7o residencial, n\u00famero de contacto e detalhes de pagamento.<\/span><\/p>\n<p><span class=\"\"><strong>3. Uso dos Dados<\/strong><\/span><span class=\"\"><br \/>\n<\/span><span class=\"\">Utilizamos os dados pessoais coletados para processar pedidos, comunicar com os clientes sobre pedidos, produtos, servi\u00e7os e ofertas promocionais, manter e atualizar nossos registos e, se o utilizador concordar, para enviar informa\u00e7\u00f5es sobre outros produtos e servi\u00e7os que acreditamos ser do interesse do utilizador.<\/span><\/p>\n<p><span class=\"\"><strong>4. Partilha de Dados<\/strong><\/span><span class=\"\"><br \/>\n<\/span><span class=\"\">Podemos partilhar dados pessoais com terceiros para fins de processamento de pagamentos, entrega de produtos, an\u00e1lise de dados, marketing e outros servi\u00e7os de suporte. Sempre que isso ocorrer, exigiremos que esses terceiros protejam as informa\u00e7\u00f5es dos nossos clientes e n\u00e3o as utilizem para outros fins.<\/span><\/p>\n<p><span class=\"\"><strong>5. Seguran\u00e7a dos Dados<\/strong><\/span><span class=\"\"><br \/>\n<\/span><span class=\"\">Empregamos medidas de seguran\u00e7a para proteger os dados pessoais contra acesso n\u00e3o autorizado e contra altera\u00e7\u00f5es, divulga\u00e7\u00e3o ou destrui\u00e7\u00e3o ilegais.<\/span><\/p>\n<p><span class=\"\"><strong>6. Direitos dos Utilizadores<\/strong><\/span><span class=\"\"><br \/>\n<\/span><span class=\"\">Os utilizadores t\u00eam o direito de aceder, corrigir, atualizar ou solicitar a elimina\u00e7\u00e3o dos seus dados pessoais a qualquer momento. Para exercer esses direitos, os utilizadores podem entrar em contacto connosco atrav\u00e9s dos canais de atendimento disponibilizados no nosso site.<\/span><\/p>\n<p><span class=\"\"><strong>7. Altera\u00e7\u00f5es na Pol\u00edtica de Privacidade<\/strong><\/span><span class=\"\"><br \/>\n<\/span><span class=\"\">Esta Pol\u00edtica de Privacidade pode ser atualizada periodicamente. Encorajamos os utilizadores a reverem nossa pol\u00edtica regularmente para se manterem informados sobre como estamos protegendo as informa\u00e7\u00f5es pessoais que coletamos.<\/span><\/p>\n<p><span class=\"\"><strong>8. Contacto<\/strong><\/span><span class=\"\"><br \/>\n<\/span><span class=\"\">Para quaisquer quest\u00f5es relacionadas \u00e0 nossa Pol\u00edtica de Privacidade, os utilizadores podem entrar em contacto connosco atrav\u00e9s do e-mail: [inserir e-mail de contacto].<\/span>\u00a0<span class=\"\">Este modelo \u00e9 um ponto de partida e deve ser personalizado para refletir as pr\u00e1ticas espec\u00edficas de coleta e tratamento de dados da Leds2All. \u00c9 importante consultar um advogado especializado em prote\u00e7\u00e3o de dados para garantir que a pol\u00edtica esteja em conformidade com todas as leis aplic\u00e1veis.<\/span><\/p>\n","protected":false},"excerpt":{"rendered":"<p>Pol\u00edtica de Privacidade do\u00a0www.leds2all.pt Pol\u00edtica de Privacidade da Leds2All 1. Introdu\u00e7\u00e3o Na Leds2All, a privacidade e a seguran\u00e7a dos nossos clientes s\u00e3o prioridades. Estamos comprometidos com a transpar\u00eancia no tratamento de dados pessoais dos nossos utilizadores. Por isso, esta Pol\u00edtica de Privacidade estabelece como \u00e9 feita a coleta, uso, armazenamento e partilha de dados pessoais [&hellip;]<\/p>\n","protected":false},"author":1,"featured_media":0,"parent":0,"menu_order":0,"comment_status":"closed","ping_status":"closed","template":"","meta":{"_monsterinsights_skip_tracking":false,"_monsterinsights_sitenote_active":false,"_monsterinsights_sitenote_note":"","_monsterinsights_sitenote_category":0,"footnotes":""},"class_list":["post-9002","page","type-page","status-publish","hentry"],"aioseo_notices":[],"_links":{"self":[{"href":"https:\/\/www.leds2all.pt\/index.php?rest_route=\/wp\/v2\/pages\/9002","targetHints":{"allow":["GET"]}}],"collection":[{"href":"https:\/\/www.leds2all.pt\/index.php?rest_route=\/wp\/v2\/pages"}],"about":[{"href":"https:\/\/www.leds2all.pt\/index.php?rest_route=\/wp\/v2\/types\/page"}],"author":[{"embeddable":true,"href":"https:\/\/www.leds2all.pt\/index.php?rest_route=\/wp\/v2\/users\/1"}],"replies":[{"embeddable":true,"href":"https:\/\/www.leds2all.pt\/index.php?rest_route=%2Fwp%2Fv2%2Fcomments&post=9002"}],"version-history":[{"count":1,"href":"https:\/\/www.leds2all.pt\/index.php?rest_route=\/wp\/v2\/pages\/9002\/revisions"}],"predecessor-version":[{"id":13773,"href":"https:\/\/www.leds2all.pt\/index.php?rest_route=\/wp\/v2\/pages\/9002\/revisions\/13773"}],"wp:attachment":[{"href":"https:\/\/www.leds2all.pt\/index.php?rest_route=%2Fwp%2Fv2%2Fmedia&parent=9002"}],"curies":[{"name":"wp","href":"https:\/\/api.w.org\/{rel}","templated":true}]}}