{"id":10040,"date":"2020-08-06T12:14:57","date_gmt":"2020-08-06T12:14:57","guid":{"rendered":"https:\/\/www.leds2all.pt\/?post_type=product&#038;p=10040"},"modified":"2024-06-16T21:48:01","modified_gmt":"2024-06-16T21:48:01","slug":"kit-lampadas-led-h1-2","status":"publish","type":"product","link":"https:\/\/www.leds2all.pt\/?product=kit-lampadas-led-h1-2","title":{"rendered":"Kit lampadas LED H1"},"content":{"rendered":"<p>Socket H1<\/p>\n<p><span data-spm-anchor-id=\"a2g0o.detail.1000023.i0.68d6343ba2chxP\">Fonte: LED COB<\/span><\/p>\n<p>Temperatura de cor 6000 k<\/p>\n<p data-spm-anchor-id=\"a2g0o.detail.1000023.i1.68d6343ba2chxP\">Pot\u00eancia: 72 W \/ par<\/p>\n<p data-spm-anchor-id=\"a2g0o.detail.1000023.i1.68d6343ba2chxP\">Lumens: 8000lm \/ par<\/p>\n<p>Tens\u00e3o: 12-24 v<\/p>\n<p>Vida:&gt; 30000 horas<\/p>\n<p>Classifica\u00e7\u00e3o \u00e0 prova d&#8217; \u00e1gua: IP67<\/p>\n<p>Material: alum\u00ednio<\/p>\n<p><strong>Pacote Inclui:<br \/>\n<\/strong><\/p>\n<p>2 lampadas<\/p>\n","protected":false},"excerpt":{"rendered":"<p>Socket H1 Fonte: LED COB Temperatura de cor 6000 k Pot\u00eancia: 72 W \/ par Lumens: 8000lm \/ par Tens\u00e3o: 12-24 v Vida:&gt; 30000 horas Classifica\u00e7\u00e3o \u00e0 prova d&#8217; \u00e1gua: IP67 Material: alum\u00ednio Pacote Inclui: 2 lampadas<\/p>\n","protected":false},"featured_media":10041,"comment_status":"open","ping_status":"closed","template":"","meta":{"_monsterinsights_skip_tracking":false,"_monsterinsights_sitenote_active":false,"_monsterinsights_sitenote_note":"","_monsterinsights_sitenote_category":0},"product_brand":[],"product_cat":[509],"product_tag":[443],"class_list":{"0":"post-10040","1":"product","2":"type-product","3":"status-publish","4":"has-post-thumbnail","6":"product_cat-h1","7":"product_tag-h1","9":"first","10":"instock","11":"shipping-taxable","12":"purchasable","13":"product-type-simple"},"aioseo_notices":[],"_links":{"self":[{"href":"https:\/\/www.leds2all.pt\/index.php?rest_route=\/wp\/v2\/product\/10040","targetHints":{"allow":["GET"]}}],"collection":[{"href":"https:\/\/www.leds2all.pt\/index.php?rest_route=\/wp\/v2\/product"}],"about":[{"href":"https:\/\/www.leds2all.pt\/index.php?rest_route=\/wp\/v2\/types\/product"}],"replies":[{"embeddable":true,"href":"https:\/\/www.leds2all.pt\/index.php?rest_route=%2Fwp%2Fv2%2Fcomments&post=10040"}],"wp:featuredmedia":[{"embeddable":true,"href":"https:\/\/www.leds2all.pt\/index.php?rest_route=\/wp\/v2\/media\/10041"}],"wp:attachment":[{"href":"https:\/\/www.leds2all.pt\/index.php?rest_route=%2Fwp%2Fv2%2Fmedia&parent=10040"}],"wp:term":[{"taxonomy":"product_brand","embeddable":true,"href":"https:\/\/www.leds2all.pt\/index.php?rest_route=%2Fwp%2Fv2%2Fproduct_brand&post=10040"},{"taxonomy":"product_cat","embeddable":true,"href":"https:\/\/www.leds2all.pt\/index.php?rest_route=%2Fwp%2Fv2%2Fproduct_cat&post=10040"},{"taxonomy":"product_tag","embeddable":true,"href":"https:\/\/www.leds2all.pt\/index.php?rest_route=%2Fwp%2Fv2%2Fproduct_tag&post=10040"}],"curies":[{"name":"wp","href":"https:\/\/api.w.org\/{rel}","templated":true}]}}