{"id":10056,"date":"2020-08-09T18:44:30","date_gmt":"2020-08-09T18:44:30","guid":{"rendered":"https:\/\/www.leds2all.pt\/?post_type=product&#038;p=10056"},"modified":"2023-10-11T20:45:54","modified_gmt":"2023-10-11T20:45:54","slug":"sensor-de-movimento-infravermelho","status":"publish","type":"product","link":"https:\/\/www.leds2all.pt\/?product=sensor-de-movimento-infravermelho","title":{"rendered":"Sensor de movimento infravermelho"},"content":{"rendered":"<table class=\"c-product-table\">\n<tbody class=\"c-product-table__tbody\">\n<tr class=\"row c-product-table__row\">\n<td class=\"c-product-table__cell\">Dist\u00e2ncia de Detec\u00e7\u00e3o:<\/td>\n<td class=\"c-product-table__cell c-product-table__cell--value\">12 m<\/td>\n<\/tr>\n<tr class=\"row c-product-table__row\">\n<td class=\"c-product-table__cell\">Alimenta\u00e7\u00e3o:<\/td>\n<td class=\"c-product-table__cell c-product-table__cell--value\">220-240V AC<\/td>\n<\/tr>\n<tr class=\"row c-product-table__row\">\n<td class=\"c-product-table__cell\">Frequ\u00eancia:<\/td>\n<td class=\"c-product-table__cell c-product-table__cell--value\">50-60 Hz<\/td>\n<\/tr>\n<tr class=\"row c-product-table__row\">\n<td class=\"c-product-table__cell\">\u00c1ngulo de Abertura:<\/td>\n<td class=\"c-product-table__cell c-product-table__cell--value\">180\u00ba<\/td>\n<\/tr>\n<tr class=\"row c-product-table__row\">\n<td class=\"c-product-table__cell\">Uso:<\/td>\n<td class=\"c-product-table__cell c-product-table__cell--value\">Interior<\/td>\n<\/tr>\n<tr class=\"row c-product-table__row\">\n<td class=\"c-product-table__cell\">Prote\u00e7\u00e3o IP:<\/td>\n<td class=\"c-product-table__cell c-product-table__cell--value\">IP44<\/td>\n<\/tr>\n<tr class=\"row c-product-table__row\">\n<td class=\"c-product-table__cell\">Material:<\/td>\n<td class=\"c-product-table__cell c-product-table__cell--value\">PC Inifugo<\/td>\n<\/tr>\n<tr class=\"row c-product-table__row\">\n<td class=\"c-product-table__cell\">Instala\u00e7\u00e3o:<\/td>\n<td class=\"c-product-table__cell c-product-table__cell--value\">Superficie<\/td>\n<\/tr>\n<tr class=\"row c-product-table__row\">\n<td class=\"c-product-table__cell\">Dimens\u00f5es:<\/td>\n<td class=\"c-product-table__cell c-product-table__cell--value\">95x60x85 mm<\/td>\n<\/tr>\n<tr class=\"row c-product-table__row\">\n<td class=\"c-product-table__cell\">Altura:<\/td>\n<td class=\"c-product-table__cell c-product-table__cell--value\">95 mm<\/td>\n<\/tr>\n<tr class=\"row c-product-table__row\">\n<td class=\"c-product-table__cell\">Largura:<\/td>\n<td class=\"c-product-table__cell c-product-table__cell--value\">60 mm<\/td>\n<\/tr>\n<tr class=\"row c-product-table__row\">\n<td class=\"c-product-table__cell\">Comprimento:<\/td>\n<td class=\"c-product-table__cell c-product-table__cell--value\">85 mm<\/td>\n<\/tr>\n<tr class=\"row c-product-table__row\">\n<td class=\"c-product-table__cell\">Peso:<\/td>\n<td class=\"c-product-table__cell c-product-table__cell--value\">0.12 kg<\/td>\n<\/tr>\n<tr class=\"row c-product-table__row\">\n<td class=\"c-product-table__cell\">Detector de Movimento:<\/td>\n<td class=\"c-product-table__cell c-product-table__cell--value\">PIR<\/td>\n<\/tr>\n<tr class=\"row c-product-table__row\">\n<td class=\"c-product-table__cell\">T\u00aa Ambiente Trabalho:<\/td>\n<td class=\"c-product-table__cell c-product-table__cell--value\">-20\u00b0C ~ +40\u00b0C<\/td>\n<\/tr>\n<\/tbody>\n<\/table>\n","protected":false},"excerpt":{"rendered":"<p>Dist\u00e2ncia de Detec\u00e7\u00e3o: 12 m Alimenta\u00e7\u00e3o: 220-240V AC Frequ\u00eancia: 50-60 Hz \u00c1ngulo de Abertura: 180\u00ba Uso: Interior Prote\u00e7\u00e3o IP: IP44 Material: PC Inifugo Instala\u00e7\u00e3o: Superficie Dimens\u00f5es: 95x60x85 mm Altura: 95 mm Largura: 60 mm Comprimento: 85 mm Peso: 0.12 kg Detector de Movimento: PIR T\u00aa Ambiente Trabalho: -20\u00b0C ~ +40\u00b0C<\/p>\n","protected":false},"featured_media":10057,"comment_status":"open","ping_status":"closed","template":"","meta":{"_monsterinsights_skip_tracking":false,"_monsterinsights_sitenote_active":false,"_monsterinsights_sitenote_note":"","_monsterinsights_sitenote_category":0},"product_brand":[],"product_cat":[551],"product_tag":[574],"class_list":{"0":"post-10056","1":"product","2":"type-product","3":"status-publish","4":"has-post-thumbnail","6":"product_cat-material-electrico","7":"product_tag-sensor","9":"first","10":"instock","11":"shipping-taxable","12":"purchasable","13":"product-type-simple"},"aioseo_notices":[],"_links":{"self":[{"href":"https:\/\/www.leds2all.pt\/index.php?rest_route=\/wp\/v2\/product\/10056","targetHints":{"allow":["GET"]}}],"collection":[{"href":"https:\/\/www.leds2all.pt\/index.php?rest_route=\/wp\/v2\/product"}],"about":[{"href":"https:\/\/www.leds2all.pt\/index.php?rest_route=\/wp\/v2\/types\/product"}],"replies":[{"embeddable":true,"href":"https:\/\/www.leds2all.pt\/index.php?rest_route=%2Fwp%2Fv2%2Fcomments&post=10056"}],"wp:featuredmedia":[{"embeddable":true,"href":"https:\/\/www.leds2all.pt\/index.php?rest_route=\/wp\/v2\/media\/10057"}],"wp:attachment":[{"href":"https:\/\/www.leds2all.pt\/index.php?rest_route=%2Fwp%2Fv2%2Fmedia&parent=10056"}],"wp:term":[{"taxonomy":"product_brand","embeddable":true,"href":"https:\/\/www.leds2all.pt\/index.php?rest_route=%2Fwp%2Fv2%2Fproduct_brand&post=10056"},{"taxonomy":"product_cat","embeddable":true,"href":"https:\/\/www.leds2all.pt\/index.php?rest_route=%2Fwp%2Fv2%2Fproduct_cat&post=10056"},{"taxonomy":"product_tag","embeddable":true,"href":"https:\/\/www.leds2all.pt\/index.php?rest_route=%2Fwp%2Fv2%2Fproduct_tag&post=10056"}],"curies":[{"name":"wp","href":"https:\/\/api.w.org\/{rel}","templated":true}]}}