{"id":10142,"date":"2020-08-31T12:19:51","date_gmt":"2020-08-31T12:19:51","guid":{"rendered":"https:\/\/www.leds2all.pt\/?post_type=product&#038;p=10142"},"modified":"2022-03-12T19:48:50","modified_gmt":"2022-03-12T19:48:50","slug":"painel-de-led-quadrado-235-x-235cm-20w-6000k","status":"publish","type":"product","link":"https:\/\/www.leds2all.pt\/?product=painel-de-led-quadrado-235-x-235cm-20w-6000k","title":{"rendered":"Painel de LED Quadrado (23.5 x 23.5cm); 20W 6000K"},"content":{"rendered":"<p>&#8211; Tens\u00e3o: 230VAC \/ 50Hz<br \/>\n&#8211; Pot\u00eancia: 20W<br \/>\n&#8211; Fluxo luminoso: 1600Lm<br \/>\n&#8211; Temperatura da cor: 6000K (Branco Frio);<\/p>\n<p>Dimens\u00f5es de instala\u00e7\u00e3o: 215x215mm<br \/>\nDimens\u00f5es exteriores: 235x235mm<\/p>\n","protected":false},"excerpt":{"rendered":"<p>&#8211; Tens\u00e3o: 230VAC \/ 50Hz &#8211; Pot\u00eancia: 20W &#8211; Fluxo luminoso: 1600Lm &#8211; Temperatura da cor: 6000K (Branco Frio); Dimens\u00f5es de instala\u00e7\u00e3o: 215x215mm Dimens\u00f5es exteriores: 235x235mm<\/p>\n","protected":false},"featured_media":0,"comment_status":"open","ping_status":"closed","template":"","meta":{"_monsterinsights_skip_tracking":false,"_monsterinsights_sitenote_active":false,"_monsterinsights_sitenote_note":"","_monsterinsights_sitenote_category":0},"product_brand":[],"product_cat":[419,420],"product_tag":[395,339,421,422],"class_list":{"0":"post-10142","1":"product","2":"type-product","3":"status-publish","5":"product_cat-painel-led","6":"product_cat-painel-quadrado-embutir","7":"product_tag-20w","8":"product_tag-6000k","9":"product_tag-painel","10":"product_tag-quadrado","12":"first","13":"onbackorder","14":"shipping-taxable","15":"purchasable","16":"product-type-simple"},"aioseo_notices":[],"_links":{"self":[{"href":"https:\/\/www.leds2all.pt\/index.php?rest_route=\/wp\/v2\/product\/10142","targetHints":{"allow":["GET"]}}],"collection":[{"href":"https:\/\/www.leds2all.pt\/index.php?rest_route=\/wp\/v2\/product"}],"about":[{"href":"https:\/\/www.leds2all.pt\/index.php?rest_route=\/wp\/v2\/types\/product"}],"replies":[{"embeddable":true,"href":"https:\/\/www.leds2all.pt\/index.php?rest_route=%2Fwp%2Fv2%2Fcomments&post=10142"}],"wp:attachment":[{"href":"https:\/\/www.leds2all.pt\/index.php?rest_route=%2Fwp%2Fv2%2Fmedia&parent=10142"}],"wp:term":[{"taxonomy":"product_brand","embeddable":true,"href":"https:\/\/www.leds2all.pt\/index.php?rest_route=%2Fwp%2Fv2%2Fproduct_brand&post=10142"},{"taxonomy":"product_cat","embeddable":true,"href":"https:\/\/www.leds2all.pt\/index.php?rest_route=%2Fwp%2Fv2%2Fproduct_cat&post=10142"},{"taxonomy":"product_tag","embeddable":true,"href":"https:\/\/www.leds2all.pt\/index.php?rest_route=%2Fwp%2Fv2%2Fproduct_tag&post=10142"}],"curies":[{"name":"wp","href":"https:\/\/api.w.org\/{rel}","templated":true}]}}