{"id":10150,"date":"2020-09-04T13:06:30","date_gmt":"2020-09-04T13:06:30","guid":{"rendered":"https:\/\/www.leds2all.pt\/?post_type=product&#038;p=10150"},"modified":"2023-08-17T13:02:25","modified_gmt":"2023-08-17T13:02:25","slug":"placa-led-12v-24-leds-com-adaptadores","status":"publish","type":"product","link":"https:\/\/www.leds2all.pt\/?product=placa-led-12v-24-leds-com-adaptadores","title":{"rendered":"Placa LED 12v 24 leds com adaptadores"},"content":{"rendered":"<ul class=\"a-unordered-list a-vertical a-spacing-mini\">\n<li><span class=\"a-list-item\">Placa de LED 5630 SMD (24 LEDs);, circuito integrado para entrada de tens\u00e3o de 12V. Tamanho: Comprimento: 40 mm (1,56 &#8220;); * Largura: 30 mm (1,71&#8221;);.\u00a0<\/span><\/li>\n<li><span class=\"a-list-item\">Mais brilhante do que as l\u00e2mpadas hal\u00f3genas originais com temperatura de cor de 6500K e fluxo luminoso de 600Lums. Vida longa de at\u00e9 60.000 horas.<\/span><\/li>\n<li><span class=\"a-list-item\">Vem com dois tipos de base: Adaptador Festoon com Mola Estic\u00e1vel (31-42mm, 1,25 &#8220;-1,62&#8221;); e Adaptador T10 Padr\u00e3o. Com adesivo dupla-face nas costas, pode ser colado em qualquer lugar.\u00a0F\u00e1cil de instalar, simples de instalar, basta conectar e jogar.<\/span><\/li>\n<li><span class=\"a-list-item\">Usado para l\u00e2mpadas dome \/ l\u00e2mpadas de mapa \/ luzes de matr\u00edculas (luz de matr\u00edcula); \/ l\u00e2mpadas de marca\u00e7\u00e3o lateral (luzes de canto); \/ l\u00e2mpadas traseiras (l\u00e2mpadas traseiras); \/ l\u00e2mpadas traseiras \/ l\u00e2mpadas de cortesia \/ porta-malas ou luz de carga L\u00e2mpadas em carro, caminh\u00e3o, SUV, motocicleta, scooter, trailer, RV, barco, marinha, etc.<\/span><\/li>\n<li><span class=\"a-list-item\">A l\u00e2mpada \u00e9 LED padr\u00e3o \/ normal, sem fun\u00e7\u00e3o CanBus.\u00a0N\u00e3o funciona nos novos carros europeus e luxo de alta qualidade com sistema de fia\u00e7\u00e3o OBC.\u00a0O computador de bordo ir\u00e1 rejeit\u00e1-los ou ir\u00e1 causar erro, aviso ou oscila\u00e7\u00e3o!<\/span><\/li>\n<\/ul>\n","protected":false},"excerpt":{"rendered":"<p>Placa de LED 5630 SMD (24 LEDs);, circuito integrado para entrada de tens\u00e3o de 12V. Tamanho: Comprimento: 40 mm (1,56 &#8220;); * Largura: 30 mm (1,71&#8221;);.\u00a0 Mais brilhante do que as l\u00e2mpadas hal\u00f3genas originais com temperatura de cor de 6500K e fluxo luminoso de 600Lums. Vida longa de at\u00e9 60.000 horas. Vem com dois tipos [&hellip;]<\/p>\n","protected":false},"featured_media":10151,"comment_status":"open","ping_status":"closed","template":"","meta":{"_monsterinsights_skip_tracking":false,"_monsterinsights_sitenote_active":false,"_monsterinsights_sitenote_note":"","_monsterinsights_sitenote_category":0},"product_brand":[],"product_cat":[462],"product_tag":[280,576],"class_list":{"0":"post-10150","1":"product","2":"type-product","3":"status-publish","4":"has-post-thumbnail","6":"product_cat-outros","7":"product_tag-led","8":"product_tag-placa","10":"first","11":"instock","12":"shipping-taxable","13":"purchasable","14":"product-type-simple"},"aioseo_notices":[],"_links":{"self":[{"href":"https:\/\/www.leds2all.pt\/index.php?rest_route=\/wp\/v2\/product\/10150","targetHints":{"allow":["GET"]}}],"collection":[{"href":"https:\/\/www.leds2all.pt\/index.php?rest_route=\/wp\/v2\/product"}],"about":[{"href":"https:\/\/www.leds2all.pt\/index.php?rest_route=\/wp\/v2\/types\/product"}],"replies":[{"embeddable":true,"href":"https:\/\/www.leds2all.pt\/index.php?rest_route=%2Fwp%2Fv2%2Fcomments&post=10150"}],"wp:featuredmedia":[{"embeddable":true,"href":"https:\/\/www.leds2all.pt\/index.php?rest_route=\/wp\/v2\/media\/10151"}],"wp:attachment":[{"href":"https:\/\/www.leds2all.pt\/index.php?rest_route=%2Fwp%2Fv2%2Fmedia&parent=10150"}],"wp:term":[{"taxonomy":"product_brand","embeddable":true,"href":"https:\/\/www.leds2all.pt\/index.php?rest_route=%2Fwp%2Fv2%2Fproduct_brand&post=10150"},{"taxonomy":"product_cat","embeddable":true,"href":"https:\/\/www.leds2all.pt\/index.php?rest_route=%2Fwp%2Fv2%2Fproduct_cat&post=10150"},{"taxonomy":"product_tag","embeddable":true,"href":"https:\/\/www.leds2all.pt\/index.php?rest_route=%2Fwp%2Fv2%2Fproduct_tag&post=10150"}],"curies":[{"name":"wp","href":"https:\/\/api.w.org\/{rel}","templated":true}]}}