{"id":10176,"date":"2020-09-21T12:58:10","date_gmt":"2020-09-21T12:58:10","guid":{"rendered":"https:\/\/www.leds2all.pt\/?post_type=product&#038;p=10176"},"modified":"2023-08-01T13:19:28","modified_gmt":"2023-08-01T13:19:28","slug":"tomada-tipo-f-schuko-ip54","status":"publish","type":"product","link":"https:\/\/www.leds2all.pt\/?product=tomada-tipo-f-schuko-ip54","title":{"rendered":"Tomada Tipo F Schuko IP54"},"content":{"rendered":"<table class=\"c-product-table\">\n<tbody class=\"c-product-table__tbody\">\n<tr class=\"row c-product-table__row\">\n<td class=\"c-product-table__cell\">Alimenta\u00e7\u00e3o:<\/td>\n<td class=\"c-product-table__cell c-product-table__cell--value\">220-240V AC<\/td>\n<\/tr>\n<tr class=\"row c-product-table__row\">\n<td class=\"c-product-table__cell\">Multivoltagem:<\/td>\n<td class=\"c-product-table__cell c-product-table__cell--value\">100-240V AC<\/td>\n<\/tr>\n<tr class=\"row c-product-table__row\">\n<td class=\"c-product-table__cell\">Intensidade:<\/td>\n<td class=\"c-product-table__cell c-product-table__cell--value\">10A<\/td>\n<\/tr>\n<tr class=\"row c-product-table__row\">\n<td class=\"c-product-table__cell\">Frequ\u00eancia:<\/td>\n<td class=\"c-product-table__cell c-product-table__cell--value\">50-60 Hz<\/td>\n<\/tr>\n<tr class=\"row c-product-table__row\">\n<td class=\"c-product-table__cell\">Prote\u00e7\u00e3o IP:<\/td>\n<td class=\"c-product-table__cell c-product-table__cell--value\">IP54<\/td>\n<\/tr>\n<tr class=\"row c-product-table__row\">\n<td class=\"c-product-table__cell\">Instala\u00e7\u00e3o:<\/td>\n<td class=\"c-product-table__cell c-product-table__cell--value\">Superficie<\/td>\n<\/tr>\n<\/tbody>\n<\/table>\n","protected":false},"excerpt":{"rendered":"<p>Alimenta\u00e7\u00e3o: 220-240V AC Multivoltagem: 100-240V AC Intensidade: 10A Frequ\u00eancia: 50-60 Hz Prote\u00e7\u00e3o IP: IP54 Instala\u00e7\u00e3o: Superficie<\/p>\n","protected":false},"featured_media":10855,"comment_status":"open","ping_status":"closed","template":"","meta":{"_monsterinsights_skip_tracking":false,"_monsterinsights_sitenote_active":false,"_monsterinsights_sitenote_note":"","_monsterinsights_sitenote_category":0},"product_brand":[],"product_cat":[551],"product_tag":[578,577],"class_list":{"0":"post-10176","1":"product","2":"type-product","3":"status-publish","4":"has-post-thumbnail","6":"product_cat-material-electrico","7":"product_tag-schuko","8":"product_tag-tomada","10":"first","11":"instock","12":"shipping-taxable","13":"purchasable","14":"product-type-simple"},"aioseo_notices":[],"_links":{"self":[{"href":"https:\/\/www.leds2all.pt\/index.php?rest_route=\/wp\/v2\/product\/10176","targetHints":{"allow":["GET"]}}],"collection":[{"href":"https:\/\/www.leds2all.pt\/index.php?rest_route=\/wp\/v2\/product"}],"about":[{"href":"https:\/\/www.leds2all.pt\/index.php?rest_route=\/wp\/v2\/types\/product"}],"replies":[{"embeddable":true,"href":"https:\/\/www.leds2all.pt\/index.php?rest_route=%2Fwp%2Fv2%2Fcomments&post=10176"}],"wp:featuredmedia":[{"embeddable":true,"href":"https:\/\/www.leds2all.pt\/index.php?rest_route=\/wp\/v2\/media\/10855"}],"wp:attachment":[{"href":"https:\/\/www.leds2all.pt\/index.php?rest_route=%2Fwp%2Fv2%2Fmedia&parent=10176"}],"wp:term":[{"taxonomy":"product_brand","embeddable":true,"href":"https:\/\/www.leds2all.pt\/index.php?rest_route=%2Fwp%2Fv2%2Fproduct_brand&post=10176"},{"taxonomy":"product_cat","embeddable":true,"href":"https:\/\/www.leds2all.pt\/index.php?rest_route=%2Fwp%2Fv2%2Fproduct_cat&post=10176"},{"taxonomy":"product_tag","embeddable":true,"href":"https:\/\/www.leds2all.pt\/index.php?rest_route=%2Fwp%2Fv2%2Fproduct_tag&post=10176"}],"curies":[{"name":"wp","href":"https:\/\/api.w.org\/{rel}","templated":true}]}}