{"id":10261,"date":"2020-10-22T12:56:14","date_gmt":"2020-10-22T12:56:14","guid":{"rendered":"https:\/\/www.leds2all.pt\/?post_type=product&#038;p=10261"},"modified":"2023-03-03T22:05:57","modified_gmt":"2023-03-03T22:05:57","slug":"fita-led-5050-60-leds-mt-ip65-220v-rgb","status":"publish","type":"product","link":"https:\/\/www.leds2all.pt\/?product=fita-led-5050-60-leds-mt-ip65-220v-rgb","title":{"rendered":"Fita LED 5050 60 leds\/mt ip65 220V RGB"},"content":{"rendered":"<p>&nbsp;<\/p>\n<table class=\"spec-table\" style=\"width: 26.8556%; height: 336px;\">\n<tbody>\n<tr style=\"height: 24px;\">\n<td style=\"height: 24px;\">Consumo-Pot\u00eancia<\/td>\n<td style=\"height: 24px;\">10W\/m<\/td>\n<\/tr>\n<tr style=\"height: 24px;\">\n<td style=\"height: 24px;\">Tens\u00e3o<\/td>\n<td style=\"height: 24px;\">220V<\/td>\n<\/tr>\n<tr style=\"height: 24px;\">\n<td style=\"height: 24px;\">Fluxo luminoso<\/td>\n<td style=\"height: 24px;\">840 lm\/m<\/td>\n<\/tr>\n<tr style=\"height: 24px;\">\n<td style=\"height: 24px;\">Cor<\/td>\n<td style=\"height: 24px;\">RGB<\/td>\n<\/tr>\n<tr style=\"height: 24px;\">\n<td style=\"height: 24px;\">\u00c2ngulo do feixe<\/td>\n<td style=\"height: 24px;\">120\u00ba<\/td>\n<\/tr>\n<tr style=\"height: 24px;\">\n<td style=\"height: 24px;\">Dimens\u00f5es<\/td>\n<td style=\"height: 24px;\">14mm x 7m<\/td>\n<\/tr>\n<tr style=\"height: 48px;\">\n<td style=\"height: 48px;\">Intensidade de luz regul\u00e1vel (Dim\u00e1vel);<\/td>\n<td style=\"height: 48px;\">SIM (com controlador \u00e0 parte);<\/td>\n<\/tr>\n<tr style=\"height: 24px;\">\n<td style=\"height: 24px;\">Garantia do Fabricante<\/td>\n<td style=\"height: 24px;\">2 Anos<\/td>\n<\/tr>\n<tr style=\"height: 24px;\">\n<td style=\"height: 24px;\">Vida \u00datil M\u00e9dia (Horas);<\/td>\n<td style=\"height: 24px;\">20.000<\/td>\n<\/tr>\n<tr style=\"height: 48px;\">\n<td style=\"height: 48px;\">\u00cdndice de Restitui\u00e7\u00e3o de Cor IRC (CRI);<\/td>\n<td style=\"height: 48px;\">&gt; 80<\/td>\n<\/tr>\n<tr style=\"height: 24px;\">\n<td style=\"height: 24px;\">Temperaturas de funcionamento (\u00baC);<\/td>\n<td style=\"height: 24px;\">-20\u00ba a 40\u00ba<\/td>\n<\/tr>\n<tr style=\"height: 24px;\">\n<td style=\"height: 24px;\">Classe de Prote\u00e7\u00e3o (NP-EN 60529);<\/td>\n<td style=\"height: 24px;\">IP65<\/td>\n<\/tr>\n<\/tbody>\n<\/table>\n<p>&nbsp;<\/p>\n<p>Pre\u00e7o por metro.<\/p>\n<p>Apenas pode ser cortado de 50cm em 50cm<\/p>\n<p>Para poder ligar a 220v precisa do transformador 352 \/ EL-CORD-PW-220<\/p>\n<p>&nbsp;<\/p>\n<p>Outros acess\u00f3rios:<\/p>\n<p>conector &#8211; 1020 \/ C2P-TLM-220<\/p>\n<p>uni\u00e3o &#8211; 457 \/ CONCLIP220<\/p>\n<p>Abra\u00e7adeira &#8211; 354 \/ MONTCLIP220<\/p>\n<p>Tampa final &#8211; 355 \/ ENDCLIP220<\/p>\n<p>Cabo conector &#8211; 491 \/ EMPCLIP220<\/p>\n<p>Te conector &#8211; 937 \/ CTL-T-5050-220<\/p>\n<p>Conector em L &#8211; 939 \/ CTL-L-5050-220<\/p>\n<p>&nbsp;<\/p>\n","protected":false},"excerpt":{"rendered":"<p>&nbsp; Consumo-Pot\u00eancia 10W\/m Tens\u00e3o 220V Fluxo luminoso 840 lm\/m Cor RGB \u00c2ngulo do feixe 120\u00ba Dimens\u00f5es 14mm x 7m Intensidade de luz regul\u00e1vel (Dim\u00e1vel); SIM (com controlador \u00e0 parte); Garantia do Fabricante 2 Anos Vida \u00datil M\u00e9dia (Horas); 20.000 \u00cdndice de Restitui\u00e7\u00e3o de Cor IRC (CRI); &gt; 80 Temperaturas de funcionamento (\u00baC); -20\u00ba a 40\u00ba [&hellip;]<\/p>\n","protected":false},"featured_media":9962,"comment_status":"open","ping_status":"closed","template":"","meta":{"_monsterinsights_skip_tracking":false,"_monsterinsights_sitenote_active":false,"_monsterinsights_sitenote_note":"","_monsterinsights_sitenote_category":0},"product_brand":[],"product_cat":[565],"product_tag":[566,490,342],"class_list":{"0":"post-10261","1":"product","2":"type-product","3":"status-publish","4":"has-post-thumbnail","6":"product_cat-fitas-led-220v","7":"product_tag-220v","8":"product_tag-fita","9":"product_tag-rgb","11":"first","12":"instock","13":"shipping-taxable","14":"purchasable","15":"product-type-simple"},"aioseo_notices":[],"_links":{"self":[{"href":"https:\/\/www.leds2all.pt\/index.php?rest_route=\/wp\/v2\/product\/10261","targetHints":{"allow":["GET"]}}],"collection":[{"href":"https:\/\/www.leds2all.pt\/index.php?rest_route=\/wp\/v2\/product"}],"about":[{"href":"https:\/\/www.leds2all.pt\/index.php?rest_route=\/wp\/v2\/types\/product"}],"replies":[{"embeddable":true,"href":"https:\/\/www.leds2all.pt\/index.php?rest_route=%2Fwp%2Fv2%2Fcomments&post=10261"}],"wp:featuredmedia":[{"embeddable":true,"href":"https:\/\/www.leds2all.pt\/index.php?rest_route=\/wp\/v2\/media\/9962"}],"wp:attachment":[{"href":"https:\/\/www.leds2all.pt\/index.php?rest_route=%2Fwp%2Fv2%2Fmedia&parent=10261"}],"wp:term":[{"taxonomy":"product_brand","embeddable":true,"href":"https:\/\/www.leds2all.pt\/index.php?rest_route=%2Fwp%2Fv2%2Fproduct_brand&post=10261"},{"taxonomy":"product_cat","embeddable":true,"href":"https:\/\/www.leds2all.pt\/index.php?rest_route=%2Fwp%2Fv2%2Fproduct_cat&post=10261"},{"taxonomy":"product_tag","embeddable":true,"href":"https:\/\/www.leds2all.pt\/index.php?rest_route=%2Fwp%2Fv2%2Fproduct_tag&post=10261"}],"curies":[{"name":"wp","href":"https:\/\/api.w.org\/{rel}","templated":true}]}}