{"id":10455,"date":"2020-12-19T20:02:37","date_gmt":"2020-12-19T20:02:37","guid":{"rendered":"https:\/\/www.leds2all.pt\/?post_type=product&#038;p=10455"},"modified":"2024-02-27T14:45:52","modified_gmt":"2024-02-27T14:45:52","slug":"4-pilhas-recarregaveis-2500mah-eneloop-pro","status":"publish","type":"product","link":"https:\/\/www.leds2all.pt\/?product=4-pilhas-recarregaveis-2500mah-eneloop-pro","title":{"rendered":"4 pilhas recarreg\u00e1veis 2500mah eneloop pro"},"content":{"rendered":"<p>As primeiras pilhas desenvolvidas especialmente para fot\u00f3grafos.<\/p>\n<p>Pr\u00e9-carregada e pronta a utilizar<br \/>\nPode ser recarregada at\u00e9 500 vezes<br \/>\nDepois de 1 ano sem ser utilizada, a pilha ainda tem 85% da carga<\/p>\n<p><strong>Conte\u00fado da Caixa:<br \/>\n<\/strong>4x Pilha ENELOOP Pro AA Profissional, 2500mAh<\/p>\n","protected":false},"excerpt":{"rendered":"<p>As primeiras pilhas desenvolvidas especialmente para fot\u00f3grafos. Pr\u00e9-carregada e pronta a utilizar Pode ser recarregada at\u00e9 500 vezes Depois de 1 ano sem ser utilizada, a pilha ainda tem 85% da carga Conte\u00fado da Caixa: 4x Pilha ENELOOP Pro AA Profissional, 2500mAh<\/p>\n","protected":false},"featured_media":10456,"comment_status":"open","ping_status":"closed","template":"","meta":{"_monsterinsights_skip_tracking":false,"_monsterinsights_sitenote_active":false,"_monsterinsights_sitenote_note":"","_monsterinsights_sitenote_category":0},"product_brand":[],"product_cat":[445],"product_tag":[450,598,446,597],"class_list":{"0":"post-10455","1":"product","2":"type-product","3":"status-publish","4":"has-post-thumbnail","6":"product_cat-pilhas-baterias","7":"product_tag-aa","8":"product_tag-eneloop","9":"product_tag-pilha","10":"product_tag-recarregavel","12":"first","13":"outofstock","14":"shipping-taxable","15":"purchasable","16":"product-type-simple"},"aioseo_notices":[],"_links":{"self":[{"href":"https:\/\/www.leds2all.pt\/index.php?rest_route=\/wp\/v2\/product\/10455","targetHints":{"allow":["GET"]}}],"collection":[{"href":"https:\/\/www.leds2all.pt\/index.php?rest_route=\/wp\/v2\/product"}],"about":[{"href":"https:\/\/www.leds2all.pt\/index.php?rest_route=\/wp\/v2\/types\/product"}],"replies":[{"embeddable":true,"href":"https:\/\/www.leds2all.pt\/index.php?rest_route=%2Fwp%2Fv2%2Fcomments&post=10455"}],"wp:featuredmedia":[{"embeddable":true,"href":"https:\/\/www.leds2all.pt\/index.php?rest_route=\/wp\/v2\/media\/10456"}],"wp:attachment":[{"href":"https:\/\/www.leds2all.pt\/index.php?rest_route=%2Fwp%2Fv2%2Fmedia&parent=10455"}],"wp:term":[{"taxonomy":"product_brand","embeddable":true,"href":"https:\/\/www.leds2all.pt\/index.php?rest_route=%2Fwp%2Fv2%2Fproduct_brand&post=10455"},{"taxonomy":"product_cat","embeddable":true,"href":"https:\/\/www.leds2all.pt\/index.php?rest_route=%2Fwp%2Fv2%2Fproduct_cat&post=10455"},{"taxonomy":"product_tag","embeddable":true,"href":"https:\/\/www.leds2all.pt\/index.php?rest_route=%2Fwp%2Fv2%2Fproduct_tag&post=10455"}],"curies":[{"name":"wp","href":"https:\/\/api.w.org\/{rel}","templated":true}]}}