{"id":10476,"date":"2020-12-23T08:54:53","date_gmt":"2020-12-23T08:54:53","guid":{"rendered":"https:\/\/www.leds2all.pt\/?post_type=product&#038;p=10476"},"modified":"2024-02-27T15:15:59","modified_gmt":"2024-02-27T15:15:59","slug":"fonte-de-alimentacao-universal-10a-120w-12v","status":"publish","type":"product","link":"https:\/\/www.leds2all.pt\/?product=fonte-de-alimentacao-universal-10a-120w-12v","title":{"rendered":"Fonte de Alimenta\u00e7\u00e3o Universal 10A 120W 12V"},"content":{"rendered":"<p align=\"justify\">A fonte de alimenta\u00e7\u00e3o de 12V, \u00e9 ideal para conectar os sistemas de ilumina\u00e7\u00e3o interior que n\u00e3o podem utilizar-se com conex\u00e3o direta \u00e1 rede el\u00e9trica. Transforma a alimenta\u00e7\u00e3o alterna da rede el\u00e9trica, a 12V em cont\u00ednua.<\/p>\n<p align=\"justify\">Conta com uma pot\u00eancia nominal de 120W.\u00a0<strong>Uso indicado para cargas permanentes de at\u00e9 100W.<\/strong>\u00a0A sua corrente de sa\u00edda \u00e9 de 10A.<\/p>\n<p align=\"justify\">A sua carca\u00e7a de alum\u00ednio d\u00e3o-lhe grande resist\u00eancia e ligeireza. Tem os certificados CE e RoHS que garantem a qualidade e seguran\u00e7a do produto, e al\u00e9m disso confirmam que n\u00e3o cont\u00e9m materiais t\u00f3xicos ou perigosos.<\/p>\n<p align=\"justify\">Disp\u00f5e de um regulador mediante o qual, poderemos ajustar a tens\u00e3o cont\u00ednua de sa\u00edda entre um m\u00ednimo de 10V e um m\u00e1ximo de 15V.<\/p>\n","protected":false},"excerpt":{"rendered":"<p>A fonte de alimenta\u00e7\u00e3o de 12V, \u00e9 ideal para conectar os sistemas de ilumina\u00e7\u00e3o interior que n\u00e3o podem utilizar-se com conex\u00e3o direta \u00e1 rede el\u00e9trica. Transforma a alimenta\u00e7\u00e3o alterna da rede el\u00e9trica, a 12V em cont\u00ednua. Conta com uma pot\u00eancia nominal de 120W.\u00a0Uso indicado para cargas permanentes de at\u00e9 100W.\u00a0A sua corrente de sa\u00edda \u00e9 [&hellip;]<\/p>\n","protected":false},"featured_media":10477,"comment_status":"open","ping_status":"closed","template":"","meta":{"_monsterinsights_skip_tracking":false,"_monsterinsights_sitenote_active":false,"_monsterinsights_sitenote_note":"","_monsterinsights_sitenote_category":0},"product_brand":[],"product_cat":[489],"product_tag":[602,601,464,592],"class_list":{"0":"post-10476","1":"product","2":"type-product","3":"status-publish","4":"has-post-thumbnail","6":"product_cat-fitas-led-12v","7":"product_tag-10a","8":"product_tag-120w","9":"product_tag-12v","10":"product_tag-transformador","12":"first","13":"onbackorder","14":"shipping-taxable","15":"purchasable","16":"product-type-simple"},"aioseo_notices":[],"_links":{"self":[{"href":"https:\/\/www.leds2all.pt\/index.php?rest_route=\/wp\/v2\/product\/10476","targetHints":{"allow":["GET"]}}],"collection":[{"href":"https:\/\/www.leds2all.pt\/index.php?rest_route=\/wp\/v2\/product"}],"about":[{"href":"https:\/\/www.leds2all.pt\/index.php?rest_route=\/wp\/v2\/types\/product"}],"replies":[{"embeddable":true,"href":"https:\/\/www.leds2all.pt\/index.php?rest_route=%2Fwp%2Fv2%2Fcomments&post=10476"}],"wp:featuredmedia":[{"embeddable":true,"href":"https:\/\/www.leds2all.pt\/index.php?rest_route=\/wp\/v2\/media\/10477"}],"wp:attachment":[{"href":"https:\/\/www.leds2all.pt\/index.php?rest_route=%2Fwp%2Fv2%2Fmedia&parent=10476"}],"wp:term":[{"taxonomy":"product_brand","embeddable":true,"href":"https:\/\/www.leds2all.pt\/index.php?rest_route=%2Fwp%2Fv2%2Fproduct_brand&post=10476"},{"taxonomy":"product_cat","embeddable":true,"href":"https:\/\/www.leds2all.pt\/index.php?rest_route=%2Fwp%2Fv2%2Fproduct_cat&post=10476"},{"taxonomy":"product_tag","embeddable":true,"href":"https:\/\/www.leds2all.pt\/index.php?rest_route=%2Fwp%2Fv2%2Fproduct_tag&post=10476"}],"curies":[{"name":"wp","href":"https:\/\/api.w.org\/{rel}","templated":true}]}}