{"id":10478,"date":"2020-12-23T14:31:58","date_gmt":"2020-12-23T14:31:58","guid":{"rendered":"https:\/\/www.leds2all.pt\/?post_type=product&#038;p=10478"},"modified":"2023-04-23T16:53:22","modified_gmt":"2023-04-23T16:53:22","slug":"transformador-ac-dc-12v-3a","status":"publish","type":"product","link":"https:\/\/www.leds2all.pt\/?product=transformador-ac-dc-12v-3a","title":{"rendered":"Transformador AC\/DC 12V 3A"},"content":{"rendered":"<p>&#8211; Tecnologia Swicthing: 100V~240Vac<br \/>\n&#8211; Voltagem de 12Vdc e Capacidade at\u00e9 3Ah<br \/>\n&#8211; Equipado com ficha conectora: 5,5 x 2,5mm<br \/>\n&#8211; Este Alimentador inclui o Cabo Alimenta\u00e7\u00e3o<br \/>\n&#8211; LED indicador<br \/>\n&#8211; Dimens\u00f5es: 115x45x35 mm<\/p>\n","protected":false},"excerpt":{"rendered":"<p>&#8211; Tecnologia Swicthing: 100V~240Vac &#8211; Voltagem de 12Vdc e Capacidade at\u00e9 3Ah &#8211; Equipado com ficha conectora: 5,5 x 2,5mm &#8211; Este Alimentador inclui o Cabo Alimenta\u00e7\u00e3o &#8211; LED indicador &#8211; Dimens\u00f5es: 115x45x35 mm<\/p>\n","protected":false},"featured_media":10294,"comment_status":"open","ping_status":"closed","template":"","meta":{"_monsterinsights_skip_tracking":false,"_monsterinsights_sitenote_active":false,"_monsterinsights_sitenote_note":"","_monsterinsights_sitenote_category":0},"product_brand":[],"product_cat":[551],"product_tag":[464,603,592],"class_list":{"0":"post-10478","1":"product","2":"type-product","3":"status-publish","4":"has-post-thumbnail","6":"product_cat-material-electrico","7":"product_tag-12v","8":"product_tag-3a","9":"product_tag-transformador","11":"first","12":"instock","13":"shipping-taxable","14":"purchasable","15":"product-type-simple"},"aioseo_notices":[],"_links":{"self":[{"href":"https:\/\/www.leds2all.pt\/index.php?rest_route=\/wp\/v2\/product\/10478","targetHints":{"allow":["GET"]}}],"collection":[{"href":"https:\/\/www.leds2all.pt\/index.php?rest_route=\/wp\/v2\/product"}],"about":[{"href":"https:\/\/www.leds2all.pt\/index.php?rest_route=\/wp\/v2\/types\/product"}],"replies":[{"embeddable":true,"href":"https:\/\/www.leds2all.pt\/index.php?rest_route=%2Fwp%2Fv2%2Fcomments&post=10478"}],"wp:featuredmedia":[{"embeddable":true,"href":"https:\/\/www.leds2all.pt\/index.php?rest_route=\/wp\/v2\/media\/10294"}],"wp:attachment":[{"href":"https:\/\/www.leds2all.pt\/index.php?rest_route=%2Fwp%2Fv2%2Fmedia&parent=10478"}],"wp:term":[{"taxonomy":"product_brand","embeddable":true,"href":"https:\/\/www.leds2all.pt\/index.php?rest_route=%2Fwp%2Fv2%2Fproduct_brand&post=10478"},{"taxonomy":"product_cat","embeddable":true,"href":"https:\/\/www.leds2all.pt\/index.php?rest_route=%2Fwp%2Fv2%2Fproduct_cat&post=10478"},{"taxonomy":"product_tag","embeddable":true,"href":"https:\/\/www.leds2all.pt\/index.php?rest_route=%2Fwp%2Fv2%2Fproduct_tag&post=10478"}],"curies":[{"name":"wp","href":"https:\/\/api.w.org\/{rel}","templated":true}]}}