{"id":10720,"date":"2021-01-24T19:42:11","date_gmt":"2021-01-24T19:42:11","guid":{"rendered":"https:\/\/www.leds2all.pt\/?post_type=product&#038;p=10720"},"modified":"2022-08-04T09:52:01","modified_gmt":"2022-08-04T09:52:01","slug":"lampada-xenon-h1-35w-6000k","status":"publish","type":"product","link":"https:\/\/www.leds2all.pt\/?product=lampada-xenon-h1-35w-6000k","title":{"rendered":"Suporte universal para telem\u00f3vel com ventosa baseus"},"content":{"rendered":"<p>&#8211; Suporte universal p\/ telem\u00f3vel c\/ ventosa<br \/>\n&#8211; Mecanismo de ajuste autom\u00e1tico ao poisar<br \/>\n&#8211; A\u00e7\u00e3o de bloqueio autom\u00e1tico<br \/>\n&#8211; Estrutura c\/ corpo alum\u00ednio e ABS preto<br \/>\n&#8211; Totalmente ajust\u00e1vel em rota\u00e7\u00e3o e inclina\u00e7\u00e3o<br \/>\n&#8211; Para dispositivos c\/ largura entre 6.3 e 8.5cm<\/p>\n","protected":false},"excerpt":{"rendered":"<p>&#8211; Suporte universal p\/ telem\u00f3vel c\/ ventosa &#8211; Mecanismo de ajuste autom\u00e1tico ao poisar &#8211; A\u00e7\u00e3o de bloqueio autom\u00e1tico &#8211; Estrutura c\/ corpo alum\u00ednio e ABS preto &#8211; Totalmente ajust\u00e1vel em rota\u00e7\u00e3o e inclina\u00e7\u00e3o &#8211; Para dispositivos c\/ largura entre 6.3 e 8.5cm<\/p>\n","protected":false},"featured_media":12202,"comment_status":"open","ping_status":"closed","template":"","meta":{"_monsterinsights_skip_tracking":false,"_monsterinsights_sitenote_active":false,"_monsterinsights_sitenote_note":"","_monsterinsights_sitenote_category":0},"product_brand":[],"product_cat":[271],"product_tag":[730,645,741],"class_list":{"0":"post-10720","1":"product","2":"type-product","3":"status-publish","4":"has-post-thumbnail","6":"product_cat-gadgets","7":"product_tag-baseus","8":"product_tag-suporte","9":"product_tag-telemovel","11":"first","12":"instock","13":"shipping-taxable","14":"purchasable","15":"product-type-simple"},"aioseo_notices":[],"_links":{"self":[{"href":"https:\/\/www.leds2all.pt\/index.php?rest_route=\/wp\/v2\/product\/10720","targetHints":{"allow":["GET"]}}],"collection":[{"href":"https:\/\/www.leds2all.pt\/index.php?rest_route=\/wp\/v2\/product"}],"about":[{"href":"https:\/\/www.leds2all.pt\/index.php?rest_route=\/wp\/v2\/types\/product"}],"replies":[{"embeddable":true,"href":"https:\/\/www.leds2all.pt\/index.php?rest_route=%2Fwp%2Fv2%2Fcomments&post=10720"}],"wp:featuredmedia":[{"embeddable":true,"href":"https:\/\/www.leds2all.pt\/index.php?rest_route=\/wp\/v2\/media\/12202"}],"wp:attachment":[{"href":"https:\/\/www.leds2all.pt\/index.php?rest_route=%2Fwp%2Fv2%2Fmedia&parent=10720"}],"wp:term":[{"taxonomy":"product_brand","embeddable":true,"href":"https:\/\/www.leds2all.pt\/index.php?rest_route=%2Fwp%2Fv2%2Fproduct_brand&post=10720"},{"taxonomy":"product_cat","embeddable":true,"href":"https:\/\/www.leds2all.pt\/index.php?rest_route=%2Fwp%2Fv2%2Fproduct_cat&post=10720"},{"taxonomy":"product_tag","embeddable":true,"href":"https:\/\/www.leds2all.pt\/index.php?rest_route=%2Fwp%2Fv2%2Fproduct_tag&post=10720"}],"curies":[{"name":"wp","href":"https:\/\/api.w.org\/{rel}","templated":true}]}}