{"id":10725,"date":"2021-01-24T19:53:02","date_gmt":"2021-01-24T19:53:02","guid":{"rendered":"https:\/\/www.leds2all.pt\/?post_type=product&#038;p=10725"},"modified":"2021-01-24T19:55:20","modified_gmt":"2021-01-24T19:55:20","slug":"ligador-rapido-5-ligacoes","status":"publish","type":"product","link":"https:\/\/www.leds2all.pt\/?product=ligador-rapido-5-ligacoes","title":{"rendered":"Ligador R\u00e1pido 5 Liga\u00e7\u00f5es"},"content":{"rendered":"<p><span style=\"vertical-align: inherit;\"><span style=\"vertical-align: inherit;\">Para 5 cabos 0,08 at\u00e9 2,50mm\u00b2 (AWG 28-12 Cu);<\/span><\/span><\/p>\n","protected":false},"excerpt":{"rendered":"<p>Para 5 cabos 0,08 at\u00e9 2,50mm\u00b2 (AWG 28-12 Cu);<\/p>\n","protected":false},"featured_media":10726,"comment_status":"open","ping_status":"closed","template":"","meta":{"_monsterinsights_skip_tracking":false,"_monsterinsights_sitenote_active":false,"_monsterinsights_sitenote_note":"","_monsterinsights_sitenote_category":0},"product_brand":[],"product_cat":[623],"product_tag":[582],"class_list":{"0":"post-10725","1":"product","2":"type-product","3":"status-publish","4":"has-post-thumbnail","6":"product_cat-ligadores","7":"product_tag-ligador","9":"first","10":"instock","11":"shipping-taxable","12":"purchasable","13":"product-type-simple"},"aioseo_notices":[],"_links":{"self":[{"href":"https:\/\/www.leds2all.pt\/index.php?rest_route=\/wp\/v2\/product\/10725","targetHints":{"allow":["GET"]}}],"collection":[{"href":"https:\/\/www.leds2all.pt\/index.php?rest_route=\/wp\/v2\/product"}],"about":[{"href":"https:\/\/www.leds2all.pt\/index.php?rest_route=\/wp\/v2\/types\/product"}],"replies":[{"embeddable":true,"href":"https:\/\/www.leds2all.pt\/index.php?rest_route=%2Fwp%2Fv2%2Fcomments&post=10725"}],"wp:featuredmedia":[{"embeddable":true,"href":"https:\/\/www.leds2all.pt\/index.php?rest_route=\/wp\/v2\/media\/10726"}],"wp:attachment":[{"href":"https:\/\/www.leds2all.pt\/index.php?rest_route=%2Fwp%2Fv2%2Fmedia&parent=10725"}],"wp:term":[{"taxonomy":"product_brand","embeddable":true,"href":"https:\/\/www.leds2all.pt\/index.php?rest_route=%2Fwp%2Fv2%2Fproduct_brand&post=10725"},{"taxonomy":"product_cat","embeddable":true,"href":"https:\/\/www.leds2all.pt\/index.php?rest_route=%2Fwp%2Fv2%2Fproduct_cat&post=10725"},{"taxonomy":"product_tag","embeddable":true,"href":"https:\/\/www.leds2all.pt\/index.php?rest_route=%2Fwp%2Fv2%2Fproduct_tag&post=10725"}],"curies":[{"name":"wp","href":"https:\/\/api.w.org\/{rel}","templated":true}]}}