{"id":10791,"date":"2021-02-02T13:21:35","date_gmt":"2021-02-02T13:21:35","guid":{"rendered":"https:\/\/www.leds2all.pt\/?post_type=product&#038;p=10791"},"modified":"2024-05-19T21:31:07","modified_gmt":"2024-05-19T21:31:07","slug":"tomada-inteligente-wifi","status":"publish","type":"product","link":"https:\/\/www.leds2all.pt\/?product=tomada-inteligente-wifi","title":{"rendered":"Tomada inteligente wifi"},"content":{"rendered":"<p>Tomada inteligente wifi<\/p>\n<p>\u00c9 compat\u00edvel com\u00a0<strong>iOS e Android<\/strong>, e podemos executar a\u00e7\u00f5es como\u00a0<strong>ligar ou desligar, programar o temporizador para controlar o desligamento ou a ativa\u00e7\u00e3o, fun\u00e7\u00e3o de contagem regressiva e medi\u00e7\u00e3o do consumo de eletricidade.<\/strong><\/p>\n<p>&nbsp;<\/p>\n<p><span data-spm-anchor-id=\"a2g0o.detail.1000023.i0.3bd12b05qVZob2\">Tens\u00e3o de entrada: 100-240v<\/span><\/p>\n<p>Corrente de sa\u00edda: 16A<\/p>\n<p>Pot\u00eancia em espera: 2300w<\/p>\n<p>Carga: 600W<\/p>\n<p>Carca\u00e7a: material \u00e0 prova de fogo abs + pc<\/p>\n<p>Especifica\u00e7\u00f5es: Plug UE<\/p>\n<p>Umidade de trabalho: &lt;80%<\/p>\n<p>Temperatura de trabalho: -20 \u00b0 c-50 \u00b0 c<\/p>\n<p>Dist\u00e2ncia wi-fi: 50 metros ao ar livre, dentro de at\u00e9 30 metros (dependendo dos materiais de constru\u00e7\u00e3o e estrutura);<\/p>\n<p>Tipo de wifi: 2.4ghz 802.11b\/g\/n<\/p>\n<p>N\u00edvel de seguran\u00e7a da rede: wpa\/wpa<\/p>\n<p>Cor: Branco<\/p>\n","protected":false},"excerpt":{"rendered":"<p>Tomada inteligente wifi \u00c9 compat\u00edvel com\u00a0iOS e Android, e podemos executar a\u00e7\u00f5es como\u00a0ligar ou desligar, programar o temporizador para controlar o desligamento ou a ativa\u00e7\u00e3o, fun\u00e7\u00e3o de contagem regressiva e medi\u00e7\u00e3o do consumo de eletricidade. &nbsp; Tens\u00e3o de entrada: 100-240v Corrente de sa\u00edda: 16A Pot\u00eancia em espera: 2300w Carga: 600W Carca\u00e7a: material \u00e0 prova de [&hellip;]<\/p>\n","protected":false},"featured_media":10784,"comment_status":"open","ping_status":"closed","template":"","meta":{"_monsterinsights_skip_tracking":false,"_monsterinsights_sitenote_active":false,"_monsterinsights_sitenote_note":"","_monsterinsights_sitenote_category":0},"product_brand":[],"product_cat":[551,494],"product_tag":[577,635],"class_list":{"0":"post-10791","1":"product","2":"type-product","3":"status-publish","4":"has-post-thumbnail","6":"product_cat-material-electrico","7":"product_cat-utilidades-casa","8":"product_tag-tomada","9":"product_tag-wifi","11":"first","12":"instock","13":"shipping-taxable","14":"purchasable","15":"product-type-simple"},"aioseo_notices":[],"_links":{"self":[{"href":"https:\/\/www.leds2all.pt\/index.php?rest_route=\/wp\/v2\/product\/10791","targetHints":{"allow":["GET"]}}],"collection":[{"href":"https:\/\/www.leds2all.pt\/index.php?rest_route=\/wp\/v2\/product"}],"about":[{"href":"https:\/\/www.leds2all.pt\/index.php?rest_route=\/wp\/v2\/types\/product"}],"replies":[{"embeddable":true,"href":"https:\/\/www.leds2all.pt\/index.php?rest_route=%2Fwp%2Fv2%2Fcomments&post=10791"}],"wp:featuredmedia":[{"embeddable":true,"href":"https:\/\/www.leds2all.pt\/index.php?rest_route=\/wp\/v2\/media\/10784"}],"wp:attachment":[{"href":"https:\/\/www.leds2all.pt\/index.php?rest_route=%2Fwp%2Fv2%2Fmedia&parent=10791"}],"wp:term":[{"taxonomy":"product_brand","embeddable":true,"href":"https:\/\/www.leds2all.pt\/index.php?rest_route=%2Fwp%2Fv2%2Fproduct_brand&post=10791"},{"taxonomy":"product_cat","embeddable":true,"href":"https:\/\/www.leds2all.pt\/index.php?rest_route=%2Fwp%2Fv2%2Fproduct_cat&post=10791"},{"taxonomy":"product_tag","embeddable":true,"href":"https:\/\/www.leds2all.pt\/index.php?rest_route=%2Fwp%2Fv2%2Fproduct_tag&post=10791"}],"curies":[{"name":"wp","href":"https:\/\/api.w.org\/{rel}","templated":true}]}}