{"id":10864,"date":"2021-02-12T16:37:39","date_gmt":"2021-02-12T16:37:39","guid":{"rendered":"https:\/\/www.leds2all.pt\/?post_type=product&#038;p=10864"},"modified":"2021-05-19T20:43:02","modified_gmt":"2021-05-19T20:43:02","slug":"temporizador-diario-analogico-3500w-16a","status":"publish","type":"product","link":"https:\/\/www.leds2all.pt\/?product=temporizador-diario-analogico-3500w-16a","title":{"rendered":"Temporizador Di\u00e1rio Anal\u00f3gico 3500W\/16A"},"content":{"rendered":"<p>&#8211; Para ligar\/desligar aparelhos el\u00e9ctricos<br \/>\n&#8211; Tempo program\u00e1vel por 15 minutos<br \/>\n&#8211; 96 programas poss\u00edveis em 24 horas<br \/>\n&#8211; Terra lateral<\/p>\n<p>&#8211; Alimenta\u00e7\u00e3o: 230 VAC 50 Hz<br \/>\n&#8211; Pot\u00eancia m\u00e1x.: 3500 W \/ 16 A<br \/>\n&#8211; Dimens\u00f5es: 62 x 93 x 70 mm<br \/>\n&#8211; Peso: 100 g<\/p>\n","protected":false},"excerpt":{"rendered":"<p>&#8211; Para ligar\/desligar aparelhos el\u00e9ctricos &#8211; Tempo program\u00e1vel por 15 minutos &#8211; 96 programas poss\u00edveis em 24 horas &#8211; Terra lateral &#8211; Alimenta\u00e7\u00e3o: 230 VAC 50 Hz &#8211; Pot\u00eancia m\u00e1x.: 3500 W \/ 16 A &#8211; Dimens\u00f5es: 62 x 93 x 70 mm &#8211; Peso: 100 g<\/p>\n","protected":false},"featured_media":10865,"comment_status":"open","ping_status":"closed","template":"","meta":{"_monsterinsights_skip_tracking":false,"_monsterinsights_sitenote_active":false,"_monsterinsights_sitenote_note":"","_monsterinsights_sitenote_category":0},"product_brand":[],"product_cat":[551],"product_tag":[644],"class_list":{"0":"post-10864","1":"product","2":"type-product","3":"status-publish","4":"has-post-thumbnail","6":"product_cat-material-electrico","7":"product_tag-temporizador","9":"first","10":"onbackorder","11":"shipping-taxable","12":"purchasable","13":"product-type-simple"},"aioseo_notices":[],"_links":{"self":[{"href":"https:\/\/www.leds2all.pt\/index.php?rest_route=\/wp\/v2\/product\/10864","targetHints":{"allow":["GET"]}}],"collection":[{"href":"https:\/\/www.leds2all.pt\/index.php?rest_route=\/wp\/v2\/product"}],"about":[{"href":"https:\/\/www.leds2all.pt\/index.php?rest_route=\/wp\/v2\/types\/product"}],"replies":[{"embeddable":true,"href":"https:\/\/www.leds2all.pt\/index.php?rest_route=%2Fwp%2Fv2%2Fcomments&post=10864"}],"wp:featuredmedia":[{"embeddable":true,"href":"https:\/\/www.leds2all.pt\/index.php?rest_route=\/wp\/v2\/media\/10865"}],"wp:attachment":[{"href":"https:\/\/www.leds2all.pt\/index.php?rest_route=%2Fwp%2Fv2%2Fmedia&parent=10864"}],"wp:term":[{"taxonomy":"product_brand","embeddable":true,"href":"https:\/\/www.leds2all.pt\/index.php?rest_route=%2Fwp%2Fv2%2Fproduct_brand&post=10864"},{"taxonomy":"product_cat","embeddable":true,"href":"https:\/\/www.leds2all.pt\/index.php?rest_route=%2Fwp%2Fv2%2Fproduct_cat&post=10864"},{"taxonomy":"product_tag","embeddable":true,"href":"https:\/\/www.leds2all.pt\/index.php?rest_route=%2Fwp%2Fv2%2Fproduct_tag&post=10864"}],"curies":[{"name":"wp","href":"https:\/\/api.w.org\/{rel}","templated":true}]}}