{"id":10899,"date":"2021-02-17T10:51:08","date_gmt":"2021-02-17T10:51:08","guid":{"rendered":"https:\/\/www.leds2all.pt\/?post_type=product&#038;p=10899"},"modified":"2022-11-01T18:56:24","modified_gmt":"2022-11-01T18:56:24","slug":"lampada-led-circular-t9-220v-22w-6000k-o365mm","status":"publish","type":"product","link":"https:\/\/www.leds2all.pt\/?product=lampada-led-circular-t9-220v-22w-6000k-o365mm","title":{"rendered":"Lampada LED circular T9 220V 22W 6000K (\u00d8365mm);"},"content":{"rendered":"<p>Para substitui\u00e7\u00e3o das lampadas circulares tradicionais fluorescentes de 40W.<\/p>\n<p>&#8211; Tipo: circular<br \/>\n&#8211; Tens\u00e3o: 220V<br \/>\n&#8211; Pot\u00eancia: 22W<br \/>\n&#8211; Temperatura de cor: 6000K (branco frio);<br \/>\n&#8211; Fluxo luminoso: 2200lm<br \/>\n&#8211; Tempo para atingir o fluxo luminoso m\u00e1ximo: 0s<br \/>\n&#8211; \u00c2ngulo de abertura: 180\u00ba<br \/>\n&#8211; Dimens\u00f5es: \u00d8365mm<\/p>\n","protected":false},"excerpt":{"rendered":"<p>Para substitui\u00e7\u00e3o das lampadas circulares tradicionais fluorescentes de 40W. &#8211; Tipo: circular &#8211; Tens\u00e3o: 220V &#8211; Pot\u00eancia: 22W &#8211; Temperatura de cor: 6000K (branco frio); &#8211; Fluxo luminoso: 2200lm &#8211; Tempo para atingir o fluxo luminoso m\u00e1ximo: 0s &#8211; \u00c2ngulo de abertura: 180\u00ba &#8211; Dimens\u00f5es: \u00d8365mm<\/p>\n","protected":false},"featured_media":10898,"comment_status":"open","ping_status":"closed","template":"","meta":{"_monsterinsights_skip_tracking":false,"_monsterinsights_sitenote_active":false,"_monsterinsights_sitenote_note":"","_monsterinsights_sitenote_category":0},"product_brand":[],"product_cat":[683],"product_tag":[649,280],"class_list":{"0":"post-10899","1":"product","2":"type-product","3":"status-publish","4":"has-post-thumbnail","6":"product_cat-novos","7":"product_tag-circular","8":"product_tag-led","10":"first","11":"instock","12":"shipping-taxable","13":"purchasable","14":"product-type-simple"},"aioseo_notices":[],"_links":{"self":[{"href":"https:\/\/www.leds2all.pt\/index.php?rest_route=\/wp\/v2\/product\/10899","targetHints":{"allow":["GET"]}}],"collection":[{"href":"https:\/\/www.leds2all.pt\/index.php?rest_route=\/wp\/v2\/product"}],"about":[{"href":"https:\/\/www.leds2all.pt\/index.php?rest_route=\/wp\/v2\/types\/product"}],"replies":[{"embeddable":true,"href":"https:\/\/www.leds2all.pt\/index.php?rest_route=%2Fwp%2Fv2%2Fcomments&post=10899"}],"wp:featuredmedia":[{"embeddable":true,"href":"https:\/\/www.leds2all.pt\/index.php?rest_route=\/wp\/v2\/media\/10898"}],"wp:attachment":[{"href":"https:\/\/www.leds2all.pt\/index.php?rest_route=%2Fwp%2Fv2%2Fmedia&parent=10899"}],"wp:term":[{"taxonomy":"product_brand","embeddable":true,"href":"https:\/\/www.leds2all.pt\/index.php?rest_route=%2Fwp%2Fv2%2Fproduct_brand&post=10899"},{"taxonomy":"product_cat","embeddable":true,"href":"https:\/\/www.leds2all.pt\/index.php?rest_route=%2Fwp%2Fv2%2Fproduct_cat&post=10899"},{"taxonomy":"product_tag","embeddable":true,"href":"https:\/\/www.leds2all.pt\/index.php?rest_route=%2Fwp%2Fv2%2Fproduct_tag&post=10899"}],"curies":[{"name":"wp","href":"https:\/\/api.w.org\/{rel}","templated":true}]}}