{"id":10937,"date":"2021-02-20T16:14:20","date_gmt":"2021-02-20T16:14:20","guid":{"rendered":"https:\/\/www.leds2all.pt\/?post_type=product&#038;p=10937"},"modified":"2024-02-27T13:31:42","modified_gmt":"2024-02-27T13:31:42","slug":"conjunto-toalhas-de-banho-bordadas-a-mao-personalizaveis","status":"publish","type":"product","link":"https:\/\/www.leds2all.pt\/?product=conjunto-toalhas-de-banho-bordadas-a-mao-personalizaveis","title":{"rendered":"Conjunto Toalhas de banho bordadas \u00e0 m\u00e3o &#8211; personaliz\u00e1veis"},"content":{"rendered":"<p>Para quem pretende oferecer um presente personalizado ou para quem pretende dar um toque personalizado \u00e0 sua casa de banho.<\/p>\n<p>Conjunto de toalhas de banho 100% algod\u00e3o<\/p>\n<p>Produto Portugu\u00eas<\/p>\n<p>Pre\u00e7o de conjunto deste g\u00e9nero bordado a ponto cruz \u00e0 m\u00e3o personalizado: toalha pequena 30&#215;40 + toalha de rosto 50&#215;100 + toalha de banho 100&#215;50 = 40\u20ac<\/p>\n<p>+ portes de envio<\/p>\n<p>&nbsp;<\/p>\n\n\t\t<style type=\"text\/css\">\n\t\t\t#gallery-1 {\n\t\t\t\tmargin: auto;\n\t\t\t}\n\t\t\t#gallery-1 .gallery-item {\n\t\t\t\tfloat: left;\n\t\t\t\tmargin-top: 10px;\n\t\t\t\ttext-align: center;\n\t\t\t\twidth: 33%;\n\t\t\t}\n\t\t\t#gallery-1 img {\n\t\t\t\tborder: 2px solid #cfcfcf;\n\t\t\t}\n\t\t\t#gallery-1 .gallery-caption {\n\t\t\t\tmargin-left: 0;\n\t\t\t}\n\t\t\t\/* see gallery_shortcode() in wp-includes\/media.php *\/\n\t\t<\/style>\n\t\t<div id='gallery-1' class='gallery galleryid-10937 gallery-columns-3 gallery-size-thumbnail'><dl class='gallery-item'>\n\t\t\t<dt class='gallery-icon portrait'>\n\t\t\t\t<a href='https:\/\/www.leds2all.pt\/?attachment_id=10939'><img loading=\"lazy\" decoding=\"async\" width=\"150\" height=\"150\" src=\"https:\/\/www.leds2all.pt\/wp-content\/uploads\/2021\/02\/152448110_3788219757926149_7049498145923848697_n-150x150.jpg\" class=\"attachment-thumbnail size-thumbnail\" alt=\"\" srcset=\"https:\/\/www.leds2all.pt\/wp-content\/uploads\/2021\/02\/152448110_3788219757926149_7049498145923848697_n-150x150.jpg 150w, https:\/\/www.leds2all.pt\/wp-content\/uploads\/2021\/02\/152448110_3788219757926149_7049498145923848697_n-100x100.jpg 100w, https:\/\/www.leds2all.pt\/wp-content\/uploads\/2021\/02\/152448110_3788219757926149_7049498145923848697_n-40x40.jpg 40w, https:\/\/www.leds2all.pt\/wp-content\/uploads\/2021\/02\/152448110_3788219757926149_7049498145923848697_n-500x500.jpg 500w\" sizes=\"auto, (max-width: 150px) 100vw, 150px\" \/><\/a>\n\t\t\t<\/dt><\/dl>\n\t\t\t<br style='clear: both' \/>\n\t\t<\/div>\n\n","protected":false},"excerpt":{"rendered":"<p>Para quem pretende oferecer um presente personalizado ou para quem pretende dar um toque personalizado \u00e0 sua casa de banho. Conjunto de toalhas de banho 100% algod\u00e3o Produto Portugu\u00eas Pre\u00e7o de conjunto deste g\u00e9nero bordado a ponto cruz \u00e0 m\u00e3o personalizado: toalha pequena 30&#215;40 + toalha de rosto 50&#215;100 + toalha de banho 100&#215;50 = [&hellip;]<\/p>\n","protected":false},"featured_media":10938,"comment_status":"open","ping_status":"closed","template":"","meta":{"_monsterinsights_skip_tracking":false,"_monsterinsights_sitenote_active":false,"_monsterinsights_sitenote_note":"","_monsterinsights_sitenote_category":0},"product_brand":[],"product_cat":[827],"product_tag":[655,656],"class_list":{"0":"post-10937","1":"product","2":"type-product","3":"status-publish","4":"has-post-thumbnail","6":"product_cat-extrema-fofura","7":"product_tag-banho","8":"product_tag-toalha","10":"first","11":"onbackorder","12":"shipping-taxable","13":"purchasable","14":"product-type-simple"},"aioseo_notices":[],"_links":{"self":[{"href":"https:\/\/www.leds2all.pt\/index.php?rest_route=\/wp\/v2\/product\/10937","targetHints":{"allow":["GET"]}}],"collection":[{"href":"https:\/\/www.leds2all.pt\/index.php?rest_route=\/wp\/v2\/product"}],"about":[{"href":"https:\/\/www.leds2all.pt\/index.php?rest_route=\/wp\/v2\/types\/product"}],"replies":[{"embeddable":true,"href":"https:\/\/www.leds2all.pt\/index.php?rest_route=%2Fwp%2Fv2%2Fcomments&post=10937"}],"wp:featuredmedia":[{"embeddable":true,"href":"https:\/\/www.leds2all.pt\/index.php?rest_route=\/wp\/v2\/media\/10938"}],"wp:attachment":[{"href":"https:\/\/www.leds2all.pt\/index.php?rest_route=%2Fwp%2Fv2%2Fmedia&parent=10937"}],"wp:term":[{"taxonomy":"product_brand","embeddable":true,"href":"https:\/\/www.leds2all.pt\/index.php?rest_route=%2Fwp%2Fv2%2Fproduct_brand&post=10937"},{"taxonomy":"product_cat","embeddable":true,"href":"https:\/\/www.leds2all.pt\/index.php?rest_route=%2Fwp%2Fv2%2Fproduct_cat&post=10937"},{"taxonomy":"product_tag","embeddable":true,"href":"https:\/\/www.leds2all.pt\/index.php?rest_route=%2Fwp%2Fv2%2Fproduct_tag&post=10937"}],"curies":[{"name":"wp","href":"https:\/\/api.w.org\/{rel}","templated":true}]}}