{"id":10945,"date":"2021-02-20T16:59:10","date_gmt":"2021-02-20T16:59:10","guid":{"rendered":"https:\/\/www.leds2all.pt\/?post_type=product&#038;p=10945"},"modified":"2024-02-27T13:32:44","modified_gmt":"2024-02-27T13:32:44","slug":"pano-de-cozinha-personalizavel","status":"publish","type":"product","link":"https:\/\/www.leds2all.pt\/?product=pano-de-cozinha-personalizavel","title":{"rendered":"Pano de cozinha personaliz\u00e1vel"},"content":{"rendered":"<p>Pano de cozinha personaliz\u00e1vel.<\/p>\n<p>Pre\u00e7o sem personaliza\u00e7\u00e3o \u2013 2\u20ac<\/p>\n<p>Pre\u00e7o com personaliza\u00e7\u00e3o \u2013 9<\/p>\n\n\t\t<style type=\"text\/css\">\n\t\t\t#gallery-1 {\n\t\t\t\tmargin: auto;\n\t\t\t}\n\t\t\t#gallery-1 .gallery-item {\n\t\t\t\tfloat: left;\n\t\t\t\tmargin-top: 10px;\n\t\t\t\ttext-align: center;\n\t\t\t\twidth: 33%;\n\t\t\t}\n\t\t\t#gallery-1 img {\n\t\t\t\tborder: 2px solid #cfcfcf;\n\t\t\t}\n\t\t\t#gallery-1 .gallery-caption {\n\t\t\t\tmargin-left: 0;\n\t\t\t}\n\t\t\t\/* see gallery_shortcode() in wp-includes\/media.php *\/\n\t\t<\/style>\n\t\t<div id='gallery-1' class='gallery galleryid-10945 gallery-columns-3 gallery-size-thumbnail'><dl class='gallery-item'>\n\t\t\t<dt class='gallery-icon portrait'>\n\t\t\t\t<a href='https:\/\/www.leds2all.pt\/?attachment_id=11187'><img loading=\"lazy\" decoding=\"async\" width=\"150\" height=\"150\" src=\"https:\/\/www.leds2all.pt\/wp-content\/uploads\/2021\/02\/178738244_803568417203437_160234434262118966_n-150x150.jpg\" class=\"attachment-thumbnail size-thumbnail\" alt=\"\" srcset=\"https:\/\/www.leds2all.pt\/wp-content\/uploads\/2021\/02\/178738244_803568417203437_160234434262118966_n-150x150.jpg 150w, https:\/\/www.leds2all.pt\/wp-content\/uploads\/2021\/02\/178738244_803568417203437_160234434262118966_n-100x100.jpg 100w, https:\/\/www.leds2all.pt\/wp-content\/uploads\/2021\/02\/178738244_803568417203437_160234434262118966_n-40x40.jpg 40w, https:\/\/www.leds2all.pt\/wp-content\/uploads\/2021\/02\/178738244_803568417203437_160234434262118966_n-500x500.jpg 500w\" sizes=\"auto, (max-width: 150px) 100vw, 150px\" \/><\/a>\n\t\t\t<\/dt><\/dl>\n\t\t\t<br style='clear: both' \/>\n\t\t<\/div>\n\n<p>\u20ac \u2013 dever\u00e1 nos contactar para combinar-mos sobre a personaliza\u00e7\u00e3o<\/p>\n<p>+ portes<\/p>\n","protected":false},"excerpt":{"rendered":"<p>Pano de cozinha personaliz\u00e1vel. Pre\u00e7o sem personaliza\u00e7\u00e3o \u2013 2\u20ac Pre\u00e7o com personaliza\u00e7\u00e3o \u2013 9 \u20ac \u2013 dever\u00e1 nos contactar para combinar-mos sobre a personaliza\u00e7\u00e3o + portes<\/p>\n","protected":false},"featured_media":11186,"comment_status":"open","ping_status":"closed","template":"","meta":{"_monsterinsights_skip_tracking":false,"_monsterinsights_sitenote_active":false,"_monsterinsights_sitenote_note":"","_monsterinsights_sitenote_category":0},"product_brand":[],"product_cat":[827],"product_tag":[657,658],"class_list":{"0":"post-10945","1":"product","2":"type-product","3":"status-publish","4":"has-post-thumbnail","6":"product_cat-extrema-fofura","7":"product_tag-cozinha","8":"product_tag-pano","10":"first","11":"instock","12":"shipping-taxable","13":"purchasable","14":"product-type-simple"},"aioseo_notices":[],"_links":{"self":[{"href":"https:\/\/www.leds2all.pt\/index.php?rest_route=\/wp\/v2\/product\/10945","targetHints":{"allow":["GET"]}}],"collection":[{"href":"https:\/\/www.leds2all.pt\/index.php?rest_route=\/wp\/v2\/product"}],"about":[{"href":"https:\/\/www.leds2all.pt\/index.php?rest_route=\/wp\/v2\/types\/product"}],"replies":[{"embeddable":true,"href":"https:\/\/www.leds2all.pt\/index.php?rest_route=%2Fwp%2Fv2%2Fcomments&post=10945"}],"wp:featuredmedia":[{"embeddable":true,"href":"https:\/\/www.leds2all.pt\/index.php?rest_route=\/wp\/v2\/media\/11186"}],"wp:attachment":[{"href":"https:\/\/www.leds2all.pt\/index.php?rest_route=%2Fwp%2Fv2%2Fmedia&parent=10945"}],"wp:term":[{"taxonomy":"product_brand","embeddable":true,"href":"https:\/\/www.leds2all.pt\/index.php?rest_route=%2Fwp%2Fv2%2Fproduct_brand&post=10945"},{"taxonomy":"product_cat","embeddable":true,"href":"https:\/\/www.leds2all.pt\/index.php?rest_route=%2Fwp%2Fv2%2Fproduct_cat&post=10945"},{"taxonomy":"product_tag","embeddable":true,"href":"https:\/\/www.leds2all.pt\/index.php?rest_route=%2Fwp%2Fv2%2Fproduct_tag&post=10945"}],"curies":[{"name":"wp","href":"https:\/\/api.w.org\/{rel}","templated":true}]}}