{"id":10949,"date":"2021-02-20T17:12:06","date_gmt":"2021-02-20T17:12:06","guid":{"rendered":"https:\/\/www.leds2all.pt\/?post_type=product&#038;p=10949"},"modified":"2024-02-27T13:37:45","modified_gmt":"2024-02-27T13:37:45","slug":"quadro-personalizado-sem-moldura","status":"publish","type":"product","link":"https:\/\/www.leds2all.pt\/?product=quadro-personalizado-sem-moldura","title":{"rendered":"Quadro personalizado sem moldura"},"content":{"rendered":"<p>Quadro personaliz\u00e1vel.<\/p>\n<p>Pre\u00e7o \u2013 15\u20ac \u2013 dever\u00e1 nos contactar para combinar-mos sobre a personaliza\u00e7\u00e3o<\/p>\n<p>+ portes<\/p>\n","protected":false},"excerpt":{"rendered":"<p>Quadro personaliz\u00e1vel. Pre\u00e7o \u2013 15\u20ac \u2013 dever\u00e1 nos contactar para combinar-mos sobre a personaliza\u00e7\u00e3o + portes<\/p>\n","protected":false},"featured_media":10950,"comment_status":"open","ping_status":"closed","template":"","meta":{"_monsterinsights_skip_tracking":false,"_monsterinsights_sitenote_active":false,"_monsterinsights_sitenote_note":"","_monsterinsights_sitenote_category":0},"product_brand":[],"product_cat":[827],"product_tag":[660],"class_list":{"0":"post-10949","1":"product","2":"type-product","3":"status-publish","4":"has-post-thumbnail","6":"product_cat-extrema-fofura","7":"product_tag-quadro","9":"first","10":"onbackorder","11":"shipping-taxable","12":"purchasable","13":"product-type-simple"},"aioseo_notices":[],"_links":{"self":[{"href":"https:\/\/www.leds2all.pt\/index.php?rest_route=\/wp\/v2\/product\/10949","targetHints":{"allow":["GET"]}}],"collection":[{"href":"https:\/\/www.leds2all.pt\/index.php?rest_route=\/wp\/v2\/product"}],"about":[{"href":"https:\/\/www.leds2all.pt\/index.php?rest_route=\/wp\/v2\/types\/product"}],"replies":[{"embeddable":true,"href":"https:\/\/www.leds2all.pt\/index.php?rest_route=%2Fwp%2Fv2%2Fcomments&post=10949"}],"wp:featuredmedia":[{"embeddable":true,"href":"https:\/\/www.leds2all.pt\/index.php?rest_route=\/wp\/v2\/media\/10950"}],"wp:attachment":[{"href":"https:\/\/www.leds2all.pt\/index.php?rest_route=%2Fwp%2Fv2%2Fmedia&parent=10949"}],"wp:term":[{"taxonomy":"product_brand","embeddable":true,"href":"https:\/\/www.leds2all.pt\/index.php?rest_route=%2Fwp%2Fv2%2Fproduct_brand&post=10949"},{"taxonomy":"product_cat","embeddable":true,"href":"https:\/\/www.leds2all.pt\/index.php?rest_route=%2Fwp%2Fv2%2Fproduct_cat&post=10949"},{"taxonomy":"product_tag","embeddable":true,"href":"https:\/\/www.leds2all.pt\/index.php?rest_route=%2Fwp%2Fv2%2Fproduct_tag&post=10949"}],"curies":[{"name":"wp","href":"https:\/\/api.w.org\/{rel}","templated":true}]}}