{"id":11003,"date":"2021-03-01T17:56:15","date_gmt":"2021-03-01T17:56:15","guid":{"rendered":"https:\/\/www.leds2all.pt\/?post_type=product&#038;p=11003"},"modified":"2022-04-07T13:21:44","modified_gmt":"2022-04-07T13:21:44","slug":"fairy-lava-loicas-platinium-limao-1616","status":"publish","type":"product","link":"https:\/\/www.leds2all.pt\/?product=fairy-lava-loicas-platinium-limao-1616","title":{"rendered":"FAIRY lava loi\u00e7as platinium lim\u00e3o 16+16"},"content":{"rendered":"<p>FAIRY lava loi\u00e7as platinium lim\u00e3o 16+16<\/p>\n","protected":false},"excerpt":{"rendered":"<p>FAIRY lava loi\u00e7as platinium lim\u00e3o 16+16<\/p>\n","protected":false},"featured_media":11004,"comment_status":"open","ping_status":"closed","template":"","meta":{"_monsterinsights_skip_tracking":false,"_monsterinsights_sitenote_active":false,"_monsterinsights_sitenote_note":"","_monsterinsights_sitenote_category":0},"product_brand":[],"product_cat":[494],"product_tag":[662,663],"class_list":{"0":"post-11003","1":"product","2":"type-product","3":"status-publish","4":"has-post-thumbnail","6":"product_cat-utilidades-casa","7":"product_tag-fairy","8":"product_tag-lava-loica","10":"first","11":"instock","12":"shipping-taxable","13":"product-type-simple"},"aioseo_notices":[],"_links":{"self":[{"href":"https:\/\/www.leds2all.pt\/index.php?rest_route=\/wp\/v2\/product\/11003","targetHints":{"allow":["GET"]}}],"collection":[{"href":"https:\/\/www.leds2all.pt\/index.php?rest_route=\/wp\/v2\/product"}],"about":[{"href":"https:\/\/www.leds2all.pt\/index.php?rest_route=\/wp\/v2\/types\/product"}],"replies":[{"embeddable":true,"href":"https:\/\/www.leds2all.pt\/index.php?rest_route=%2Fwp%2Fv2%2Fcomments&post=11003"}],"wp:featuredmedia":[{"embeddable":true,"href":"https:\/\/www.leds2all.pt\/index.php?rest_route=\/wp\/v2\/media\/11004"}],"wp:attachment":[{"href":"https:\/\/www.leds2all.pt\/index.php?rest_route=%2Fwp%2Fv2%2Fmedia&parent=11003"}],"wp:term":[{"taxonomy":"product_brand","embeddable":true,"href":"https:\/\/www.leds2all.pt\/index.php?rest_route=%2Fwp%2Fv2%2Fproduct_brand&post=11003"},{"taxonomy":"product_cat","embeddable":true,"href":"https:\/\/www.leds2all.pt\/index.php?rest_route=%2Fwp%2Fv2%2Fproduct_cat&post=11003"},{"taxonomy":"product_tag","embeddable":true,"href":"https:\/\/www.leds2all.pt\/index.php?rest_route=%2Fwp%2Fv2%2Fproduct_tag&post=11003"}],"curies":[{"name":"wp","href":"https:\/\/api.w.org\/{rel}","templated":true}]}}