{"id":11019,"date":"2021-03-04T15:39:19","date_gmt":"2021-03-04T15:39:19","guid":{"rendered":"https:\/\/www.leds2all.pt\/?post_type=product&#038;p=11019"},"modified":"2025-07-17T02:26:45","modified_gmt":"2025-07-17T02:26:45","slug":"lampada-led-g45-220v-e27-3w-branco-quente-3500k","status":"publish","type":"product","link":"https:\/\/www.leds2all.pt\/?product=lampada-led-g45-220v-e27-3w-branco-quente-3500k","title":{"rendered":"Lampada LED G45 220V E27 3W Branco quente 3500k"},"content":{"rendered":"<h1 class=\"a-size-base-plus a-text-bold\">Sobre este produto<\/h1>\n<ul class=\"a-unordered-list a-vertical a-spacing-mini\">\n<li class=\"a-spacing-mini\"><span class=\"a-list-item\">Embalagem redesenhada: a nossa embalagem foi atualizada e redesenhada com caixas mais seguras para evitar incid\u00eancias durante o transporte, evitando quebras ou l\u00e2mpadas fundidas devido a impactos.<\/span><\/li>\n<li class=\"a-spacing-mini\"><span class=\"a-list-item\">Caracter\u00edsticas: l\u00e2mpadas modelo cl\u00e1ssico A5 G45 da Aigostar com CRI&gt; 80, garantindo ilumina\u00e7\u00e3o natural, casquilho fino E27. N\u00e3o regul\u00e1veis.<\/span><\/li>\n<li class=\"a-spacing-mini\"><span class=\"a-list-item\">Economia de energia: as l\u00e2mpadas LED Aigostar causam uma economia de energia de 80% em compara\u00e7\u00e3o com as l\u00e2mpadas incandescentes tradicionais, economizando na sua conta.<\/span><\/li>\n<li class=\"a-spacing-mini\"><span class=\"a-list-item\">F\u00e1cil de instalar: basta desaparafusar a sua l\u00e2mpada incandescente antiga para enroscar a sua nova l\u00e2mpada LED em qualquer base com rosca grossa (E27) e a sua l\u00e2mpada LED estar\u00e1 a funcionar em qualquer l\u00e2mpada ou flexo.<\/span><\/li>\n<li class=\"a-spacing-mini\"><span class=\"a-list-item\">Qualidade garantida: a legisla\u00e7\u00e3o da marca de rotulagem energ\u00e9tica da UE reintroduz uma classifica\u00e7\u00e3o mais simples, utilizando apenas as letras de A G. Os nossos produtos cumprem as normas da estrutura de rotulagem energ\u00e9tica da UE. A classe de efici\u00eancia energ\u00e9tica F corresponde aos produtos A+, ainda melhor do que os produtos A+.<\/span><\/li>\n<\/ul>\n","protected":false},"excerpt":{"rendered":"<p>Sobre este produto Embalagem redesenhada: a nossa embalagem foi atualizada e redesenhada com caixas mais seguras para evitar incid\u00eancias durante o transporte, evitando quebras ou l\u00e2mpadas fundidas devido a impactos. Caracter\u00edsticas: l\u00e2mpadas modelo cl\u00e1ssico A5 G45 da Aigostar com CRI&gt; 80, garantindo ilumina\u00e7\u00e3o natural, casquilho fino E27. N\u00e3o regul\u00e1veis. Economia de energia: as l\u00e2mpadas LED [&hellip;]<\/p>\n","protected":false},"featured_media":9650,"comment_status":"open","ping_status":"closed","template":"","meta":{"_monsterinsights_skip_tracking":false,"_monsterinsights_sitenote_active":false,"_monsterinsights_sitenote_note":"","_monsterinsights_sitenote_category":0},"product_brand":[],"product_cat":[359],"product_tag":[437,337,360,521],"class_list":{"0":"post-11019","1":"product","2":"type-product","3":"status-publish","4":"has-post-thumbnail","6":"product_cat-e27","7":"product_tag-3500k","8":"product_tag-3w","9":"product_tag-e27","10":"product_tag-g45","12":"first","13":"instock","14":"shipping-taxable","15":"purchasable","16":"product-type-simple"},"aioseo_notices":[],"_links":{"self":[{"href":"https:\/\/www.leds2all.pt\/index.php?rest_route=\/wp\/v2\/product\/11019","targetHints":{"allow":["GET"]}}],"collection":[{"href":"https:\/\/www.leds2all.pt\/index.php?rest_route=\/wp\/v2\/product"}],"about":[{"href":"https:\/\/www.leds2all.pt\/index.php?rest_route=\/wp\/v2\/types\/product"}],"replies":[{"embeddable":true,"href":"https:\/\/www.leds2all.pt\/index.php?rest_route=%2Fwp%2Fv2%2Fcomments&post=11019"}],"wp:featuredmedia":[{"embeddable":true,"href":"https:\/\/www.leds2all.pt\/index.php?rest_route=\/wp\/v2\/media\/9650"}],"wp:attachment":[{"href":"https:\/\/www.leds2all.pt\/index.php?rest_route=%2Fwp%2Fv2%2Fmedia&parent=11019"}],"wp:term":[{"taxonomy":"product_brand","embeddable":true,"href":"https:\/\/www.leds2all.pt\/index.php?rest_route=%2Fwp%2Fv2%2Fproduct_brand&post=11019"},{"taxonomy":"product_cat","embeddable":true,"href":"https:\/\/www.leds2all.pt\/index.php?rest_route=%2Fwp%2Fv2%2Fproduct_cat&post=11019"},{"taxonomy":"product_tag","embeddable":true,"href":"https:\/\/www.leds2all.pt\/index.php?rest_route=%2Fwp%2Fv2%2Fproduct_tag&post=11019"}],"curies":[{"name":"wp","href":"https:\/\/api.w.org\/{rel}","templated":true}]}}