{"id":11024,"date":"2021-03-04T19:24:04","date_gmt":"2021-03-04T19:24:04","guid":{"rendered":"https:\/\/www.leds2all.pt\/?post_type=product&#038;p=11024"},"modified":"2023-06-08T09:57:08","modified_gmt":"2023-06-08T09:57:08","slug":"interruptor-de-escada-1-tecla","status":"publish","type":"product","link":"https:\/\/www.leds2all.pt\/?product=interruptor-de-escada-1-tecla","title":{"rendered":"Interruptor de escada 1 tecla"},"content":{"rendered":"<table class=\"c-product-table\">\n<tbody class=\"c-product-table__tbody\">\n<tr class=\"row c-product-table__row\">\n<td class=\"c-product-table__cell\">Alimenta\u00e7\u00e3o:<\/td>\n<td class=\"c-product-table__cell c-product-table__cell--value\">220-240V AC<\/td>\n<\/tr>\n<tr class=\"row c-product-table__row\">\n<td class=\"c-product-table__cell\">Multivoltagem:<\/td>\n<td class=\"c-product-table__cell c-product-table__cell--value\">100-240V AC<\/td>\n<\/tr>\n<tr class=\"row c-product-table__row\">\n<td class=\"c-product-table__cell\">Intensidade:<\/td>\n<td class=\"c-product-table__cell c-product-table__cell--value\">10A<\/td>\n<\/tr>\n<tr class=\"row c-product-table__row\">\n<td class=\"c-product-table__cell\">Frequ\u00eancia:<\/td>\n<td class=\"c-product-table__cell c-product-table__cell--value\">50-60 Hz<\/td>\n<\/tr>\n<tr class=\"row c-product-table__row\">\n<td class=\"c-product-table__cell\">Prote\u00e7\u00e3o IP:<\/td>\n<td class=\"c-product-table__cell c-product-table__cell--value\">IP54<\/td>\n<\/tr>\n<\/tbody>\n<\/table>\n","protected":false},"excerpt":{"rendered":"<p>Alimenta\u00e7\u00e3o: 220-240V AC Multivoltagem: 100-240V AC Intensidade: 10A Frequ\u00eancia: 50-60 Hz Prote\u00e7\u00e3o IP: IP54<\/p>\n","protected":false},"featured_media":0,"comment_status":"open","ping_status":"closed","template":"","meta":{"_monsterinsights_skip_tracking":false,"_monsterinsights_sitenote_active":false,"_monsterinsights_sitenote_note":"","_monsterinsights_sitenote_category":0},"product_brand":[],"product_cat":[551],"product_tag":[609,579],"class_list":{"0":"post-11024","1":"product","2":"type-product","3":"status-publish","5":"product_cat-material-electrico","6":"product_tag-escada","7":"product_tag-interruptor","9":"first","10":"instock","11":"shipping-taxable","12":"product-type-simple"},"aioseo_notices":[],"_links":{"self":[{"href":"https:\/\/www.leds2all.pt\/index.php?rest_route=\/wp\/v2\/product\/11024","targetHints":{"allow":["GET"]}}],"collection":[{"href":"https:\/\/www.leds2all.pt\/index.php?rest_route=\/wp\/v2\/product"}],"about":[{"href":"https:\/\/www.leds2all.pt\/index.php?rest_route=\/wp\/v2\/types\/product"}],"replies":[{"embeddable":true,"href":"https:\/\/www.leds2all.pt\/index.php?rest_route=%2Fwp%2Fv2%2Fcomments&post=11024"}],"wp:attachment":[{"href":"https:\/\/www.leds2all.pt\/index.php?rest_route=%2Fwp%2Fv2%2Fmedia&parent=11024"}],"wp:term":[{"taxonomy":"product_brand","embeddable":true,"href":"https:\/\/www.leds2all.pt\/index.php?rest_route=%2Fwp%2Fv2%2Fproduct_brand&post=11024"},{"taxonomy":"product_cat","embeddable":true,"href":"https:\/\/www.leds2all.pt\/index.php?rest_route=%2Fwp%2Fv2%2Fproduct_cat&post=11024"},{"taxonomy":"product_tag","embeddable":true,"href":"https:\/\/www.leds2all.pt\/index.php?rest_route=%2Fwp%2Fv2%2Fproduct_tag&post=11024"}],"curies":[{"name":"wp","href":"https:\/\/api.w.org\/{rel}","templated":true}]}}