{"id":11231,"date":"2021-05-17T12:34:51","date_gmt":"2021-05-17T12:34:51","guid":{"rendered":"https:\/\/www.leds2all.pt\/?post_type=product&#038;p=11231"},"modified":"2024-10-09T13:55:51","modified_gmt":"2024-10-09T13:55:51","slug":"lampada-led-opalina-220v-e27-9w-branco-q-3000k-2","status":"publish","type":"product","link":"https:\/\/www.leds2all.pt\/?product=lampada-led-opalina-220v-e27-9w-branco-q-3000k-2","title":{"rendered":"Lampada LED Opalina 220V E27 9W Branco Q. 3000K"},"content":{"rendered":"<p>Certificado: CE<br \/>\nCusto de elimina\u00e7\u00e3o de res\u00edduos: 11 gr \/ kg<br \/>\nN\u00famero de l\u00famens: 675 lm<br \/>\nConsumo de energia: 9 W<br \/>\nTempo de vida: 30 000 horas<br \/>\nTom: branco quente<br \/>\nTemperatura de cor: 3000 K<br \/>\nTens\u00e3o de trabalho: 170 &#8211; 250 V (50 &#8211; 60 Hz);<br \/>\nLLMF: &gt; 70%<\/p>\n","protected":false},"excerpt":{"rendered":"<p>Certificado: CE Custo de elimina\u00e7\u00e3o de res\u00edduos: 11 gr \/ kg N\u00famero de l\u00famens: 675 lm Consumo de energia: 9 W Tempo de vida: 30 000 horas Tom: branco quente Temperatura de cor: 3000 K Tens\u00e3o de trabalho: 170 &#8211; 250 V (50 &#8211; 60 Hz); LLMF: &gt; 70%<\/p>\n","protected":false},"featured_media":11232,"comment_status":"open","ping_status":"closed","template":"","meta":{"_monsterinsights_skip_tracking":false,"_monsterinsights_sitenote_active":false,"_monsterinsights_sitenote_note":"","_monsterinsights_sitenote_category":0},"product_brand":[],"product_cat":[359],"product_tag":[327,333,360],"class_list":{"0":"post-11231","1":"product","2":"type-product","3":"status-publish","4":"has-post-thumbnail","6":"product_cat-e27","7":"product_tag-3000k","8":"product_tag-9w","9":"product_tag-e27","11":"first","12":"onbackorder","13":"shipping-taxable","14":"purchasable","15":"product-type-simple"},"aioseo_notices":[],"_links":{"self":[{"href":"https:\/\/www.leds2all.pt\/index.php?rest_route=\/wp\/v2\/product\/11231","targetHints":{"allow":["GET"]}}],"collection":[{"href":"https:\/\/www.leds2all.pt\/index.php?rest_route=\/wp\/v2\/product"}],"about":[{"href":"https:\/\/www.leds2all.pt\/index.php?rest_route=\/wp\/v2\/types\/product"}],"replies":[{"embeddable":true,"href":"https:\/\/www.leds2all.pt\/index.php?rest_route=%2Fwp%2Fv2%2Fcomments&post=11231"}],"wp:featuredmedia":[{"embeddable":true,"href":"https:\/\/www.leds2all.pt\/index.php?rest_route=\/wp\/v2\/media\/11232"}],"wp:attachment":[{"href":"https:\/\/www.leds2all.pt\/index.php?rest_route=%2Fwp%2Fv2%2Fmedia&parent=11231"}],"wp:term":[{"taxonomy":"product_brand","embeddable":true,"href":"https:\/\/www.leds2all.pt\/index.php?rest_route=%2Fwp%2Fv2%2Fproduct_brand&post=11231"},{"taxonomy":"product_cat","embeddable":true,"href":"https:\/\/www.leds2all.pt\/index.php?rest_route=%2Fwp%2Fv2%2Fproduct_cat&post=11231"},{"taxonomy":"product_tag","embeddable":true,"href":"https:\/\/www.leds2all.pt\/index.php?rest_route=%2Fwp%2Fv2%2Fproduct_tag&post=11231"}],"curies":[{"name":"wp","href":"https:\/\/api.w.org\/{rel}","templated":true}]}}