{"id":11245,"date":"2021-05-21T12:44:12","date_gmt":"2021-05-21T12:44:12","guid":{"rendered":"https:\/\/www.leds2all.pt\/?post_type=product&#038;p=11245"},"modified":"2024-06-25T18:25:19","modified_gmt":"2024-06-25T18:25:19","slug":"capsulas-nescafe-dolce-gusto-16-unidades-buondi","status":"publish","type":"product","link":"https:\/\/www.leds2all.pt\/?product=capsulas-nescafe-dolce-gusto-16-unidades-buondi","title":{"rendered":"Disco hdd 1000gb"},"content":{"rendered":"<h1 class=\"prod-detail-name\">Capacidade: 1 TB<br \/>\nInterface: SATA 6 Gb\/s (compat\u00edvel com anteriores);<br \/>\nFormato: 2.5 polegadas<br \/>\nTaxa de transfer\u00eancia de dados:<br \/>\nBuffer para host: 6 Gb\/s<br \/>\nHost para\/desde drive (mantido);: at\u00e9 204 MB\/s<br \/>\nCache: 128 MB<br \/>\nVelocidade de Rota\u00e7\u00e3o: 5400 RPM<br \/>\nRequisitos m\u00e9dios de energia:<br \/>\nLeitura\/grava\u00e7\u00e3o: 1,5 W<br \/>\nIdle: 0,5 W<br \/>\nStandby: 0,1 W<br \/>\nDimens\u00f5es F\u00edsicas: 7,00 mm (Altura); x 100,20 mm (Comprimento); x 69,85 mm (Largura);<\/h1>\n","protected":false},"excerpt":{"rendered":"<p>Capacidade: 1 TB Interface: SATA 6 Gb\/s (compat\u00edvel com anteriores); Formato: 2.5 polegadas Taxa de transfer\u00eancia de dados: Buffer para host: 6 Gb\/s Host para\/desde drive (mantido);: at\u00e9 204 MB\/s Cache: 128 MB Velocidade de Rota\u00e7\u00e3o: 5400 RPM Requisitos m\u00e9dios de energia: Leitura\/grava\u00e7\u00e3o: 1,5 W Idle: 0,5 W Standby: 0,1 W Dimens\u00f5es F\u00edsicas: 7,00 mm [&hellip;]<\/p>\n","protected":false},"featured_media":0,"comment_status":"open","ping_status":"closed","template":"","meta":{"_monsterinsights_skip_tracking":false,"_monsterinsights_sitenote_active":false,"_monsterinsights_sitenote_note":"","_monsterinsights_sitenote_category":0},"product_brand":[],"product_cat":[684],"product_tag":[585,750,749],"class_list":{"0":"post-11245","1":"product","2":"type-product","3":"status-publish","5":"product_cat-usados","6":"product_tag-disco","7":"product_tag-hdd","8":"product_tag-rigido","10":"first","11":"outofstock","12":"shipping-taxable","13":"purchasable","14":"product-type-simple"},"aioseo_notices":[],"_links":{"self":[{"href":"https:\/\/www.leds2all.pt\/index.php?rest_route=\/wp\/v2\/product\/11245","targetHints":{"allow":["GET"]}}],"collection":[{"href":"https:\/\/www.leds2all.pt\/index.php?rest_route=\/wp\/v2\/product"}],"about":[{"href":"https:\/\/www.leds2all.pt\/index.php?rest_route=\/wp\/v2\/types\/product"}],"replies":[{"embeddable":true,"href":"https:\/\/www.leds2all.pt\/index.php?rest_route=%2Fwp%2Fv2%2Fcomments&post=11245"}],"wp:attachment":[{"href":"https:\/\/www.leds2all.pt\/index.php?rest_route=%2Fwp%2Fv2%2Fmedia&parent=11245"}],"wp:term":[{"taxonomy":"product_brand","embeddable":true,"href":"https:\/\/www.leds2all.pt\/index.php?rest_route=%2Fwp%2Fv2%2Fproduct_brand&post=11245"},{"taxonomy":"product_cat","embeddable":true,"href":"https:\/\/www.leds2all.pt\/index.php?rest_route=%2Fwp%2Fv2%2Fproduct_cat&post=11245"},{"taxonomy":"product_tag","embeddable":true,"href":"https:\/\/www.leds2all.pt\/index.php?rest_route=%2Fwp%2Fv2%2Fproduct_tag&post=11245"}],"curies":[{"name":"wp","href":"https:\/\/api.w.org\/{rel}","templated":true}]}}