{"id":11454,"date":"2021-09-22T13:04:02","date_gmt":"2021-09-22T13:04:02","guid":{"rendered":"https:\/\/www.leds2all.pt\/?post_type=product&#038;p=11454"},"modified":"2021-09-22T13:05:43","modified_gmt":"2021-09-22T13:05:43","slug":"lampada-led-e27-b5-espiral-220v-20w-branco-q-3000k","status":"publish","type":"product","link":"https:\/\/www.leds2all.pt\/?product=lampada-led-e27-b5-espiral-220v-20w-branco-q-3000k","title":{"rendered":"Lampada LED E27 B5 ESPIRAL 220V 20W Branco Q. 3000K"},"content":{"rendered":"<p>&#8211; Tipo de base: E27<br \/>\n&#8211; Tens\u00e3o: 220VAC \/ 50Hz<br \/>\n&#8211; Pot\u00eancia: 20W<br \/>\n&#8211; Temperatura de cor: 3000K (branco quente);<br \/>\n&#8211; Fluxo luminoso: 1800 Lumens<br \/>\n&#8211; N\u00e3o dim\u00e1vel<br \/>\n&#8211; Tempo para atingir fluxo luminoso m\u00e1ximo: 0s<br \/>\n&#8211; Classe energ\u00e9tica: A+<\/p>\n<p>Dimens\u00f5es: \u00d860x158mm<\/p>\n","protected":false},"excerpt":{"rendered":"<p>&#8211; Tipo de base: E27 &#8211; Tens\u00e3o: 220VAC \/ 50Hz &#8211; Pot\u00eancia: 20W &#8211; Temperatura de cor: 3000K (branco quente); &#8211; Fluxo luminoso: 1800 Lumens &#8211; N\u00e3o dim\u00e1vel &#8211; Tempo para atingir fluxo luminoso m\u00e1ximo: 0s &#8211; Classe energ\u00e9tica: A+ Dimens\u00f5es: \u00d860x158mm<\/p>\n","protected":false},"featured_media":11453,"comment_status":"open","ping_status":"closed","template":"","meta":{"_monsterinsights_skip_tracking":false,"_monsterinsights_sitenote_active":false,"_monsterinsights_sitenote_note":"","_monsterinsights_sitenote_category":0},"product_brand":[],"product_cat":[359],"product_tag":[395,327,360],"class_list":{"0":"post-11454","1":"product","2":"type-product","3":"status-publish","4":"has-post-thumbnail","6":"product_cat-e27","7":"product_tag-20w","8":"product_tag-3000k","9":"product_tag-e27","11":"first","12":"instock","13":"shipping-taxable","14":"purchasable","15":"product-type-simple"},"aioseo_notices":[],"_links":{"self":[{"href":"https:\/\/www.leds2all.pt\/index.php?rest_route=\/wp\/v2\/product\/11454","targetHints":{"allow":["GET"]}}],"collection":[{"href":"https:\/\/www.leds2all.pt\/index.php?rest_route=\/wp\/v2\/product"}],"about":[{"href":"https:\/\/www.leds2all.pt\/index.php?rest_route=\/wp\/v2\/types\/product"}],"replies":[{"embeddable":true,"href":"https:\/\/www.leds2all.pt\/index.php?rest_route=%2Fwp%2Fv2%2Fcomments&post=11454"}],"wp:featuredmedia":[{"embeddable":true,"href":"https:\/\/www.leds2all.pt\/index.php?rest_route=\/wp\/v2\/media\/11453"}],"wp:attachment":[{"href":"https:\/\/www.leds2all.pt\/index.php?rest_route=%2Fwp%2Fv2%2Fmedia&parent=11454"}],"wp:term":[{"taxonomy":"product_brand","embeddable":true,"href":"https:\/\/www.leds2all.pt\/index.php?rest_route=%2Fwp%2Fv2%2Fproduct_brand&post=11454"},{"taxonomy":"product_cat","embeddable":true,"href":"https:\/\/www.leds2all.pt\/index.php?rest_route=%2Fwp%2Fv2%2Fproduct_cat&post=11454"},{"taxonomy":"product_tag","embeddable":true,"href":"https:\/\/www.leds2all.pt\/index.php?rest_route=%2Fwp%2Fv2%2Fproduct_tag&post=11454"}],"curies":[{"name":"wp","href":"https:\/\/api.w.org\/{rel}","templated":true}]}}