{"id":11648,"date":"2021-11-21T12:19:05","date_gmt":"2021-11-21T12:19:05","guid":{"rendered":"https:\/\/www.leds2all.pt\/?post_type=product&#038;p=11648"},"modified":"2024-07-22T13:15:42","modified_gmt":"2024-07-22T13:15:42","slug":"porta-mosquiteira-basic-marron-100x210cm","status":"publish","type":"product","link":"https:\/\/www.leds2all.pt\/?product=porta-mosquiteira-basic-marron-100x210cm","title":{"rendered":"PORTA MOSQUITEIRA BASIC MARRON 100X210CM"},"content":{"rendered":"<pre id=\"tw-target-text\" class=\"tw-data-text tw-text-large tw-ta\" dir=\"ltr\" data-placeholder=\"Tradu\u00e7\u00e3o\"><span class=\"Y2IQFc\" lang=\"pt\">BASIC MARRON 100X210CM \r\nPORTA DE REDE MOSQUITEIRA. \r\nPODE SER REDUZIDO EM ALTURA E LARGURA. \r\nF\u00c1CIL MONTAGEM NO QUADRO DA PORTA. \r\nREMOV\u00cdVEL A QUALQUER MOMENTO. \r\nPERFIL DE ALUM\u00cdNIO. \r\nMALHA DE FIBRA DE VIDRO DE ALTA QUALIDADE PARA UMA OTIMA TRANSPAR\u00caNCIA.<\/span><\/pre>\n","protected":false},"excerpt":{"rendered":"<p>BASIC MARRON 100X210CM PORTA DE REDE MOSQUITEIRA. PODE SER REDUZIDO EM ALTURA E LARGURA. F\u00c1CIL MONTAGEM NO QUADRO DA PORTA. REMOV\u00cdVEL A QUALQUER MOMENTO. PERFIL DE ALUM\u00cdNIO. MALHA DE FIBRA DE VIDRO DE ALTA QUALIDADE PARA UMA OTIMA TRANSPAR\u00caNCIA.<\/p>\n","protected":false},"featured_media":11649,"comment_status":"open","ping_status":"closed","template":"","meta":{"_monsterinsights_skip_tracking":false,"_monsterinsights_sitenote_active":false,"_monsterinsights_sitenote_note":"","_monsterinsights_sitenote_category":0},"product_brand":[],"product_cat":[494],"product_tag":[567,690,568],"class_list":{"0":"post-11648","1":"product","2":"type-product","3":"status-publish","4":"has-post-thumbnail","6":"product_cat-utilidades-casa","7":"product_tag-mosquiteira","8":"product_tag-porta","9":"product_tag-rede","11":"first","12":"outofstock","13":"shipping-taxable","14":"purchasable","15":"product-type-simple"},"aioseo_notices":[],"_links":{"self":[{"href":"https:\/\/www.leds2all.pt\/index.php?rest_route=\/wp\/v2\/product\/11648","targetHints":{"allow":["GET"]}}],"collection":[{"href":"https:\/\/www.leds2all.pt\/index.php?rest_route=\/wp\/v2\/product"}],"about":[{"href":"https:\/\/www.leds2all.pt\/index.php?rest_route=\/wp\/v2\/types\/product"}],"replies":[{"embeddable":true,"href":"https:\/\/www.leds2all.pt\/index.php?rest_route=%2Fwp%2Fv2%2Fcomments&post=11648"}],"wp:featuredmedia":[{"embeddable":true,"href":"https:\/\/www.leds2all.pt\/index.php?rest_route=\/wp\/v2\/media\/11649"}],"wp:attachment":[{"href":"https:\/\/www.leds2all.pt\/index.php?rest_route=%2Fwp%2Fv2%2Fmedia&parent=11648"}],"wp:term":[{"taxonomy":"product_brand","embeddable":true,"href":"https:\/\/www.leds2all.pt\/index.php?rest_route=%2Fwp%2Fv2%2Fproduct_brand&post=11648"},{"taxonomy":"product_cat","embeddable":true,"href":"https:\/\/www.leds2all.pt\/index.php?rest_route=%2Fwp%2Fv2%2Fproduct_cat&post=11648"},{"taxonomy":"product_tag","embeddable":true,"href":"https:\/\/www.leds2all.pt\/index.php?rest_route=%2Fwp%2Fv2%2Fproduct_tag&post=11648"}],"curies":[{"name":"wp","href":"https:\/\/api.w.org\/{rel}","templated":true}]}}