{"id":11669,"date":"2021-11-29T14:21:43","date_gmt":"2021-11-29T14:21:43","guid":{"rendered":"https:\/\/www.leds2all.pt\/?post_type=product&#038;p=11669"},"modified":"2021-11-29T14:21:45","modified_gmt":"2021-11-29T14:21:45","slug":"estabilizador-de-imagem-para-telemovel-snoppa-atom","status":"publish","type":"product","link":"https:\/\/www.leds2all.pt\/?product=estabilizador-de-imagem-para-telemovel-snoppa-atom","title":{"rendered":"Estabilizador de imagem para telemovel Snoppa Atom"},"content":{"rendered":"<p>O melhor gimbal para telemovel. Pois alem de suportar telemovel ate 310g tem carregamento wireless incluido e entrada de AUDIO para ligar microfone.<\/p>\n<p>Vai com:<br \/>\nManual de instru\u00e7\u00f5es<br \/>\nBolsa de transporte<\/p>\n<p>Principais Caracter\u00edsticas:<br \/>\n\u2022 Tens\u00e3o de trabalho: 7,4v<br \/>\n\u2022 Corrente de trabalho: 90mA (gravidade balanceada);<br \/>\n\u2022 Temperatura de trabalho: -10 \u00b0 C ~ 45 \u00b0 C<br \/>\n\u2022 Faixa de rota\u00e7\u00e3o mec\u00e2nica do eixo: 330\u00b0<br \/>\n\u2022 Faixa de rota\u00e7\u00e3o mec\u00e2nica do eixo: 330\u00b0<br \/>\n\u2022 Intervalo de rota\u00e7\u00e3o mec\u00e2nica do eixo: 360\u00b0(rota\u00e7\u00e3o livre);<br \/>\n\u2022 atitude Est\u00e1tica sem Erro de rastreamento: \u00b1 0.05<br \/>\n\u2022 Tecido de atitude de movimento: \u00b1 0.2<br \/>\n\u2022 Faixa de largura do telem\u00f3vel m\u00f3vel: 55-90mm (Certifique-se de que a largura do telem\u00f3vel est\u00e1 dentro da toltolta em ordem para obter a melhor experi\u00eancia de uso);<br \/>\n\u2022 Espessura do telem\u00f3vel m\u00f3vel: \u22649mm); (certificar-se de que a espessura do telem\u00f3vel est\u00e1 dentro de 9 mm em ordem para obter a melhor experi\u00eancia de uso);<br \/>\n\u2022 Tipo de tomada de microfone: 3,5 mm TRRS<br \/>\n\u2022 Informa\u00e7\u00e3o da Bateria: Bateria de l\u00edtio-\u00edon de 2000 mAh Embutida<br \/>\n\u2022 Temperatura de carregamento: 5-40\u00b0C<br \/>\n\u2022 Tempo de carregamento: 3 horas (poder carregando-10w);<\/p>\n","protected":false},"excerpt":{"rendered":"<p>O melhor gimbal para telemovel. Pois alem de suportar telemovel ate 310g tem carregamento wireless incluido e entrada de AUDIO para ligar microfone. Vai com: Manual de instru\u00e7\u00f5es Bolsa de transporte Principais Caracter\u00edsticas: \u2022 Tens\u00e3o de trabalho: 7,4v \u2022 Corrente de trabalho: 90mA (gravidade balanceada); \u2022 Temperatura de trabalho: -10 \u00b0 C ~ 45 \u00b0 [&hellip;]<\/p>\n","protected":false},"featured_media":11670,"comment_status":"open","ping_status":"closed","template":"","meta":{"_monsterinsights_skip_tracking":false,"_monsterinsights_sitenote_active":false,"_monsterinsights_sitenote_note":"","_monsterinsights_sitenote_category":0},"product_brand":[],"product_cat":[684],"product_tag":[691,692],"class_list":{"0":"post-11669","1":"product","2":"type-product","3":"status-publish","4":"has-post-thumbnail","6":"product_cat-usados","7":"product_tag-estabilizador","8":"product_tag-snoppa-atom","10":"first","11":"instock","12":"shipping-taxable","13":"purchasable","14":"product-type-simple"},"aioseo_notices":[],"_links":{"self":[{"href":"https:\/\/www.leds2all.pt\/index.php?rest_route=\/wp\/v2\/product\/11669","targetHints":{"allow":["GET"]}}],"collection":[{"href":"https:\/\/www.leds2all.pt\/index.php?rest_route=\/wp\/v2\/product"}],"about":[{"href":"https:\/\/www.leds2all.pt\/index.php?rest_route=\/wp\/v2\/types\/product"}],"replies":[{"embeddable":true,"href":"https:\/\/www.leds2all.pt\/index.php?rest_route=%2Fwp%2Fv2%2Fcomments&post=11669"}],"wp:featuredmedia":[{"embeddable":true,"href":"https:\/\/www.leds2all.pt\/index.php?rest_route=\/wp\/v2\/media\/11670"}],"wp:attachment":[{"href":"https:\/\/www.leds2all.pt\/index.php?rest_route=%2Fwp%2Fv2%2Fmedia&parent=11669"}],"wp:term":[{"taxonomy":"product_brand","embeddable":true,"href":"https:\/\/www.leds2all.pt\/index.php?rest_route=%2Fwp%2Fv2%2Fproduct_brand&post=11669"},{"taxonomy":"product_cat","embeddable":true,"href":"https:\/\/www.leds2all.pt\/index.php?rest_route=%2Fwp%2Fv2%2Fproduct_cat&post=11669"},{"taxonomy":"product_tag","embeddable":true,"href":"https:\/\/www.leds2all.pt\/index.php?rest_route=%2Fwp%2Fv2%2Fproduct_tag&post=11669"}],"curies":[{"name":"wp","href":"https:\/\/api.w.org\/{rel}","templated":true}]}}