{"id":11682,"date":"2021-12-02T21:26:31","date_gmt":"2021-12-02T21:26:31","guid":{"rendered":"https:\/\/www.leds2all.pt\/?post_type=product&#038;p=11682"},"modified":"2024-02-27T14:07:34","modified_gmt":"2024-02-27T14:07:34","slug":"projector-led-ip65-220v-3000k-30w-dimavel","status":"publish","type":"product","link":"https:\/\/www.leds2all.pt\/?product=projector-led-ip65-220v-3000k-30w-dimavel","title":{"rendered":"Projector LED IP65 220V 3000K 30W Dim\u00e1vel"},"content":{"rendered":"<table class=\"c-product-table\">\n<tbody class=\"c-product-table__tbody\">\n<tr class=\"row c-product-table__row\">\n<td class=\"c-product-table__cell\">Pot\u00eancia:<\/td>\n<td class=\"c-product-table__cell c-product-table__cell--value\">30 W<\/td>\n<\/tr>\n<tr class=\"row c-product-table__row\">\n<td class=\"c-product-table__cell\">Factor de Pot\u00eancia (FP);:<\/td>\n<td class=\"c-product-table__cell c-product-table__cell--value\">0.99<\/td>\n<\/tr>\n<tr class=\"row c-product-table__row\">\n<td class=\"c-product-table__cell\">Alimenta\u00e7\u00e3o:<\/td>\n<td class=\"c-product-table__cell c-product-table__cell--value\">220-240V AC<\/td>\n<\/tr>\n<tr class=\"row c-product-table__row\">\n<td class=\"c-product-table__cell\">Multivoltagem:<\/td>\n<td class=\"c-product-table__cell c-product-table__cell--value\">190-260V AC<\/td>\n<\/tr>\n<tr class=\"row c-product-table__row\">\n<td class=\"c-product-table__cell\">Frequ\u00eancia:<\/td>\n<td class=\"c-product-table__cell c-product-table__cell--value\">50-60 Hz<\/td>\n<\/tr>\n<tr class=\"row c-product-table__row\">\n<td class=\"c-product-table__cell\">Sa\u00edda:<\/td>\n<td class=\"c-product-table__cell c-product-table__cell--value\">0.045 A<\/td>\n<\/tr>\n<tr class=\"row c-product-table__row\">\n<td class=\"c-product-table__cell\">Classe Isolamento El\u00e9trico:<\/td>\n<td class=\"c-product-table__cell c-product-table__cell--value\">I<\/td>\n<\/tr>\n<tr class=\"row c-product-table__row\">\n<td class=\"c-product-table__cell\">Secci\u00f3n:<\/td>\n<td class=\"c-product-table__cell c-product-table__cell--value\">3&#215;0.75 mm2<\/td>\n<\/tr>\n<tr class=\"row c-product-table__row\">\n<td class=\"c-product-table__cell\">Regulavel:<\/td>\n<td class=\"c-product-table__cell c-product-table__cell--value\">Triac (30%-100%);<\/td>\n<\/tr>\n<tr class=\"row c-product-table__row\">\n<td class=\"c-product-table__cell\">Fonte luminosa:<\/td>\n<td class=\"c-product-table__cell c-product-table__cell--value\">Lumileds SMD2835<\/td>\n<\/tr>\n<tr class=\"row c-product-table__row\">\n<td class=\"c-product-table__cell\">Cantidade de LEDs:<\/td>\n<td class=\"c-product-table__cell c-product-table__cell--value\">54<\/td>\n<\/tr>\n<tr class=\"row c-product-table__row\">\n<td class=\"c-product-table__cell\">CRI:<\/td>\n<td class=\"c-product-table__cell c-product-table__cell--value\">80<\/td>\n<\/tr>\n<tr class=\"row c-product-table__row\">\n<td class=\"c-product-table__cell\">Luminosidade:<\/td>\n<td class=\"c-product-table__cell c-product-table__cell--value\">4050 lm<\/td>\n<\/tr>\n<tr class=\"row c-product-table__row\">\n<td class=\"c-product-table__cell\">Efici\u00eancia Luminosa:<\/td>\n<td class=\"c-product-table__cell c-product-table__cell--value\">135 lm\/W<\/td>\n<\/tr>\n<tr class=\"row c-product-table__row\">\n<td class=\"c-product-table__cell\">Rendimiento LED:<\/td>\n<td class=\"c-product-table__cell c-product-table__cell--value\">145 lm\/W<\/td>\n<\/tr>\n<tr class=\"row c-product-table__row\">\n<td class=\"c-product-table__cell\">Efici\u00eancia energ\u00e9tica 2021 (UE-2019\/2015);:<\/td>\n<td class=\"c-product-table__cell c-product-table__cell--value\">A++<\/td>\n<\/tr>\n<tr class=\"row c-product-table__row\">\n<td class=\"c-product-table__cell\">Efici\u00eancia energ\u00e9tica 2023 (UE-2019\/2015);:<\/td>\n<td class=\"c-product-table__cell c-product-table__cell--value\">D<\/td>\n<\/tr>\n<tr class=\"row c-product-table__row\">\n<td class=\"c-product-table__cell\">\u00c1ngulo de Abertura:<\/td>\n<td class=\"c-product-table__cell c-product-table__cell--value\">120\u00ba<\/td>\n<\/tr>\n<tr class=\"row c-product-table__row\">\n<td class=\"c-product-table__cell\">Uso:<\/td>\n<td class=\"c-product-table__cell c-product-table__cell--value\">Interior-Exterior<\/td>\n<\/tr>\n<tr class=\"row c-product-table__row\">\n<td class=\"c-product-table__cell\">Prote\u00e7\u00e3o IP:<\/td>\n<td class=\"c-product-table__cell c-product-table__cell--value\">IP65<\/td>\n<\/tr>\n<tr class=\"row c-product-table__row\">\n<td class=\"c-product-table__cell\">Prote\u00e7\u00e3o IK:<\/td>\n<td class=\"c-product-table__cell c-product-table__cell--value\">IK08<\/td>\n<\/tr>\n<tr class=\"row c-product-table__row\">\n<td class=\"c-product-table__cell\">Material:<\/td>\n<td class=\"c-product-table__cell c-product-table__cell--value\">Aluminio &#8211; Cristal<\/td>\n<\/tr>\n<tr class=\"row c-product-table__row\">\n<td class=\"c-product-table__cell\">Instala\u00e7\u00e3o:<\/td>\n<td class=\"c-product-table__cell c-product-table__cell--value\">Superficie<\/td>\n<\/tr>\n<tr class=\"row c-product-table__row\">\n<td class=\"c-product-table__cell\">Dimens\u00f5es:<\/td>\n<td class=\"c-product-table__cell c-product-table__cell--value\">235x185x55 mm<\/td>\n<\/tr>\n<tr class=\"row c-product-table__row\">\n<td class=\"c-product-table__cell\">Peso:<\/td>\n<td class=\"c-product-table__cell c-product-table__cell--value\">0.9 Kg<\/td>\n<\/tr>\n<tr class=\"row c-product-table__row\">\n<td class=\"c-product-table__cell\">Temp. de Trabalho:<\/td>\n<td class=\"c-product-table__cell c-product-table__cell--value\">-20\u00baC \/ +40\u00baC<\/td>\n<\/tr>\n<tr class=\"row c-product-table__row\">\n<td class=\"c-product-table__cell\">Vida \u00datil:<\/td>\n<td class=\"c-product-table__cell c-product-table__cell--value\">50.000 Horas<\/td>\n<\/tr>\n<\/tbody>\n<\/table>\n","protected":false},"excerpt":{"rendered":"<p>Pot\u00eancia: 30 W Factor de Pot\u00eancia (FP);: 0.99 Alimenta\u00e7\u00e3o: 220-240V AC Multivoltagem: 190-260V AC Frequ\u00eancia: 50-60 Hz Sa\u00edda: 0.045 A Classe Isolamento El\u00e9trico: I Secci\u00f3n: 3&#215;0.75 mm2 Regulavel: Triac (30%-100%); Fonte luminosa: Lumileds SMD2835 Cantidade de LEDs: 54 CRI: 80 Luminosidade: 4050 lm Efici\u00eancia Luminosa: 135 lm\/W Rendimiento LED: 145 lm\/W Efici\u00eancia energ\u00e9tica 2021 (UE-2019\/2015);: [&hellip;]<\/p>\n","protected":false},"featured_media":9222,"comment_status":"open","ping_status":"closed","template":"","meta":{"_monsterinsights_skip_tracking":false,"_monsterinsights_sitenote_active":false,"_monsterinsights_sitenote_note":"","_monsterinsights_sitenote_category":0},"product_brand":[],"product_cat":[813],"product_tag":[327,389,372],"class_list":{"0":"post-11682","1":"product","2":"type-product","3":"status-publish","4":"has-post-thumbnail","6":"product_cat-holofotes","7":"product_tag-3000k","8":"product_tag-30w","9":"product_tag-dimavel","11":"first","12":"instock","13":"shipping-taxable","14":"purchasable","15":"product-type-simple"},"aioseo_notices":[],"_links":{"self":[{"href":"https:\/\/www.leds2all.pt\/index.php?rest_route=\/wp\/v2\/product\/11682","targetHints":{"allow":["GET"]}}],"collection":[{"href":"https:\/\/www.leds2all.pt\/index.php?rest_route=\/wp\/v2\/product"}],"about":[{"href":"https:\/\/www.leds2all.pt\/index.php?rest_route=\/wp\/v2\/types\/product"}],"replies":[{"embeddable":true,"href":"https:\/\/www.leds2all.pt\/index.php?rest_route=%2Fwp%2Fv2%2Fcomments&post=11682"}],"wp:featuredmedia":[{"embeddable":true,"href":"https:\/\/www.leds2all.pt\/index.php?rest_route=\/wp\/v2\/media\/9222"}],"wp:attachment":[{"href":"https:\/\/www.leds2all.pt\/index.php?rest_route=%2Fwp%2Fv2%2Fmedia&parent=11682"}],"wp:term":[{"taxonomy":"product_brand","embeddable":true,"href":"https:\/\/www.leds2all.pt\/index.php?rest_route=%2Fwp%2Fv2%2Fproduct_brand&post=11682"},{"taxonomy":"product_cat","embeddable":true,"href":"https:\/\/www.leds2all.pt\/index.php?rest_route=%2Fwp%2Fv2%2Fproduct_cat&post=11682"},{"taxonomy":"product_tag","embeddable":true,"href":"https:\/\/www.leds2all.pt\/index.php?rest_route=%2Fwp%2Fv2%2Fproduct_tag&post=11682"}],"curies":[{"name":"wp","href":"https:\/\/api.w.org\/{rel}","templated":true}]}}