{"id":11686,"date":"2021-12-04T14:19:54","date_gmt":"2021-12-04T14:19:54","guid":{"rendered":"https:\/\/www.leds2all.pt\/?post_type=product&#038;p=11686"},"modified":"2024-02-24T19:56:16","modified_gmt":"2024-02-24T19:56:16","slug":"lampada-led-e27-a65-220v-18w-branco-neutro-4000k","status":"publish","type":"product","link":"https:\/\/www.leds2all.pt\/?product=lampada-led-e27-a65-220v-18w-branco-neutro-4000k","title":{"rendered":"Lampada LED E27 A65 220V 18W Branco neutro 4000k"},"content":{"rendered":"<p>90t- L\u00e2mpada E27 A65 LED<br \/>\n&#8211; Tipo de Casquilho: E27<br \/>\n&#8211; Tens\u00e3o funcionamento: 230Vac<br \/>\n&#8211; Pot\u00eancia: 18W<br \/>\n&#8211; Temperatura de cor: 4000k (Branco neutro);<br \/>\n&#8211; Intensidade luminosa: 1690 Lumens<br \/>\n&#8211; \u00c2ngulo: 270\u00ba<br \/>\n&#8211; Dimens\u00f5es: D60*H120mm<\/p>\n","protected":false},"excerpt":{"rendered":"<p>90t- L\u00e2mpada E27 A65 LED &#8211; Tipo de Casquilho: E27 &#8211; Tens\u00e3o funcionamento: 230Vac &#8211; Pot\u00eancia: 18W &#8211; Temperatura de cor: 4000k (Branco neutro); &#8211; Intensidade luminosa: 1690 Lumens &#8211; \u00c2ngulo: 270\u00ba &#8211; Dimens\u00f5es: D60*H120mm<\/p>\n","protected":false},"featured_media":8497,"comment_status":"open","ping_status":"closed","template":"","meta":{"_monsterinsights_skip_tracking":false,"_monsterinsights_sitenote_active":false,"_monsterinsights_sitenote_note":"","_monsterinsights_sitenote_category":0},"product_brand":[],"product_cat":[359,683],"product_tag":[373,336,360],"class_list":{"0":"post-11686","1":"product","2":"type-product","3":"status-publish","4":"has-post-thumbnail","6":"product_cat-e27","7":"product_cat-novos","8":"product_tag-18w","9":"product_tag-4000k","10":"product_tag-e27","12":"first","13":"outofstock","14":"shipping-taxable","15":"purchasable","16":"product-type-simple"},"aioseo_notices":[],"_links":{"self":[{"href":"https:\/\/www.leds2all.pt\/index.php?rest_route=\/wp\/v2\/product\/11686","targetHints":{"allow":["GET"]}}],"collection":[{"href":"https:\/\/www.leds2all.pt\/index.php?rest_route=\/wp\/v2\/product"}],"about":[{"href":"https:\/\/www.leds2all.pt\/index.php?rest_route=\/wp\/v2\/types\/product"}],"replies":[{"embeddable":true,"href":"https:\/\/www.leds2all.pt\/index.php?rest_route=%2Fwp%2Fv2%2Fcomments&post=11686"}],"wp:featuredmedia":[{"embeddable":true,"href":"https:\/\/www.leds2all.pt\/index.php?rest_route=\/wp\/v2\/media\/8497"}],"wp:attachment":[{"href":"https:\/\/www.leds2all.pt\/index.php?rest_route=%2Fwp%2Fv2%2Fmedia&parent=11686"}],"wp:term":[{"taxonomy":"product_brand","embeddable":true,"href":"https:\/\/www.leds2all.pt\/index.php?rest_route=%2Fwp%2Fv2%2Fproduct_brand&post=11686"},{"taxonomy":"product_cat","embeddable":true,"href":"https:\/\/www.leds2all.pt\/index.php?rest_route=%2Fwp%2Fv2%2Fproduct_cat&post=11686"},{"taxonomy":"product_tag","embeddable":true,"href":"https:\/\/www.leds2all.pt\/index.php?rest_route=%2Fwp%2Fv2%2Fproduct_tag&post=11686"}],"curies":[{"name":"wp","href":"https:\/\/api.w.org\/{rel}","templated":true}]}}