{"id":11798,"date":"2022-01-17T14:23:42","date_gmt":"2022-01-17T14:23:42","guid":{"rendered":"https:\/\/www.leds2all.pt\/?post_type=product&#038;p=11798"},"modified":"2022-01-24T19:09:13","modified_gmt":"2022-01-24T19:09:13","slug":"tomada-tv-de-terminal","status":"publish","type":"product","link":"https:\/\/www.leds2all.pt\/?product=tomada-tv-de-terminal","title":{"rendered":"Tomada TV de terminal"},"content":{"rendered":"<p>\u00a0Especifica\u00e7\u00f5es:<\/p>\n<table class=\"tablaCaracteristicas\" border=\"1\">\n<tbody>\n<tr>\n<td class=\"referencias\" rowspan=\"4\">Ref.<\/td>\n<td class=\"referencias\" colspan=\"6\">Atenua\u00e7\u00f5es (dB);<\/td>\n<td class=\"referencias\" rowspan=\"4\">Passagem de<br \/>\ncorrente DC<\/td>\n<\/tr>\n<tr>\n<td class=\"contenido\" colspan=\"5\">Perdas em deriva\u00e7\u00e3o<\/td>\n<td class=\"contenido\" rowspan=\"2\">Perdas de inser\u00e7\u00e3o<\/td>\n<\/tr>\n<tr>\n<td class=\"contenido\">Banda<\/td>\n<td class=\"contenido\">Ret.\/BI<\/td>\n<td class=\"contenido\">FM<\/td>\n<td class=\"contenido\">VHF<\/td>\n<td class=\"contenido\">UHF<\/td>\n<\/tr>\n<tr>\n<td class=\"contenido\">MHz<\/td>\n<td class=\"contenido\">5&#8230;68<\/td>\n<td class=\"contenido\">87.5&#8230;108<\/td>\n<td class=\"contenido\">109&#8230;470<\/td>\n<td class=\"contenido\">470&#8230;862<\/td>\n<td class=\"contenido\">5&#8230;862<\/td>\n<\/tr>\n<tr>\n<td class=\"cabeceras\" rowspan=\"2\">\u00a05230<\/td>\n<td class=\"contenido\">TV<\/td>\n<td class=\"contenido\" colspan=\"4\">4,5<\/td>\n<td class=\"contenido\">&#8211;<\/td>\n<td class=\"contenido\" rowspan=\"2\">NON<\/td>\n<\/tr>\n<tr>\n<td class=\"contenido\">FM<\/td>\n<td class=\"contenido\" colspan=\"4\">18<\/td>\n<td class=\"contenido\">&#8211;<\/td>\n<\/tr>\n<\/tbody>\n<\/table>\n","protected":false},"excerpt":{"rendered":"<p>\u00a0Especifica\u00e7\u00f5es: Ref. Atenua\u00e7\u00f5es (dB); Passagem de corrente DC Perdas em deriva\u00e7\u00e3o Perdas de inser\u00e7\u00e3o Banda Ret.\/BI FM VHF UHF MHz 5&#8230;68 87.5&#8230;108 109&#8230;470 470&#8230;862 5&#8230;862 \u00a05230 TV 4,5 &#8211; NON FM 18 &#8211;<\/p>\n","protected":false},"featured_media":11543,"comment_status":"open","ping_status":"closed","template":"","meta":{"_monsterinsights_skip_tracking":false,"_monsterinsights_sitenote_active":false,"_monsterinsights_sitenote_note":"","_monsterinsights_sitenote_category":0},"product_brand":[],"product_cat":[608],"product_tag":[590,577,686],"class_list":{"0":"post-11798","1":"product","2":"type-product","3":"status-publish","4":"has-post-thumbnail","6":"product_cat-efapel","7":"product_tag-terminal","8":"product_tag-tomada","9":"product_tag-tv","11":"first","12":"onbackorder","13":"shipping-taxable","14":"purchasable","15":"product-type-simple"},"aioseo_notices":[],"_links":{"self":[{"href":"https:\/\/www.leds2all.pt\/index.php?rest_route=\/wp\/v2\/product\/11798","targetHints":{"allow":["GET"]}}],"collection":[{"href":"https:\/\/www.leds2all.pt\/index.php?rest_route=\/wp\/v2\/product"}],"about":[{"href":"https:\/\/www.leds2all.pt\/index.php?rest_route=\/wp\/v2\/types\/product"}],"replies":[{"embeddable":true,"href":"https:\/\/www.leds2all.pt\/index.php?rest_route=%2Fwp%2Fv2%2Fcomments&post=11798"}],"wp:featuredmedia":[{"embeddable":true,"href":"https:\/\/www.leds2all.pt\/index.php?rest_route=\/wp\/v2\/media\/11543"}],"wp:attachment":[{"href":"https:\/\/www.leds2all.pt\/index.php?rest_route=%2Fwp%2Fv2%2Fmedia&parent=11798"}],"wp:term":[{"taxonomy":"product_brand","embeddable":true,"href":"https:\/\/www.leds2all.pt\/index.php?rest_route=%2Fwp%2Fv2%2Fproduct_brand&post=11798"},{"taxonomy":"product_cat","embeddable":true,"href":"https:\/\/www.leds2all.pt\/index.php?rest_route=%2Fwp%2Fv2%2Fproduct_cat&post=11798"},{"taxonomy":"product_tag","embeddable":true,"href":"https:\/\/www.leds2all.pt\/index.php?rest_route=%2Fwp%2Fv2%2Fproduct_tag&post=11798"}],"curies":[{"name":"wp","href":"https:\/\/api.w.org\/{rel}","templated":true}]}}