{"id":11821,"date":"2022-01-26T21:38:34","date_gmt":"2022-01-26T21:38:34","guid":{"rendered":"https:\/\/www.leds2all.pt\/?post_type=product&#038;p=11821"},"modified":"2024-03-14T17:59:44","modified_gmt":"2024-03-14T17:59:44","slug":"cabo-fvv-h05vv-f-5g25mm%c2%b2-preto-ao-metro","status":"publish","type":"product","link":"https:\/\/www.leds2all.pt\/?product=cabo-fvv-h05vv-f-5g25mm%c2%b2-preto-ao-metro","title":{"rendered":"Cabo FVV H05VV-F multifilar"},"content":{"rendered":"<p>&#8211;\u00a0CONDUTOR:<br \/>\nCondutor de cobre electrol\u00edtico recozido flex\u00edvel classe 5(multifilar, circular); apto para usos m\u00f3veis segundo a norma EN 60228 \/IEC 60228.<br \/>\n&#8211;\u00a0ISOLA\u00c7\u00c3O:<br \/>\nIsola\u00e7\u00e3o de\u00a0Policloreto de vinilo\u00a0(PVC); tipo TI2 segundo a norma EN 50363-3<br \/>\n&#8211;\u00a0BAINHA:<br \/>\nBainha de\u00a0Policloreto de vinilo\u00a0(PVC); com aditivo de acrilo-nitrilo tipo TM5 segundo norma En 50363-4-1.<\/p>\n<p>Apto para usos m\u00f3veis:A norma EN 50565 classifica-o como apto para usos m\u00f3veis , extra-ligeiros, ligeiros e ordin\u00e1rios inclusiv\u00e9 expostos temporariamente \u00e1 intemp\u00e9rie.<\/p>\n<p>Apto para o uso em presen\u00e7a da \u00e1gua:Condi\u00e7\u00e3o de uso AD2 (<em>Probabilidade de gotas caindo verticalmente<\/em>); segundo norma EN 50565.<\/p>\n<p>Resist\u00eancia da bainha ao \u00f3leo mineral:Permitida a sua instala\u00e7\u00e3o em presen\u00e7a de \u00f3leos minerais segundo norma EN 50363-4-1<\/p>\n<p>&nbsp;<\/p>\n<p>Vendido ao metro<\/p>\n","protected":false},"excerpt":{"rendered":"<p>&#8211;\u00a0CONDUTOR: Condutor de cobre electrol\u00edtico recozido flex\u00edvel classe 5(multifilar, circular); apto para usos m\u00f3veis segundo a norma EN 60228 \/IEC 60228. &#8211;\u00a0ISOLA\u00c7\u00c3O: Isola\u00e7\u00e3o de\u00a0Policloreto de vinilo\u00a0(PVC); tipo TI2 segundo a norma EN 50363-3 &#8211;\u00a0BAINHA: Bainha de\u00a0Policloreto de vinilo\u00a0(PVC); com aditivo de acrilo-nitrilo tipo TM5 segundo norma En 50363-4-1. Apto para usos m\u00f3veis:A norma EN 50565 [&hellip;]<\/p>\n","protected":false},"featured_media":0,"comment_status":"open","ping_status":"closed","template":"","meta":{"_monsterinsights_skip_tracking":false,"_monsterinsights_sitenote_active":false,"_monsterinsights_sitenote_note":"","_monsterinsights_sitenote_category":0},"product_brand":[],"product_cat":[620],"product_tag":[695,599,621,622],"class_list":{"0":"post-11821","1":"product","2":"type-product","3":"status-publish","5":"product_cat-cabo-fio-electrico","6":"product_tag-5x2","7":"product_tag-cabo","8":"product_tag-fio","9":"product_tag-preto","11":"first","12":"onbackorder","13":"shipping-taxable","14":"purchasable","15":"product-type-variable"},"aioseo_notices":[],"_links":{"self":[{"href":"https:\/\/www.leds2all.pt\/index.php?rest_route=\/wp\/v2\/product\/11821","targetHints":{"allow":["GET"]}}],"collection":[{"href":"https:\/\/www.leds2all.pt\/index.php?rest_route=\/wp\/v2\/product"}],"about":[{"href":"https:\/\/www.leds2all.pt\/index.php?rest_route=\/wp\/v2\/types\/product"}],"replies":[{"embeddable":true,"href":"https:\/\/www.leds2all.pt\/index.php?rest_route=%2Fwp%2Fv2%2Fcomments&post=11821"}],"wp:attachment":[{"href":"https:\/\/www.leds2all.pt\/index.php?rest_route=%2Fwp%2Fv2%2Fmedia&parent=11821"}],"wp:term":[{"taxonomy":"product_brand","embeddable":true,"href":"https:\/\/www.leds2all.pt\/index.php?rest_route=%2Fwp%2Fv2%2Fproduct_brand&post=11821"},{"taxonomy":"product_cat","embeddable":true,"href":"https:\/\/www.leds2all.pt\/index.php?rest_route=%2Fwp%2Fv2%2Fproduct_cat&post=11821"},{"taxonomy":"product_tag","embeddable":true,"href":"https:\/\/www.leds2all.pt\/index.php?rest_route=%2Fwp%2Fv2%2Fproduct_tag&post=11821"}],"curies":[{"name":"wp","href":"https:\/\/api.w.org\/{rel}","templated":true}]}}