{"id":11851,"date":"2022-02-08T12:51:23","date_gmt":"2022-02-08T12:51:23","guid":{"rendered":"https:\/\/www.leds2all.pt\/?post_type=product&#038;p=11851"},"modified":"2025-01-13T16:14:59","modified_gmt":"2025-01-13T16:14:59","slug":"lampadas-h11-80w-12v-osram-cool-blue-boost","status":"publish","type":"product","link":"https:\/\/www.leds2all.pt\/?product=lampadas-h11-80w-12v-osram-cool-blue-boost","title":{"rendered":"Lampadas de farol 12V Osram"},"content":{"rendered":"<p>Aceda ao pr\u00f3ximo n\u00edvel de luz: Com a <strong>NIGHT BREAKER 200<\/strong> &#8211; a mais brilhante luz autom\u00f3vel de halog\u00e9neo da OSRAM! Estas l\u00e2mpadas de farol de \u00faltima gera\u00e7\u00e3o impressionam com at\u00e9 200% mais brilho e at\u00e9 20% luz mais branca em compara\u00e7\u00e3o com o padr\u00e3o m\u00ednimo legal e geram um feixe de luz de at\u00e9 150m. Mais luz e visibilidade melhorada podem ajudar os condutores a identificar e reagir aos perigos do tr\u00e2nsito mais rapidamente. A l\u00e2mpada ideal para condutores que apreciam a diferen\u00e7a que a potente ilumina\u00e7\u00e3o autom\u00f3vel faz. Dispon\u00edvel em H4 , H7 e H11 com um novo topo cromado e espelhado.<\/p>\n<p>&nbsp;<\/p>\n<p>Gra\u00e7as \u00e0 inovadora tecnologia de abla\u00e7\u00e3o por laser, as l\u00e2mpadas de farol de halog\u00e9neo <strong>NIGHT BREAKER LASER<\/strong> emitem at\u00e9 150% mais brilho compara\u00e7\u00e3o com o padr\u00e3o m\u00ednimo legal. O filamento altamente projetado garante um aumento de luz extra. Consequentemente, as l\u00e2mpadas fornecem um feixe de luz de at\u00e9 150m e at\u00e9 20% luz mais branca em compara\u00e7\u00e3o com o padr\u00e3o m\u00ednimo legal. Mais luz e visibilidade melhorada podem ajudar os condutores a identificar e a reagir aos perigos do tr\u00e2nsito mais rapidamente. Por \u00faltimo, mas n\u00e3o menos importante: OSRAM NIGHT BREAKER LASER impressiona com o seu design exclusivo (nome do produto gravado a laser) e portef\u00f3lio completo (H1, H3, H4, H7, H8, H11, HB3, HB4).<\/p>\n<p>&nbsp;<\/p>\n<p>Com a <strong>NIGHT BREAKER SILVER<\/strong>, a OSRAM oferece uma l\u00e2mpada de desempenho de halog\u00e9neo para autom\u00f3vel com vida \u00fatil otimizada. A OSRAM NIGHT BREAKER SILVER gera at\u00e9 100% mais brilho em compara\u00e7\u00e3o com o requisito legal m\u00ednimo e um feixe de at\u00e9 130 metros de comprimento. Isto permite que veja sinais de tr\u00e2nsito, obst\u00e1culos e perigos mais cedo e o que o condutor tenha mais tempo para reagir. Al\u00e9m disso, estas l\u00e2mpadas autom\u00f3vel t\u00eam uma rela\u00e7\u00e3o pre\u00e7o-desempenho convincente e um design moderno com um atrativo topo prateado (H4 \/ H7 \/ H11). A escolha perfeita para condutores que exigem muito desempenho e vida \u00fatil.<\/p>\n<p>&nbsp;<\/p>\n<p>Descubra a <strong>COOL BLUE INTENSE<\/strong> &#8211; l\u00e2mpadas de halog\u00e9neo de alta tecnologia, quase na liga das l\u00e2mpadas LED. Com a sua luz extra branca potente e brilhante de at\u00e9 5.000 Kelvin, cujo feixe de luz atrativo faz com que se assemelhe a uma l\u00e2mpada LED, ela d\u00e1 aos f\u00e3s de design o real valor pelo seu dinheiro. A l\u00e2mpada autom\u00f3vel tamb\u00e9m fornece uma luz de alto contraste semelhante \u00e0 luz do dia, o que a torna mais suave para os olhos do que a luz das l\u00e2mpadas standard. Em compara\u00e7\u00e3o com os requisitos m\u00ednimos ECE , a gama OSRAM COOL BLUE INTENSE \u00e9 at\u00e9 100% mais brilhante. O design moderno com topo prateado (H4\/H7\/H8\/H11\/HB4) \u00e9 ideal para uso em far\u00f3is de vidro transparente. Isso d\u00e1 ao seu carro uma apar\u00eancia elegante.<\/p>\n<p>&nbsp;<\/p>\n<p>A <strong>COOL BLUE BOOST<\/strong> apresenta luz de halog\u00e9neo hiper branca para apar\u00eancia LED e altas temperaturas de cor de at\u00e9 5.500 K. As l\u00e2mpadas oferecem brilho melhorado. Estes produtos n\u00e3o possuem aprova\u00e7\u00e3o ECE. Isso significa que eles n\u00e3o devem ser usados em vias p\u00fablicas em qualquer aplica\u00e7\u00e3o de exterior. O uso em vias p\u00fablicas leva ao cancelamento da licen\u00e7a de circula\u00e7\u00e3o e \u00e0 perda da cobertura do seguro. V\u00e1rios pa\u00edses n\u00e3o permitem a venda e o uso desses produtos. Entre em contacto com o seu distribuidor local para obter informa\u00e7\u00f5es sobre a disponibilidade no seu pa\u00eds.<\/p>\n","protected":false},"excerpt":{"rendered":"<p>Aceda ao pr\u00f3ximo n\u00edvel de luz: Com a NIGHT BREAKER 200 &#8211; a mais brilhante luz autom\u00f3vel de halog\u00e9neo da OSRAM! Estas l\u00e2mpadas de farol de \u00faltima gera\u00e7\u00e3o impressionam com at\u00e9 200% mais brilho e at\u00e9 20% luz mais branca em compara\u00e7\u00e3o com o padr\u00e3o m\u00ednimo legal e geram um feixe de luz de at\u00e9 [&hellip;]<\/p>\n","protected":false},"featured_media":11852,"comment_status":"open","ping_status":"closed","template":"","meta":{"_monsterinsights_skip_tracking":false,"_monsterinsights_sitenote_active":false,"_monsterinsights_sitenote_note":"","_monsterinsights_sitenote_category":0},"product_brand":[],"product_cat":[440],"product_tag":[840,835,834,837,443,508,556,444,441,838,839,630],"class_list":{"0":"post-11851","1":"product","2":"type-product","3":"status-publish","4":"has-post-thumbnail","6":"product_cat-iluminacao-halogenio-auto-iluminacao","7":"product_tag-blue","8":"product_tag-boost","9":"product_tag-breaker","10":"product_tag-cool","11":"product_tag-h1","12":"product_tag-h11","13":"product_tag-h3","14":"product_tag-h4","15":"product_tag-h7","16":"product_tag-intense","17":"product_tag-night","18":"product_tag-osram","20":"first","21":"instock","22":"shipping-taxable","23":"purchasable","24":"product-type-variable"},"aioseo_notices":[],"_links":{"self":[{"href":"https:\/\/www.leds2all.pt\/index.php?rest_route=\/wp\/v2\/product\/11851","targetHints":{"allow":["GET"]}}],"collection":[{"href":"https:\/\/www.leds2all.pt\/index.php?rest_route=\/wp\/v2\/product"}],"about":[{"href":"https:\/\/www.leds2all.pt\/index.php?rest_route=\/wp\/v2\/types\/product"}],"replies":[{"embeddable":true,"href":"https:\/\/www.leds2all.pt\/index.php?rest_route=%2Fwp%2Fv2%2Fcomments&post=11851"}],"wp:featuredmedia":[{"embeddable":true,"href":"https:\/\/www.leds2all.pt\/index.php?rest_route=\/wp\/v2\/media\/11852"}],"wp:attachment":[{"href":"https:\/\/www.leds2all.pt\/index.php?rest_route=%2Fwp%2Fv2%2Fmedia&parent=11851"}],"wp:term":[{"taxonomy":"product_brand","embeddable":true,"href":"https:\/\/www.leds2all.pt\/index.php?rest_route=%2Fwp%2Fv2%2Fproduct_brand&post=11851"},{"taxonomy":"product_cat","embeddable":true,"href":"https:\/\/www.leds2all.pt\/index.php?rest_route=%2Fwp%2Fv2%2Fproduct_cat&post=11851"},{"taxonomy":"product_tag","embeddable":true,"href":"https:\/\/www.leds2all.pt\/index.php?rest_route=%2Fwp%2Fv2%2Fproduct_tag&post=11851"}],"curies":[{"name":"wp","href":"https:\/\/api.w.org\/{rel}","templated":true}]}}