{"id":11858,"date":"2022-02-08T14:10:07","date_gmt":"2022-02-08T14:10:07","guid":{"rendered":"https:\/\/www.leds2all.pt\/?post_type=product&#038;p=11858"},"modified":"2022-03-12T19:42:03","modified_gmt":"2022-03-12T19:42:03","slug":"lampada-led-g9-25w-3500k","status":"publish","type":"product","link":"https:\/\/www.leds2all.pt\/?product=lampada-led-g9-25w-3500k","title":{"rendered":"Lampada LED G9 2.5w 3500K"},"content":{"rendered":"<table class=\"c-product-table\">\n<tbody class=\"c-product-table__tbody\">\n<tr class=\"row c-product-table__row\">\n<td class=\"c-product-table__cell\">Pot\u00eancia:<\/td>\n<td class=\"c-product-table__cell c-product-table__cell--value\">2.5 W<\/td>\n<\/tr>\n<tr class=\"row c-product-table__row\">\n<td class=\"c-product-table__cell\">Factor de Pot\u00eancia (FP);:<\/td>\n<td class=\"c-product-table__cell c-product-table__cell--value\">0.90<\/td>\n<\/tr>\n<tr class=\"row c-product-table__row\">\n<td class=\"c-product-table__cell\">Alimenta\u00e7\u00e3o:<\/td>\n<td class=\"c-product-table__cell c-product-table__cell--value\">220-240V AC<\/td>\n<\/tr>\n<tr class=\"row c-product-table__row\">\n<td class=\"c-product-table__cell\">Frequ\u00eancia:<\/td>\n<td class=\"c-product-table__cell c-product-table__cell--value\">50-60 Hz<\/td>\n<\/tr>\n<tr class=\"row c-product-table__row\">\n<td class=\"c-product-table__cell\">Regulavel:<\/td>\n<td class=\"c-product-table__cell c-product-table__cell--value\">N\u00e3o<\/td>\n<\/tr>\n<tr class=\"row c-product-table__row\">\n<td class=\"c-product-table__cell\">Casquilho:<\/td>\n<td class=\"c-product-table__cell c-product-table__cell--value\">G9<\/td>\n<\/tr>\n<tr class=\"row c-product-table__row\">\n<td class=\"c-product-table__cell\">Fonte luminosa:<\/td>\n<td class=\"c-product-table__cell c-product-table__cell--value\">Epistar-SMD3014<\/td>\n<\/tr>\n<tr class=\"row c-product-table__row\">\n<td class=\"c-product-table__cell\">CRI:<\/td>\n<td class=\"c-product-table__cell c-product-table__cell--value\">80<\/td>\n<\/tr>\n<tr class=\"row c-product-table__row\">\n<td class=\"c-product-table__cell\">Luminosidade:<\/td>\n<td class=\"c-product-table__cell c-product-table__cell--value\">200 lm<\/td>\n<\/tr>\n<tr class=\"row c-product-table__row\">\n<td class=\"c-product-table__cell\">Efici\u00eancia energ\u00e9tica 2021 (UE-2019\/2015);:<\/td>\n<td class=\"c-product-table__cell c-product-table__cell--value\">A+<\/td>\n<\/tr>\n<tr class=\"row c-product-table__row\">\n<td class=\"c-product-table__cell\">Efici\u00eancia energ\u00e9tica 2023 (UE-2019\/2015);:<\/td>\n<td class=\"c-product-table__cell c-product-table__cell--value\">F<\/td>\n<\/tr>\n<tr class=\"row c-product-table__row\">\n<td class=\"c-product-table__cell\">\u00c1ngulo de Abertura:<\/td>\n<td class=\"c-product-table__cell c-product-table__cell--value\">360\u00ba<\/td>\n<\/tr>\n<tr class=\"row c-product-table__row\">\n<td class=\"c-product-table__cell\">Uso:<\/td>\n<td class=\"c-product-table__cell c-product-table__cell--value\">Interior<\/td>\n<\/tr>\n<tr class=\"row c-product-table__row\">\n<td class=\"c-product-table__cell\">Prote\u00e7\u00e3o IP:<\/td>\n<td class=\"c-product-table__cell c-product-table__cell--value\">IP20<\/td>\n<\/tr>\n<tr class=\"row c-product-table__row\">\n<td class=\"c-product-table__cell\">Material:<\/td>\n<td class=\"c-product-table__cell c-product-table__cell--value\">PC<\/td>\n<\/tr>\n<tr class=\"row c-product-table__row\">\n<td class=\"c-product-table__cell\">Dimens\u00f5es:<\/td>\n<td class=\"c-product-table__cell c-product-table__cell--value\">16x12x47 mm<\/td>\n<\/tr>\n<tr class=\"row c-product-table__row\">\n<td class=\"c-product-table__cell\">Vida \u00datil:<\/td>\n<td class=\"c-product-table__cell c-product-table__cell--value\">30.000 Horas<\/td>\n<\/tr>\n<\/tbody>\n<\/table>\n","protected":false},"excerpt":{"rendered":"<p>Pot\u00eancia: 2.5 W Factor de Pot\u00eancia (FP);: 0.90 Alimenta\u00e7\u00e3o: 220-240V AC Frequ\u00eancia: 50-60 Hz Regulavel: N\u00e3o Casquilho: G9 Fonte luminosa: Epistar-SMD3014 CRI: 80 Luminosidade: 200 lm Efici\u00eancia energ\u00e9tica 2021 (UE-2019\/2015);: A+ Efici\u00eancia energ\u00e9tica 2023 (UE-2019\/2015);: F \u00c1ngulo de Abertura: 360\u00ba Uso: Interior Prote\u00e7\u00e3o IP: IP20 Material: PC Dimens\u00f5es: 16x12x47 mm Vida \u00datil: 30.000 Horas<\/p>\n","protected":false},"featured_media":11859,"comment_status":"open","ping_status":"closed","template":"","meta":{"_monsterinsights_skip_tracking":false,"_monsterinsights_sitenote_active":false,"_monsterinsights_sitenote_note":"","_monsterinsights_sitenote_category":0},"product_brand":[],"product_cat":[696],"product_tag":[343,437,661],"class_list":{"0":"post-11858","1":"product","2":"type-product","3":"status-publish","4":"has-post-thumbnail","6":"product_cat-g9","7":"product_tag-2w","8":"product_tag-3500k","9":"product_tag-g9","11":"first","12":"instock","13":"shipping-taxable","14":"purchasable","15":"product-type-simple"},"aioseo_notices":[],"_links":{"self":[{"href":"https:\/\/www.leds2all.pt\/index.php?rest_route=\/wp\/v2\/product\/11858","targetHints":{"allow":["GET"]}}],"collection":[{"href":"https:\/\/www.leds2all.pt\/index.php?rest_route=\/wp\/v2\/product"}],"about":[{"href":"https:\/\/www.leds2all.pt\/index.php?rest_route=\/wp\/v2\/types\/product"}],"replies":[{"embeddable":true,"href":"https:\/\/www.leds2all.pt\/index.php?rest_route=%2Fwp%2Fv2%2Fcomments&post=11858"}],"wp:featuredmedia":[{"embeddable":true,"href":"https:\/\/www.leds2all.pt\/index.php?rest_route=\/wp\/v2\/media\/11859"}],"wp:attachment":[{"href":"https:\/\/www.leds2all.pt\/index.php?rest_route=%2Fwp%2Fv2%2Fmedia&parent=11858"}],"wp:term":[{"taxonomy":"product_brand","embeddable":true,"href":"https:\/\/www.leds2all.pt\/index.php?rest_route=%2Fwp%2Fv2%2Fproduct_brand&post=11858"},{"taxonomy":"product_cat","embeddable":true,"href":"https:\/\/www.leds2all.pt\/index.php?rest_route=%2Fwp%2Fv2%2Fproduct_cat&post=11858"},{"taxonomy":"product_tag","embeddable":true,"href":"https:\/\/www.leds2all.pt\/index.php?rest_route=%2Fwp%2Fv2%2Fproduct_tag&post=11858"}],"curies":[{"name":"wp","href":"https:\/\/api.w.org\/{rel}","templated":true}]}}