{"id":11865,"date":"2022-02-09T14:18:25","date_gmt":"2022-02-09T14:18:25","guid":{"rendered":"https:\/\/www.leds2all.pt\/?post_type=product&#038;p=11865"},"modified":"2023-01-25T22:39:28","modified_gmt":"2023-01-25T22:39:28","slug":"aro-downlight-quadrado-basculante-para-lampada-led-gu10-gu5-3-corte-o-75-mm","status":"publish","type":"product","link":"https:\/\/www.leds2all.pt\/?product=aro-downlight-quadrado-basculante-para-lampada-led-gu10-gu5-3-corte-o-75-mm","title":{"rendered":"Aro Downlight Quadrado Basculante para L\u00e1mpada LED GU10 \/ GU5.3 Corte \u00d8 75 mm"},"content":{"rendered":"<table class=\"c-product-table\">\n<tbody class=\"c-product-table__tbody\">\n<tr class=\"row c-product-table__row\">\n<td class=\"c-product-table__cell\">Casquilho:<\/td>\n<td class=\"c-product-table__cell c-product-table__cell--value\">GU10,GU5.3<\/td>\n<\/tr>\n<tr class=\"row c-product-table__row\">\n<td class=\"c-product-table__cell\">Uso:<\/td>\n<td class=\"c-product-table__cell c-product-table__cell--value\">Interior<\/td>\n<\/tr>\n<tr class=\"row c-product-table__row\">\n<td class=\"c-product-table__cell\">Prote\u00e7\u00e3o IP:<\/td>\n<td class=\"c-product-table__cell c-product-table__cell--value\">IP20<\/td>\n<\/tr>\n<tr class=\"row c-product-table__row\">\n<td class=\"c-product-table__cell\">Material:<\/td>\n<td class=\"c-product-table__cell c-product-table__cell--value\">PC<\/td>\n<\/tr>\n<tr class=\"row c-product-table__row\">\n<td class=\"c-product-table__cell\">Instala\u00e7\u00e3o:<\/td>\n<td class=\"c-product-table__cell c-product-table__cell--value\">Encastrada<\/td>\n<\/tr>\n<tr class=\"row c-product-table__row\">\n<td class=\"c-product-table__cell\">Dimens\u00f5es:<\/td>\n<td class=\"c-product-table__cell c-product-table__cell--value\">93x93x25 mm<\/td>\n<\/tr>\n<tr class=\"row c-product-table__row\">\n<td class=\"c-product-table__cell\">Tamanho do corte:<\/td>\n<td class=\"c-product-table__cell c-product-table__cell--value\">\u00d875 mm<\/td>\n<\/tr>\n<tr class=\"row c-product-table__row\">\n<td class=\"c-product-table__cell\">Altura:<\/td>\n<td class=\"c-product-table__cell c-product-table__cell--value\">93 mm<\/td>\n<\/tr>\n<tr class=\"row c-product-table__row\">\n<td class=\"c-product-table__cell\">Largura:<\/td>\n<td class=\"c-product-table__cell c-product-table__cell--value\">93 mm<\/td>\n<\/tr>\n<tr class=\"row c-product-table__row\">\n<td class=\"c-product-table__cell\">Comprimento:<\/td>\n<td class=\"c-product-table__cell c-product-table__cell--value\">29 mm<\/td>\n<\/tr>\n<\/tbody>\n<\/table>\n","protected":false},"excerpt":{"rendered":"<p>Casquilho: GU10,GU5.3 Uso: Interior Prote\u00e7\u00e3o IP: IP20 Material: PC Instala\u00e7\u00e3o: Encastrada Dimens\u00f5es: 93x93x25 mm Tamanho do corte: \u00d875 mm Altura: 93 mm Largura: 93 mm Comprimento: 29 mm<\/p>\n","protected":false},"featured_media":11866,"comment_status":"open","ping_status":"closed","template":"","meta":{"_monsterinsights_skip_tracking":false,"_monsterinsights_sitenote_active":false,"_monsterinsights_sitenote_note":"","_monsterinsights_sitenote_category":0},"product_brand":[],"product_cat":[519,558],"product_tag":[675,520,559,422],"class_list":{"0":"post-11865","1":"product","2":"type-product","3":"status-publish","4":"has-post-thumbnail","6":"product_cat-gu10","7":"product_cat-mr16","8":"product_tag-aro","9":"product_tag-gu10","10":"product_tag-mr16","11":"product_tag-quadrado","13":"first","14":"onbackorder","15":"shipping-taxable","16":"purchasable","17":"product-type-simple"},"aioseo_notices":[],"_links":{"self":[{"href":"https:\/\/www.leds2all.pt\/index.php?rest_route=\/wp\/v2\/product\/11865","targetHints":{"allow":["GET"]}}],"collection":[{"href":"https:\/\/www.leds2all.pt\/index.php?rest_route=\/wp\/v2\/product"}],"about":[{"href":"https:\/\/www.leds2all.pt\/index.php?rest_route=\/wp\/v2\/types\/product"}],"replies":[{"embeddable":true,"href":"https:\/\/www.leds2all.pt\/index.php?rest_route=%2Fwp%2Fv2%2Fcomments&post=11865"}],"wp:featuredmedia":[{"embeddable":true,"href":"https:\/\/www.leds2all.pt\/index.php?rest_route=\/wp\/v2\/media\/11866"}],"wp:attachment":[{"href":"https:\/\/www.leds2all.pt\/index.php?rest_route=%2Fwp%2Fv2%2Fmedia&parent=11865"}],"wp:term":[{"taxonomy":"product_brand","embeddable":true,"href":"https:\/\/www.leds2all.pt\/index.php?rest_route=%2Fwp%2Fv2%2Fproduct_brand&post=11865"},{"taxonomy":"product_cat","embeddable":true,"href":"https:\/\/www.leds2all.pt\/index.php?rest_route=%2Fwp%2Fv2%2Fproduct_cat&post=11865"},{"taxonomy":"product_tag","embeddable":true,"href":"https:\/\/www.leds2all.pt\/index.php?rest_route=%2Fwp%2Fv2%2Fproduct_tag&post=11865"}],"curies":[{"name":"wp","href":"https:\/\/api.w.org\/{rel}","templated":true}]}}