{"id":11919,"date":"2022-03-03T14:11:57","date_gmt":"2022-03-03T14:11:57","guid":{"rendered":"https:\/\/www.leds2all.pt\/?post_type=product&#038;p=11919"},"modified":"2022-03-03T14:20:59","modified_gmt":"2022-03-03T14:20:59","slug":"cola-branca-rapida-64a-250gr-117834-soudal","status":"publish","type":"product","link":"https:\/\/www.leds2all.pt\/?product=cola-branca-rapida-64a-250gr-117834-soudal","title":{"rendered":"Cola branca r\u00e1pida 64A 250GR 117834 SOUDAL"},"content":{"rendered":"<div>\n<div class=\"key\">Peso &#8211; 0,278 kg<\/div>\n<\/div>\n<div>\n<div class=\"key\">Color &#8211; Blanco<\/div>\n<\/div>\n<div>\n<div class=\"key\">Contem &#8211; 250 gr<\/div>\n<\/div>\n<div>\n<div class=\"key\">Marca &#8211; Soudal<\/div>\n<\/div>\n<div>\n<div class=\"key\">Resistente a intemperies &#8211; N\u00e3o<\/div>\n<\/div>\n<div>\n<div class=\"key\">Tipo &#8211; Cola branca rapida<\/div>\n<\/div>\n<div>\n<div class=\"key\">Aplica\u00e7\u00e3o Directa<\/div>\n<\/div>\n<div>\n<div class=\"key\">Aplica\u00e7\u00f5es &#8211; todo tipo de madeiras porosas<\/div>\n<\/div>\n<div>\n<div class=\"key\">Propriedades &#8211; Seca rapido em 20 minutos<\/div>\n<\/div>\n","protected":false},"excerpt":{"rendered":"<p>Peso &#8211; 0,278 kg Color &#8211; Blanco Contem &#8211; 250 gr Marca &#8211; Soudal Resistente a intemperies &#8211; N\u00e3o Tipo &#8211; Cola branca rapida Aplica\u00e7\u00e3o Directa Aplica\u00e7\u00f5es &#8211; todo tipo de madeiras porosas Propriedades &#8211; Seca rapido em 20 minutos<\/p>\n","protected":false},"featured_media":11920,"comment_status":"open","ping_status":"closed","template":"","meta":{"_monsterinsights_skip_tracking":false,"_monsterinsights_sitenote_active":false,"_monsterinsights_sitenote_note":"","_monsterinsights_sitenote_category":0},"product_brand":[],"product_cat":[494],"product_tag":[703,704],"class_list":{"0":"post-11919","1":"product","2":"type-product","3":"status-publish","4":"has-post-thumbnail","6":"product_cat-utilidades-casa","7":"product_tag-cola","8":"product_tag-madeira","10":"first","11":"instock","12":"shipping-taxable","13":"purchasable","14":"product-type-simple"},"aioseo_notices":[],"_links":{"self":[{"href":"https:\/\/www.leds2all.pt\/index.php?rest_route=\/wp\/v2\/product\/11919","targetHints":{"allow":["GET"]}}],"collection":[{"href":"https:\/\/www.leds2all.pt\/index.php?rest_route=\/wp\/v2\/product"}],"about":[{"href":"https:\/\/www.leds2all.pt\/index.php?rest_route=\/wp\/v2\/types\/product"}],"replies":[{"embeddable":true,"href":"https:\/\/www.leds2all.pt\/index.php?rest_route=%2Fwp%2Fv2%2Fcomments&post=11919"}],"wp:featuredmedia":[{"embeddable":true,"href":"https:\/\/www.leds2all.pt\/index.php?rest_route=\/wp\/v2\/media\/11920"}],"wp:attachment":[{"href":"https:\/\/www.leds2all.pt\/index.php?rest_route=%2Fwp%2Fv2%2Fmedia&parent=11919"}],"wp:term":[{"taxonomy":"product_brand","embeddable":true,"href":"https:\/\/www.leds2all.pt\/index.php?rest_route=%2Fwp%2Fv2%2Fproduct_brand&post=11919"},{"taxonomy":"product_cat","embeddable":true,"href":"https:\/\/www.leds2all.pt\/index.php?rest_route=%2Fwp%2Fv2%2Fproduct_cat&post=11919"},{"taxonomy":"product_tag","embeddable":true,"href":"https:\/\/www.leds2all.pt\/index.php?rest_route=%2Fwp%2Fv2%2Fproduct_tag&post=11919"}],"curies":[{"name":"wp","href":"https:\/\/api.w.org\/{rel}","templated":true}]}}