{"id":11921,"date":"2022-03-03T14:22:25","date_gmt":"2022-03-03T14:22:25","guid":{"rendered":"https:\/\/www.leds2all.pt\/?post_type=product&#038;p=11921"},"modified":"2024-06-16T21:23:20","modified_gmt":"2024-06-16T21:23:20","slug":"super-cola-3gr","status":"publish","type":"product","link":"https:\/\/www.leds2all.pt\/?product=super-cola-3gr","title":{"rendered":"10x Super cola 3gr"},"content":{"rendered":"<div class=\"key\">\n<div>\n<div class=\"key\">Contem &#8211; 3 gr<\/div>\n<\/div>\n<div>\n<div class=\"key\">Cor &#8211; Transparente<\/div>\n<\/div>\n<div>\n<div class=\"key\">Aplica\u00e7\u00e3o &#8211; Plasticos, borrachas, metais e outros materiais<\/div>\n<\/div>\n<div>\n<div class=\"key\">Caracter\u00edsticas &#8211; Cola em 3 segundos<\/div>\n<\/div>\n<div>\n<div class=\"key\">Caracter\u00edsticas &#8211; Cola instantania de alta densidade<\/div>\n<div>Blister com 10 unidades<\/div>\n<\/div>\n<\/div>\n","protected":false},"excerpt":{"rendered":"<p>Contem &#8211; 3 gr Cor &#8211; Transparente Aplica\u00e7\u00e3o &#8211; Plasticos, borrachas, metais e outros materiais Caracter\u00edsticas &#8211; Cola em 3 segundos Caracter\u00edsticas &#8211; Cola instantania de alta densidade Blister com 10 unidades<\/p>\n","protected":false},"featured_media":13518,"comment_status":"open","ping_status":"closed","template":"","meta":{"_monsterinsights_skip_tracking":false,"_monsterinsights_sitenote_active":false,"_monsterinsights_sitenote_note":"","_monsterinsights_sitenote_category":0},"product_brand":[],"product_cat":[494],"product_tag":[703,705],"class_list":{"0":"post-11921","1":"product","2":"type-product","3":"status-publish","4":"has-post-thumbnail","6":"product_cat-utilidades-casa","7":"product_tag-cola","8":"product_tag-super-cola","10":"first","11":"instock","12":"shipping-taxable","13":"purchasable","14":"product-type-simple"},"aioseo_notices":[],"_links":{"self":[{"href":"https:\/\/www.leds2all.pt\/index.php?rest_route=\/wp\/v2\/product\/11921","targetHints":{"allow":["GET"]}}],"collection":[{"href":"https:\/\/www.leds2all.pt\/index.php?rest_route=\/wp\/v2\/product"}],"about":[{"href":"https:\/\/www.leds2all.pt\/index.php?rest_route=\/wp\/v2\/types\/product"}],"replies":[{"embeddable":true,"href":"https:\/\/www.leds2all.pt\/index.php?rest_route=%2Fwp%2Fv2%2Fcomments&post=11921"}],"wp:featuredmedia":[{"embeddable":true,"href":"https:\/\/www.leds2all.pt\/index.php?rest_route=\/wp\/v2\/media\/13518"}],"wp:attachment":[{"href":"https:\/\/www.leds2all.pt\/index.php?rest_route=%2Fwp%2Fv2%2Fmedia&parent=11921"}],"wp:term":[{"taxonomy":"product_brand","embeddable":true,"href":"https:\/\/www.leds2all.pt\/index.php?rest_route=%2Fwp%2Fv2%2Fproduct_brand&post=11921"},{"taxonomy":"product_cat","embeddable":true,"href":"https:\/\/www.leds2all.pt\/index.php?rest_route=%2Fwp%2Fv2%2Fproduct_cat&post=11921"},{"taxonomy":"product_tag","embeddable":true,"href":"https:\/\/www.leds2all.pt\/index.php?rest_route=%2Fwp%2Fv2%2Fproduct_tag&post=11921"}],"curies":[{"name":"wp","href":"https:\/\/api.w.org\/{rel}","templated":true}]}}