{"id":12171,"date":"2022-07-08T14:27:47","date_gmt":"2022-07-08T14:27:47","guid":{"rendered":"https:\/\/www.leds2all.pt\/?post_type=product&#038;p=12171"},"modified":"2022-07-08T19:05:24","modified_gmt":"2022-07-08T19:05:24","slug":"candeeiro-suspenso-de-corda-e27","status":"publish","type":"product","link":"https:\/\/www.leds2all.pt\/?product=candeeiro-suspenso-de-corda-e27","title":{"rendered":"Candeeiro suspenso de corda E27"},"content":{"rendered":"<h3 class=\"mb-3\">ESPECIFICA\u00c7\u00d5ES<\/h3>\n<div class=\"row specifications\">\n<div class=\"col-6 col-lg-8 col-xl-6 mb-2\">\u00a0<\/div>\n<div class=\"col-6 col-lg-4 col-xl-6 mb-2\">Subcategoria: Vintage<\/div>\n<div class=\"col-6 col-lg-4 col-xl-6 mb-2\">Tecnologia: Com Suportes de L\u00e2mpadas<\/div>\n<div class=\"col-6 col-lg-4 col-xl-6 mb-2\">Tipo: Suspens\u00f5es<\/div>\n<div class=\"col-6 col-lg-4 col-xl-6 mb-2\">Cor: Castanho<\/div>\n<div class=\"col-6 col-lg-4 col-xl-6 mb-2\">Di\u00e2metro : 10 cm<\/div>\n<div class=\"col-6 col-lg-4 col-xl-6 mb-2\">Altura: 155 cm<\/div>\n<div class=\"col-6 col-lg-4 col-xl-6 mb-2\">Altura regul\u00e1vel: Sim<\/div>\n<div class=\"col-6 col-lg-4 col-xl-6 mb-2\">Classe energ\u00e9tica do candeeiro : Lumin\u00e1ria compat\u00edvel c\/lamp A++ E<\/div>\n<div class=\"col-6 col-lg-4 col-xl-6 mb-2\">Tens\u00e3o: 220-240 V ~ 50\/60 Hz<\/div>\n<div class=\"col-6 col-lg-4 col-xl-6 mb-2\">L\u00e2mpada: 1xMax.40WxE27<\/div>\n<div class=\"col-6 col-lg-4 col-xl-6 mb-2\">L\u00e2mpada inclu\u00edda: N\u00e3o<\/div>\n<div class=\"col-6 col-lg-4 col-xl-6 mb-2\">Pot\u00eancia m\u00e1xima: 40W<\/div>\n<div class=\"col-6 col-lg-4 col-xl-6 mb-2\">\u00cdndice de protec\u00e7\u00e3o: IP20<\/div>\n<div class=\"col-6 col-lg-4 col-xl-6 mb-2\">Material: Corda<\/div>\n<div class=\"col-6 col-lg-8 col-xl-6 mb-2\">\u00a0<\/div>\n<\/div>\n","protected":false},"excerpt":{"rendered":"<p>ESPECIFICA\u00c7\u00d5ES \u00a0 Subcategoria: Vintage Tecnologia: Com Suportes de L\u00e2mpadas Tipo: Suspens\u00f5es Cor: Castanho Di\u00e2metro : 10 cm Altura: 155 cm Altura regul\u00e1vel: Sim Classe energ\u00e9tica do candeeiro : Lumin\u00e1ria compat\u00edvel c\/lamp A++ E Tens\u00e3o: 220-240 V ~ 50\/60 Hz L\u00e2mpada: 1xMax.40WxE27 L\u00e2mpada inclu\u00edda: N\u00e3o Pot\u00eancia m\u00e1xima: 40W \u00cdndice de protec\u00e7\u00e3o: IP20 Material: Corda \u00a0<\/p>\n","protected":false},"featured_media":12172,"comment_status":"open","ping_status":"closed","template":"","meta":{"_monsterinsights_skip_tracking":false,"_monsterinsights_sitenote_active":false,"_monsterinsights_sitenote_note":"","_monsterinsights_sitenote_category":0},"product_brand":[],"product_cat":[740],"product_tag":[339,333,360],"class_list":{"0":"post-12171","1":"product","2":"type-product","3":"status-publish","4":"has-post-thumbnail","6":"product_cat-candeeiros","7":"product_tag-6000k","8":"product_tag-9w","9":"product_tag-e27","11":"first","12":"onbackorder","13":"shipping-taxable","14":"purchasable","15":"product-type-simple"},"aioseo_notices":[],"_links":{"self":[{"href":"https:\/\/www.leds2all.pt\/index.php?rest_route=\/wp\/v2\/product\/12171","targetHints":{"allow":["GET"]}}],"collection":[{"href":"https:\/\/www.leds2all.pt\/index.php?rest_route=\/wp\/v2\/product"}],"about":[{"href":"https:\/\/www.leds2all.pt\/index.php?rest_route=\/wp\/v2\/types\/product"}],"replies":[{"embeddable":true,"href":"https:\/\/www.leds2all.pt\/index.php?rest_route=%2Fwp%2Fv2%2Fcomments&post=12171"}],"wp:featuredmedia":[{"embeddable":true,"href":"https:\/\/www.leds2all.pt\/index.php?rest_route=\/wp\/v2\/media\/12172"}],"wp:attachment":[{"href":"https:\/\/www.leds2all.pt\/index.php?rest_route=%2Fwp%2Fv2%2Fmedia&parent=12171"}],"wp:term":[{"taxonomy":"product_brand","embeddable":true,"href":"https:\/\/www.leds2all.pt\/index.php?rest_route=%2Fwp%2Fv2%2Fproduct_brand&post=12171"},{"taxonomy":"product_cat","embeddable":true,"href":"https:\/\/www.leds2all.pt\/index.php?rest_route=%2Fwp%2Fv2%2Fproduct_cat&post=12171"},{"taxonomy":"product_tag","embeddable":true,"href":"https:\/\/www.leds2all.pt\/index.php?rest_route=%2Fwp%2Fv2%2Fproduct_tag&post=12171"}],"curies":[{"name":"wp","href":"https:\/\/api.w.org\/{rel}","templated":true}]}}