{"id":12222,"date":"2022-08-11T15:40:48","date_gmt":"2022-08-11T15:40:48","guid":{"rendered":"https:\/\/www.leds2all.pt\/?post_type=product&#038;p=12222"},"modified":"2026-01-31T18:15:38","modified_gmt":"2026-01-31T18:15:38","slug":"bola-de-natal-teste","status":"publish","type":"product","link":"https:\/\/www.leds2all.pt\/?product=bola-de-natal-teste","title":{"rendered":"Bolas de natal Mdf 3mm"},"content":{"rendered":"<p>Decore a sua casa e a sua \u00e1rvore com estas magnificas bolas de Natal<\/p>\n<p>Di\u00e2metro de cada bola &#8211; 8 cm<\/p>\n<p>Consulte os formatos de bolas dispon\u00edveis, fa\u00e7a o download e veja quais as suas preferidas:<\/p>\n<p><a href=\"https:\/\/www.leds2all.pt\/wp-content\/uploads\/2022\/08\/natal-compactado.pdf\">https:\/\/www.leds2all.pt\/wp-content\/uploads\/2022\/08\/natal-compactado.pdf<\/a><\/p>\n<p>Caso pretenda alguma das que est\u00e3o no PDF abaixo indicado, fa\u00e7a a compra das unidades que precisar, e coloque nas observa\u00e7\u00f5es qual o numero da(s); mesma(s);, ou envie-nos um email com a imagem para leds2all@hotmail.com<\/p>\n<p>Podemos fazer com as dimens\u00f5es que desejar, ou at\u00e9 personalizar. Envie-nos um email para leds2all@hotmail.com com o pedido de or\u00e7amento.<\/p>\n<p>&nbsp;<\/p>\n","protected":false},"excerpt":{"rendered":"<p>Decore a sua casa e a sua \u00e1rvore com estas magnificas bolas de Natal Di\u00e2metro de cada bola &#8211; 8 cm Consulte os formatos de bolas dispon\u00edveis, fa\u00e7a o download e veja quais as suas preferidas: https:\/\/www.leds2all.pt\/wp-content\/uploads\/2022\/08\/natal-compactado.pdf Caso pretenda alguma das que est\u00e3o no PDF abaixo indicado, fa\u00e7a a compra das unidades que precisar, e [&hellip;]<\/p>\n","protected":false},"featured_media":12245,"comment_status":"open","ping_status":"closed","template":"","meta":{"_monsterinsights_skip_tracking":false,"_monsterinsights_sitenote_active":false,"_monsterinsights_sitenote_note":"","_monsterinsights_sitenote_category":0},"product_brand":[],"product_cat":[743,742],"product_tag":[],"class_list":{"0":"post-12222","1":"product","2":"type-product","3":"status-publish","4":"has-post-thumbnail","6":"product_cat-bolas-de-natal","7":"product_cat-corte-e-gravacao-laser","9":"first","10":"instock","11":"shipping-taxable","12":"purchasable","13":"product-type-external"},"aioseo_notices":[],"_links":{"self":[{"href":"https:\/\/www.leds2all.pt\/index.php?rest_route=\/wp\/v2\/product\/12222","targetHints":{"allow":["GET"]}}],"collection":[{"href":"https:\/\/www.leds2all.pt\/index.php?rest_route=\/wp\/v2\/product"}],"about":[{"href":"https:\/\/www.leds2all.pt\/index.php?rest_route=\/wp\/v2\/types\/product"}],"replies":[{"embeddable":true,"href":"https:\/\/www.leds2all.pt\/index.php?rest_route=%2Fwp%2Fv2%2Fcomments&post=12222"}],"wp:featuredmedia":[{"embeddable":true,"href":"https:\/\/www.leds2all.pt\/index.php?rest_route=\/wp\/v2\/media\/12245"}],"wp:attachment":[{"href":"https:\/\/www.leds2all.pt\/index.php?rest_route=%2Fwp%2Fv2%2Fmedia&parent=12222"}],"wp:term":[{"taxonomy":"product_brand","embeddable":true,"href":"https:\/\/www.leds2all.pt\/index.php?rest_route=%2Fwp%2Fv2%2Fproduct_brand&post=12222"},{"taxonomy":"product_cat","embeddable":true,"href":"https:\/\/www.leds2all.pt\/index.php?rest_route=%2Fwp%2Fv2%2Fproduct_cat&post=12222"},{"taxonomy":"product_tag","embeddable":true,"href":"https:\/\/www.leds2all.pt\/index.php?rest_route=%2Fwp%2Fv2%2Fproduct_tag&post=12222"}],"curies":[{"name":"wp","href":"https:\/\/api.w.org\/{rel}","templated":true}]}}