{"id":12352,"date":"2022-08-21T17:56:16","date_gmt":"2022-08-21T17:56:16","guid":{"rendered":"https:\/\/www.leds2all.pt\/?post_type=product&#038;p=12352"},"modified":"2023-10-06T16:38:39","modified_gmt":"2023-10-06T16:38:39","slug":"bolas-de-natal-v2","status":"publish","type":"product","link":"https:\/\/www.leds2all.pt\/?product=bolas-de-natal-v2","title":{"rendered":"Bolas de Natal v2"},"content":{"rendered":"<p>Bolas de Natal. Personalizo ao seu gosto.<\/p>\n<p>Dimens\u00f5es 8cm diametro &#8211; poderei fazer maiores ou mais pequenas &#8211; pe\u00e7a or\u00e7amento<\/p>\n<p>Feito em MDF de 3mm<\/p>\n<p>Consigo arranjar outros modelos, envie mensagem ou contacte-me para mais informa\u00e7\u00f5es.<\/p>\n<p>Cores disponiveis &#8211; branco ou castanho<\/p>\n","protected":false},"excerpt":{"rendered":"<p>Bolas de Natal. Personalizo ao seu gosto. Dimens\u00f5es 8cm diametro &#8211; poderei fazer maiores ou mais pequenas &#8211; pe\u00e7a or\u00e7amento Feito em MDF de 3mm Consigo arranjar outros modelos, envie mensagem ou contacte-me para mais informa\u00e7\u00f5es. Cores disponiveis &#8211; branco ou castanho<\/p>\n","protected":false},"featured_media":13305,"comment_status":"open","ping_status":"closed","template":"","meta":{"_monsterinsights_skip_tracking":false,"_monsterinsights_sitenote_active":false,"_monsterinsights_sitenote_note":"","_monsterinsights_sitenote_category":0},"product_brand":[],"product_cat":[743,742],"product_tag":[790,747,791],"class_list":{"0":"post-12352","1":"product","2":"type-product","3":"status-publish","4":"has-post-thumbnail","6":"product_cat-bolas-de-natal","7":"product_cat-corte-e-gravacao-laser","8":"product_tag-bolas","9":"product_tag-mdf","10":"product_tag-natal","12":"first","13":"instock","14":"shipping-taxable","15":"product-type-external"},"aioseo_notices":[],"_links":{"self":[{"href":"https:\/\/www.leds2all.pt\/index.php?rest_route=\/wp\/v2\/product\/12352","targetHints":{"allow":["GET"]}}],"collection":[{"href":"https:\/\/www.leds2all.pt\/index.php?rest_route=\/wp\/v2\/product"}],"about":[{"href":"https:\/\/www.leds2all.pt\/index.php?rest_route=\/wp\/v2\/types\/product"}],"replies":[{"embeddable":true,"href":"https:\/\/www.leds2all.pt\/index.php?rest_route=%2Fwp%2Fv2%2Fcomments&post=12352"}],"wp:featuredmedia":[{"embeddable":true,"href":"https:\/\/www.leds2all.pt\/index.php?rest_route=\/wp\/v2\/media\/13305"}],"wp:attachment":[{"href":"https:\/\/www.leds2all.pt\/index.php?rest_route=%2Fwp%2Fv2%2Fmedia&parent=12352"}],"wp:term":[{"taxonomy":"product_brand","embeddable":true,"href":"https:\/\/www.leds2all.pt\/index.php?rest_route=%2Fwp%2Fv2%2Fproduct_brand&post=12352"},{"taxonomy":"product_cat","embeddable":true,"href":"https:\/\/www.leds2all.pt\/index.php?rest_route=%2Fwp%2Fv2%2Fproduct_cat&post=12352"},{"taxonomy":"product_tag","embeddable":true,"href":"https:\/\/www.leds2all.pt\/index.php?rest_route=%2Fwp%2Fv2%2Fproduct_tag&post=12352"}],"curies":[{"name":"wp","href":"https:\/\/api.w.org\/{rel}","templated":true}]}}