{"id":12548,"date":"2022-12-28T14:07:59","date_gmt":"2022-12-28T14:07:59","guid":{"rendered":"https:\/\/www.leds2all.pt\/?post_type=product&#038;p=12548"},"modified":"2024-04-17T14:29:10","modified_gmt":"2024-04-17T14:29:10","slug":"caixa-para-garrafa-de-vinho-personalizada-2","status":"publish","type":"product","link":"https:\/\/www.leds2all.pt\/?product=caixa-para-garrafa-de-vinho-personalizada-2","title":{"rendered":"Caixa para garrafa de vinho personalizada"},"content":{"rendered":"<p>Caixa para garrafa de vinho, ideal para ofertas e presentes. Personalizo ao seu gosto, ou como est\u00e1 nas fotos<\/p>\n<p>Feito em MDF de 3mm<\/p>\n<p>Cores disponiveis &#8211; castanho ou branco<\/p>\n<p>Consigo arranjar outros modelos, envie mensagem ou contacte-me para mais informa\u00e7\u00f5es.<\/p>\n<p>Garrafas n\u00e3o inclu\u00eddas \ud83d\ude42<\/p>\n<p>&nbsp;<\/p>\n","protected":false},"excerpt":{"rendered":"<p>Caixa para garrafa de vinho, ideal para ofertas e presentes. Personalizo ao seu gosto, ou como est\u00e1 nas fotos Feito em MDF de 3mm Cores disponiveis &#8211; castanho ou branco Consigo arranjar outros modelos, envie mensagem ou contacte-me para mais informa\u00e7\u00f5es. Garrafas n\u00e3o inclu\u00eddas \ud83d\ude42 &nbsp;<\/p>\n","protected":false},"featured_media":12551,"comment_status":"open","ping_status":"closed","template":"","meta":{"_monsterinsights_skip_tracking":false,"_monsterinsights_sitenote_active":false,"_monsterinsights_sitenote_note":"","_monsterinsights_sitenote_category":0},"product_brand":[],"product_cat":[744,742],"product_tag":[745,747,746],"class_list":{"0":"post-12548","1":"product","2":"type-product","3":"status-publish","4":"has-post-thumbnail","6":"product_cat-caixas-de-vinho","7":"product_cat-corte-e-gravacao-laser","8":"product_tag-caixa","9":"product_tag-mdf","10":"product_tag-vinho","12":"first","13":"instock","14":"shipping-taxable","15":"purchasable","16":"product-type-variable"},"aioseo_notices":[],"_links":{"self":[{"href":"https:\/\/www.leds2all.pt\/index.php?rest_route=\/wp\/v2\/product\/12548","targetHints":{"allow":["GET"]}}],"collection":[{"href":"https:\/\/www.leds2all.pt\/index.php?rest_route=\/wp\/v2\/product"}],"about":[{"href":"https:\/\/www.leds2all.pt\/index.php?rest_route=\/wp\/v2\/types\/product"}],"replies":[{"embeddable":true,"href":"https:\/\/www.leds2all.pt\/index.php?rest_route=%2Fwp%2Fv2%2Fcomments&post=12548"}],"wp:featuredmedia":[{"embeddable":true,"href":"https:\/\/www.leds2all.pt\/index.php?rest_route=\/wp\/v2\/media\/12551"}],"wp:attachment":[{"href":"https:\/\/www.leds2all.pt\/index.php?rest_route=%2Fwp%2Fv2%2Fmedia&parent=12548"}],"wp:term":[{"taxonomy":"product_brand","embeddable":true,"href":"https:\/\/www.leds2all.pt\/index.php?rest_route=%2Fwp%2Fv2%2Fproduct_brand&post=12548"},{"taxonomy":"product_cat","embeddable":true,"href":"https:\/\/www.leds2all.pt\/index.php?rest_route=%2Fwp%2Fv2%2Fproduct_cat&post=12548"},{"taxonomy":"product_tag","embeddable":true,"href":"https:\/\/www.leds2all.pt\/index.php?rest_route=%2Fwp%2Fv2%2Fproduct_tag&post=12548"}],"curies":[{"name":"wp","href":"https:\/\/api.w.org\/{rel}","templated":true}]}}