{"id":12622,"date":"2023-02-19T15:28:00","date_gmt":"2023-02-19T15:28:00","guid":{"rendered":"https:\/\/www.leds2all.pt\/?post_type=product&#038;p=12622"},"modified":"2023-05-15T13:09:26","modified_gmt":"2023-05-15T13:09:26","slug":"topos-para-bolos","status":"publish","type":"product","link":"https:\/\/www.leds2all.pt\/?product=topos-para-bolos","title":{"rendered":"Topos para bolos"},"content":{"rendered":"<p>Decore os seus bolos com estes magnificos topos.<\/p>\n<p>Di\u00e2metro de cada topo &#8211; 10 cm<\/p>\n<p>Altura &#8211; 18cm<\/p>\n<p>&nbsp;<\/p>\n<p>Podemos fazer com as dimens\u00f5es que desejar, ou at\u00e9 personalizar. Envie-nos um email para leds2all@hotmail.com com o pedido de or\u00e7amento.<\/p>\n<p>&nbsp;<\/p>\n","protected":false},"excerpt":{"rendered":"<p>Decore os seus bolos com estes magnificos topos. Di\u00e2metro de cada topo &#8211; 10 cm Altura &#8211; 18cm &nbsp; Podemos fazer com as dimens\u00f5es que desejar, ou at\u00e9 personalizar. Envie-nos um email para leds2all@hotmail.com com o pedido de or\u00e7amento. &nbsp;<\/p>\n","protected":false},"featured_media":12625,"comment_status":"open","ping_status":"closed","template":"","meta":{"_monsterinsights_skip_tracking":false,"_monsterinsights_sitenote_active":false,"_monsterinsights_sitenote_note":"","_monsterinsights_sitenote_category":0},"product_brand":[],"product_cat":[742],"product_tag":[752,290,753,751],"class_list":{"0":"post-12622","1":"product","2":"type-product","3":"status-publish","4":"has-post-thumbnail","6":"product_cat-corte-e-gravacao-laser","7":"product_tag-bolos","8":"product_tag-branco","9":"product_tag-castanho","10":"product_tag-topo","12":"first","13":"instock","14":"shipping-taxable","15":"purchasable","16":"product-type-external"},"aioseo_notices":[],"_links":{"self":[{"href":"https:\/\/www.leds2all.pt\/index.php?rest_route=\/wp\/v2\/product\/12622","targetHints":{"allow":["GET"]}}],"collection":[{"href":"https:\/\/www.leds2all.pt\/index.php?rest_route=\/wp\/v2\/product"}],"about":[{"href":"https:\/\/www.leds2all.pt\/index.php?rest_route=\/wp\/v2\/types\/product"}],"replies":[{"embeddable":true,"href":"https:\/\/www.leds2all.pt\/index.php?rest_route=%2Fwp%2Fv2%2Fcomments&post=12622"}],"wp:featuredmedia":[{"embeddable":true,"href":"https:\/\/www.leds2all.pt\/index.php?rest_route=\/wp\/v2\/media\/12625"}],"wp:attachment":[{"href":"https:\/\/www.leds2all.pt\/index.php?rest_route=%2Fwp%2Fv2%2Fmedia&parent=12622"}],"wp:term":[{"taxonomy":"product_brand","embeddable":true,"href":"https:\/\/www.leds2all.pt\/index.php?rest_route=%2Fwp%2Fv2%2Fproduct_brand&post=12622"},{"taxonomy":"product_cat","embeddable":true,"href":"https:\/\/www.leds2all.pt\/index.php?rest_route=%2Fwp%2Fv2%2Fproduct_cat&post=12622"},{"taxonomy":"product_tag","embeddable":true,"href":"https:\/\/www.leds2all.pt\/index.php?rest_route=%2Fwp%2Fv2%2Fproduct_tag&post=12622"}],"curies":[{"name":"wp","href":"https:\/\/api.w.org\/{rel}","templated":true}]}}