{"id":12903,"date":"2023-07-12T07:51:40","date_gmt":"2023-07-12T07:51:40","guid":{"rendered":"https:\/\/www.leds2all.pt\/?post_type=product&#038;p=12903"},"modified":"2025-02-04T13:47:21","modified_gmt":"2025-02-04T13:47:21","slug":"lampada-led-e27-a65-220v-15w-branco-neutro-4000k","status":"publish","type":"product","link":"https:\/\/www.leds2all.pt\/?product=lampada-led-e27-a65-220v-15w-branco-neutro-4000k","title":{"rendered":"Lampada LED E27 A65 220V"},"content":{"rendered":"<p>&#8211; Tipo de base: E27<br \/>\n&#8211; Tens\u00e3o: 220VAC \/ 50Hz<br \/>\n&#8211; N\u00e3o dim\u00e1vel<br \/>\n&#8211; Tempo para atingir fluxo luminoso m\u00e1ximo: 0s<br \/>\n&#8211; imens\u00f5es: \u00d865 x 124 mm<\/p>\n","protected":false},"excerpt":{"rendered":"<p>&#8211; Tipo de base: E27 &#8211; Tens\u00e3o: 220VAC \/ 50Hz &#8211; N\u00e3o dim\u00e1vel &#8211; Tempo para atingir fluxo luminoso m\u00e1ximo: 0s &#8211; imens\u00f5es: \u00d865 x 124 mm<\/p>\n","protected":false},"featured_media":14630,"comment_status":"open","ping_status":"closed","template":"","meta":{"_monsterinsights_skip_tracking":false,"_monsterinsights_sitenote_active":false,"_monsterinsights_sitenote_note":"","_monsterinsights_sitenote_category":0},"product_brand":[],"product_cat":[312],"product_tag":[335,362,361,373,395,437,336,330,328,360],"class_list":{"0":"post-12903","1":"product","2":"type-product","3":"status-publish","4":"has-post-thumbnail","6":"product_cat-iluminacao-led","7":"product_tag-10w","8":"product_tag-12w","9":"product_tag-15w","10":"product_tag-18w","11":"product_tag-20w","12":"product_tag-3500k","13":"product_tag-4000k","14":"product_tag-6400k","15":"product_tag-6w","16":"product_tag-e27","18":"first","19":"instock","20":"shipping-taxable","21":"purchasable","22":"product-type-variable"},"aioseo_notices":[],"_links":{"self":[{"href":"https:\/\/www.leds2all.pt\/index.php?rest_route=\/wp\/v2\/product\/12903","targetHints":{"allow":["GET"]}}],"collection":[{"href":"https:\/\/www.leds2all.pt\/index.php?rest_route=\/wp\/v2\/product"}],"about":[{"href":"https:\/\/www.leds2all.pt\/index.php?rest_route=\/wp\/v2\/types\/product"}],"replies":[{"embeddable":true,"href":"https:\/\/www.leds2all.pt\/index.php?rest_route=%2Fwp%2Fv2%2Fcomments&post=12903"}],"wp:featuredmedia":[{"embeddable":true,"href":"https:\/\/www.leds2all.pt\/index.php?rest_route=\/wp\/v2\/media\/14630"}],"wp:attachment":[{"href":"https:\/\/www.leds2all.pt\/index.php?rest_route=%2Fwp%2Fv2%2Fmedia&parent=12903"}],"wp:term":[{"taxonomy":"product_brand","embeddable":true,"href":"https:\/\/www.leds2all.pt\/index.php?rest_route=%2Fwp%2Fv2%2Fproduct_brand&post=12903"},{"taxonomy":"product_cat","embeddable":true,"href":"https:\/\/www.leds2all.pt\/index.php?rest_route=%2Fwp%2Fv2%2Fproduct_cat&post=12903"},{"taxonomy":"product_tag","embeddable":true,"href":"https:\/\/www.leds2all.pt\/index.php?rest_route=%2Fwp%2Fv2%2Fproduct_tag&post=12903"}],"curies":[{"name":"wp","href":"https:\/\/api.w.org\/{rel}","templated":true}]}}