{"id":13617,"date":"2024-02-11T22:49:02","date_gmt":"2024-02-11T22:49:02","guid":{"rendered":"https:\/\/www.leds2all.pt\/?product=aigostar-focos-led-exterior-2-piezas"},"modified":"2025-01-05T13:08:28","modified_gmt":"2025-01-05T13:08:28","slug":"aigostar-focos-led-exterior-2-piezas","status":"publish","type":"product","link":"https:\/\/www.leds2all.pt\/?product=aigostar-focos-led-exterior-2-piezas","title":{"rendered":"Aigostar Focos Led Exterior"},"content":{"rendered":"<h1 class=\"a-size-base-plus a-text-bold\">Sobre este produto<\/h1>\n<ul class=\"a-unordered-list a-vertical a-spacing-mini\">\n<li class=\"a-spacing-mini\"><span class=\"a-list-item\">Dur\u00e1vel e imperme\u00e1vel: Este refletor \u00e9 feito de material de PC e liga de alum\u00ednio fundido, com alta densidade, sem encolhimento, resistente \u00e0 \u00e1gua e a quedas, esta l\u00e2mpada transl\u00facida \u00e9 leve, resistente a quedas e forte em dissipa\u00e7\u00e3o de calor, com uma vida \u00fatil de at\u00e9 30 000 horas. Al\u00e9m disso, quando n\u00e3o estiver em uso, pode desmontar e reciclar.<\/span><\/li>\n<li class=\"a-spacing-mini\"><span class=\"a-list-item\">Suporte ajust\u00e1vel: O suporte para esses refletores para exteriores pode ser ajustado para 350 graus, e o parafuso possui uma porca imperme\u00e1vel para evitar que a \u00e1gua entre daqui e cause ferrugem.<\/span><\/li>\n<li class=\"a-spacing-mini\"><span class=\"a-list-item\">Classifica\u00e7\u00e3o IP 65: Estas luzes de inunda\u00e7\u00e3o LED \u00e0 prova de \u00e1gua IP65 funcionam bem em ambientes de chuva, granizo, neve para os seus jardins, p\u00e1tios, relva, docas, est\u00e1dios, \u00e1reas de jogo abertas, etc.<\/span><\/li>\n<li class=\"a-spacing-mini\"><span class=\"a-list-item\">\u00c2ngulo de feixe de 90 \u00b0: a luz de inunda\u00e7\u00e3o do tipo lente fornece um \u00e2ngulo de feixe de 90 \u00b0 das p\u00e9rolas do candeeiro da lente, a luz de 90 graus \u00e9 mais focada e com grande ilumin\u00e2ncia, a longa dist\u00e2ncia de ilumina\u00e7\u00e3o pode funcionar normalmente independentemente da chuva, neve, calor ou frio.<\/span><\/li>\n<li class=\"a-spacing-mini\"><span class=\"a-list-item\">Instala\u00e7\u00e3o f\u00e1cil: os refletores para exteriores s\u00e3o f\u00e1ceis de instalar com 3 passos, s\u00f3 precisa de 1. Selecione a posi\u00e7\u00e3o de instala\u00e7\u00e3o e fa\u00e7a os orif\u00edcios; 2. Ligue os cabos el\u00e9tricos por cores; 3. Aperte os parafusos e verifique se est\u00e1 fixo. Pode ser instalado de forma simples e flex\u00edvel no teto, nas paredes, no ch\u00e3o e em outros lugares.<\/span><\/li>\n<\/ul>\n<div data-v-2bc6f3d1=\"\">10w<\/div>\n<div class=\"item\" data-v-2bc6f3d1=\"\"><label data-v-2bc6f3d1=\"\">6500K<\/label><\/div>\n<div class=\"item\" data-v-2bc6f3d1=\"\">Cor clara:<label data-v-2bc6f3d1=\"\">Luz Fria<\/label><\/div>\n<div class=\"item\" data-v-2bc6f3d1=\"\">Fluxo luminoso:<label data-v-2bc6f3d1=\"\">800lm<\/label><\/div>\n<div class=\"item\" data-v-2bc6f3d1=\"\">Prote\u00e7\u00e3o:<label data-v-2bc6f3d1=\"\">IP65<\/label><\/div>\n<div class=\"item\" data-v-2bc6f3d1=\"\">Comprimento do fio:<label data-v-2bc6f3d1=\"\">250mm<\/label><\/div>\n<div class=\"item\" data-v-2bc6f3d1=\"\">Fio:<label data-v-2bc6f3d1=\"\">3&#215;1.0mm\u00b2<\/label><\/div>\n<div class=\"item\" data-v-2bc6f3d1=\"\">Tamanho:<label data-v-2bc6f3d1=\"\">L122*W94*H16 mm<\/label><\/div>\n<div data-v-2bc6f3d1=\"\"><\/div>\n<div data-v-2bc6f3d1=\"\">20w<\/div>\n<div data-v-2bc6f3d1=\"\">\n<div class=\"item\" data-v-2bc6f3d1=\"\"><label data-v-2bc6f3d1=\"\">6500K<\/label><\/div>\n<div class=\"item\" data-v-2bc6f3d1=\"\">Cor clara:<label data-v-2bc6f3d1=\"\">Luz Fria<\/label><\/div>\n<div class=\"item\" data-v-2bc6f3d1=\"\">Fluxo luminoso:<label data-v-2bc6f3d1=\"\">1650lm<\/label><\/div>\n<div class=\"item\" data-v-2bc6f3d1=\"\">Prote\u00e7\u00e3o:<label data-v-2bc6f3d1=\"\">IP65<\/label><\/div>\n<div class=\"item\" data-v-2bc6f3d1=\"\">Comprimento do fio:<label data-v-2bc6f3d1=\"\">250mm<\/label><\/div>\n<div class=\"item\" data-v-2bc6f3d1=\"\">Fio:<label data-v-2bc6f3d1=\"\">3&#215;1.0mm\u00b2<\/label><\/div>\n<div class=\"item\" data-v-2bc6f3d1=\"\">Tamanho:<label data-v-2bc6f3d1=\"\">L140*W103*H19 mm<\/label><\/div>\n<\/div>\n<div data-v-2bc6f3d1=\"\"><\/div>\n<div data-v-2bc6f3d1=\"\">30w<\/div>\n<div data-v-2bc6f3d1=\"\">\n<div class=\"item\" data-v-2bc6f3d1=\"\"><label data-v-2bc6f3d1=\"\">6500K<\/label><\/div>\n<div class=\"item\" data-v-2bc6f3d1=\"\">Cor clara:<label data-v-2bc6f3d1=\"\">Luz Fria<\/label><\/div>\n<div class=\"item\" data-v-2bc6f3d1=\"\">Fluxo luminoso:<label data-v-2bc6f3d1=\"\">2450lm<\/label><\/div>\n<div class=\"item\" data-v-2bc6f3d1=\"\">Prote\u00e7\u00e3o:<label data-v-2bc6f3d1=\"\">IP65<\/label><\/div>\n<div class=\"item\" data-v-2bc6f3d1=\"\">Comprimento do fio:<label data-v-2bc6f3d1=\"\">250mm<\/label><\/div>\n<div class=\"item\" data-v-2bc6f3d1=\"\">Fio:<label data-v-2bc6f3d1=\"\">3&#215;1.0mm\u00b2<\/label><\/div>\n<div class=\"item\" data-v-2bc6f3d1=\"\">Tamanho:<label data-v-2bc6f3d1=\"\">L167*W122*H24 mm<\/label><\/div>\n<\/div>\n<div data-v-2bc6f3d1=\"\"><\/div>\n<div data-v-2bc6f3d1=\"\">50w<\/div>\n<div data-v-2bc6f3d1=\"\">\n<div class=\"item\" data-v-2bc6f3d1=\"\"><label data-v-2bc6f3d1=\"\">6500K<\/label><\/div>\n<div class=\"item\" data-v-2bc6f3d1=\"\">Cor clara:<label data-v-2bc6f3d1=\"\">Luz Fria<\/label><\/div>\n<div class=\"item\" data-v-2bc6f3d1=\"\">Fluxo luminoso:<label data-v-2bc6f3d1=\"\">4500lm<\/label><\/div>\n<div class=\"item\" data-v-2bc6f3d1=\"\">Prote\u00e7\u00e3o:<label data-v-2bc6f3d1=\"\">IP65<\/label><\/div>\n<div class=\"item\" data-v-2bc6f3d1=\"\">Comprimento do fio:<label data-v-2bc6f3d1=\"\">250mm<\/label><\/div>\n<div class=\"item\" data-v-2bc6f3d1=\"\">Fio:<label data-v-2bc6f3d1=\"\">3&#215;1.0mm\u00b2<\/label><\/div>\n<div class=\"item\" data-v-2bc6f3d1=\"\">Tamanho:<label data-v-2bc6f3d1=\"\">L213*W160*H26 mm<\/label><\/div>\n<\/div>\n<div data-v-2bc6f3d1=\"\"><\/div>\n<div data-v-2bc6f3d1=\"\">100w<\/div>\n<div data-v-2bc6f3d1=\"\">\n<div class=\"item\" data-v-2bc6f3d1=\"\"><label data-v-2bc6f3d1=\"\">6500K<\/label><\/div>\n<div class=\"item\" data-v-2bc6f3d1=\"\">Cor clara:<label data-v-2bc6f3d1=\"\">Luz Fria<\/label><\/div>\n<div class=\"item\" data-v-2bc6f3d1=\"\">Fluxo luminoso:<label data-v-2bc6f3d1=\"\">9000lm<\/label><\/div>\n<div class=\"item\" data-v-2bc6f3d1=\"\">Prote\u00e7\u00e3o:<label data-v-2bc6f3d1=\"\">IP65<\/label><\/div>\n<div class=\"item\" data-v-2bc6f3d1=\"\">Comprimento do fio:<label data-v-2bc6f3d1=\"\">250mm<\/label><\/div>\n<div class=\"item\" data-v-2bc6f3d1=\"\">Fio:<label data-v-2bc6f3d1=\"\">3&#215;1.0mm\u00b2<\/label><\/div>\n<div class=\"item\" data-v-2bc6f3d1=\"\">Tamanho:<label data-v-2bc6f3d1=\"\">L277*W210*H30 mm<\/label><\/div>\n<\/div>\n<div data-v-2bc6f3d1=\"\"><\/div>\n<div data-v-2bc6f3d1=\"\">150w<\/div>\n<div class=\"item\" data-v-2bc6f3d1=\"\"><label data-v-2bc6f3d1=\"\">6500K<\/label><\/div>\n<div class=\"item\" data-v-2bc6f3d1=\"\">Cor clara:<label data-v-2bc6f3d1=\"\">Luz Fria<\/label><\/div>\n<div class=\"item\" data-v-2bc6f3d1=\"\">Fluxo luminoso:<label data-v-2bc6f3d1=\"\">13000lm<\/label><\/div>\n<div class=\"item\" data-v-2bc6f3d1=\"\">Prote\u00e7\u00e3o:<label data-v-2bc6f3d1=\"\">IP65<\/label><\/div>\n<div class=\"item\" data-v-2bc6f3d1=\"\">Comprimento do fio:<label data-v-2bc6f3d1=\"\">250mm<\/label><\/div>\n<div class=\"item\" data-v-2bc6f3d1=\"\">Fio:<label data-v-2bc6f3d1=\"\">3&#215;1.0mm\u00b2<\/label><\/div>\n<div class=\"item\" data-v-2bc6f3d1=\"\">Tamanho:<label data-v-2bc6f3d1=\"\">L340*W249*H39 mm<\/label><\/div>\n<div data-v-2bc6f3d1=\"\"><\/div>\n<div data-v-2bc6f3d1=\"\"><\/div>\n<div class=\"item\" data-v-2bc6f3d1=\"\"><label data-v-2bc6f3d1=\"\">200w<\/label><\/div>\n<div class=\"item\" data-v-2bc6f3d1=\"\"><label data-v-2bc6f3d1=\"\">6500K<\/label><\/div>\n<div class=\"item\" data-v-2bc6f3d1=\"\">Cor clara:<label data-v-2bc6f3d1=\"\">Luz Fria<\/label><\/div>\n<div class=\"item\" data-v-2bc6f3d1=\"\">Fluxo luminoso:<label data-v-2bc6f3d1=\"\">18000lm<\/label><\/div>\n<div class=\"item\" data-v-2bc6f3d1=\"\">Prote\u00e7\u00e3o:<label data-v-2bc6f3d1=\"\">IP65<\/label><\/div>\n<div class=\"item\" data-v-2bc6f3d1=\"\">Comprimento do fio:<label data-v-2bc6f3d1=\"\">250mm<\/label><\/div>\n<div class=\"item\" data-v-2bc6f3d1=\"\">Fio:<label data-v-2bc6f3d1=\"\">3&#215;1.0mm\u00b2<\/label><\/div>\n<div class=\"item\" data-v-2bc6f3d1=\"\">Tamanho:<label data-v-2bc6f3d1=\"\">L393*W280*H42 mm<\/label><\/div>\n","protected":false},"excerpt":{"rendered":"<p>Sobre este produto Dur\u00e1vel e imperme\u00e1vel: Este refletor \u00e9 feito de material de PC e liga de alum\u00ednio fundido, com alta densidade, sem encolhimento, resistente \u00e0 \u00e1gua e a quedas, esta l\u00e2mpada transl\u00facida \u00e9 leve, resistente a quedas e forte em dissipa\u00e7\u00e3o de calor, com uma vida \u00fatil de at\u00e9 30 000 horas. Al\u00e9m disso, [&hellip;]<\/p>\n","protected":false},"featured_media":13589,"comment_status":"closed","ping_status":"closed","template":"","meta":{"_monsterinsights_skip_tracking":false,"_monsterinsights_sitenote_active":false,"_monsterinsights_sitenote_note":"","_monsterinsights_sitenote_category":0},"product_brand":[],"product_cat":[813],"product_tag":[],"class_list":{"0":"post-13617","1":"product","2":"type-product","3":"status-publish","4":"has-post-thumbnail","6":"product_cat-holofotes","8":"first","9":"instock","10":"shipping-taxable","11":"purchasable","12":"product-type-variable"},"aioseo_notices":[],"_links":{"self":[{"href":"https:\/\/www.leds2all.pt\/index.php?rest_route=\/wp\/v2\/product\/13617","targetHints":{"allow":["GET"]}}],"collection":[{"href":"https:\/\/www.leds2all.pt\/index.php?rest_route=\/wp\/v2\/product"}],"about":[{"href":"https:\/\/www.leds2all.pt\/index.php?rest_route=\/wp\/v2\/types\/product"}],"replies":[{"embeddable":true,"href":"https:\/\/www.leds2all.pt\/index.php?rest_route=%2Fwp%2Fv2%2Fcomments&post=13617"}],"wp:featuredmedia":[{"embeddable":true,"href":"https:\/\/www.leds2all.pt\/index.php?rest_route=\/wp\/v2\/media\/13589"}],"wp:attachment":[{"href":"https:\/\/www.leds2all.pt\/index.php?rest_route=%2Fwp%2Fv2%2Fmedia&parent=13617"}],"wp:term":[{"taxonomy":"product_brand","embeddable":true,"href":"https:\/\/www.leds2all.pt\/index.php?rest_route=%2Fwp%2Fv2%2Fproduct_brand&post=13617"},{"taxonomy":"product_cat","embeddable":true,"href":"https:\/\/www.leds2all.pt\/index.php?rest_route=%2Fwp%2Fv2%2Fproduct_cat&post=13617"},{"taxonomy":"product_tag","embeddable":true,"href":"https:\/\/www.leds2all.pt\/index.php?rest_route=%2Fwp%2Fv2%2Fproduct_tag&post=13617"}],"curies":[{"name":"wp","href":"https:\/\/api.w.org\/{rel}","templated":true}]}}