{"id":13950,"date":"2024-03-01T09:08:39","date_gmt":"2024-03-01T09:08:39","guid":{"rendered":"https:\/\/www.leds2all.pt\/?post_type=product&#038;p=13950"},"modified":"2024-03-01T11:10:04","modified_gmt":"2024-03-01T11:10:04","slug":"placa-led-redondo-superslim-aco-escovado","status":"publish","type":"product","link":"https:\/\/www.leds2all.pt\/?product=placa-led-redondo-superslim-aco-escovado","title":{"rendered":"Placa LED Redondo SuperSlim A\u00e7o Escovado"},"content":{"rendered":"<p align=\"justify\"><strong>A placa LED circular SuperSlim tem um design inovador e moderno <\/strong>com um acabamento em alum\u00ednio lacado branco.<\/p>\n<p align=\"justify\">Obtemos uma redu\u00e7\u00e3o de 50% no consumo de electricidade. <strong>O seu elevado \u00edndice de restitui\u00e7\u00e3o de cor de mais de 80 assegura uma reprodu\u00e7\u00e3o correcta da cor.<\/strong><\/p>\n<h2 align=\"justify\">Vantagens da placa LED circular SuperSlim<\/h2>\n<p align=\"justify\">Este tipo de ilumina\u00e7\u00e3o LED\u00a0<strong>\u00e9 utilizado para ilumina\u00e7\u00e3o geral, principalmente no ambiente dom\u00e9stico<\/strong>, embora possa ser utilizado em espa\u00e7os comerciais sem qualquer problema. Oferece uma luz muito homog\u00e9nea gra\u00e7as ao seu amplo \u00e2ngulo de abertura e ao seu difusor opala, que reduz o encandeamento e os reflexos.<\/p>\n<p align=\"justify\">Desfrute da placa LED circular SuperSlim em v\u00e1rias <strong>temperaturas de cor para escolher entre branco frio, neutro ou quente, e em v\u00e1rias pot\u00eancias (o tamanho varia com a pot\u00eancia).<\/strong><\/p>\n","protected":false},"excerpt":{"rendered":"<p>A placa LED circular SuperSlim tem um design inovador e moderno com um acabamento em alum\u00ednio lacado branco. Obtemos uma redu\u00e7\u00e3o de 50% no consumo de electricidade. O seu elevado \u00edndice de restitui\u00e7\u00e3o de cor de mais de 80 assegura uma reprodu\u00e7\u00e3o correcta da cor. Vantagens da placa LED circular SuperSlim Este tipo de ilumina\u00e7\u00e3o [&hellip;]<\/p>\n","protected":false},"featured_media":13978,"comment_status":"open","ping_status":"closed","template":"","meta":{"_monsterinsights_skip_tracking":false,"_monsterinsights_sitenote_active":false,"_monsterinsights_sitenote_note":"","_monsterinsights_sitenote_category":0},"product_brand":[],"product_cat":[419],"product_tag":[362,361,373,437,336,480,328,831,832,421,427],"class_list":{"0":"post-13950","1":"product","2":"type-product","3":"status-publish","4":"has-post-thumbnail","6":"product_cat-painel-led","7":"product_tag-12w","8":"product_tag-15w","9":"product_tag-18w","10":"product_tag-3500k","11":"product_tag-4000k","12":"product_tag-6500k","13":"product_tag-6w","14":"product_tag-aco","15":"product_tag-escovad","16":"product_tag-painel","17":"product_tag-redondo","19":"first","20":"instock","21":"shipping-taxable","22":"purchasable","23":"product-type-variable"},"aioseo_notices":[],"_links":{"self":[{"href":"https:\/\/www.leds2all.pt\/index.php?rest_route=\/wp\/v2\/product\/13950","targetHints":{"allow":["GET"]}}],"collection":[{"href":"https:\/\/www.leds2all.pt\/index.php?rest_route=\/wp\/v2\/product"}],"about":[{"href":"https:\/\/www.leds2all.pt\/index.php?rest_route=\/wp\/v2\/types\/product"}],"replies":[{"embeddable":true,"href":"https:\/\/www.leds2all.pt\/index.php?rest_route=%2Fwp%2Fv2%2Fcomments&post=13950"}],"wp:featuredmedia":[{"embeddable":true,"href":"https:\/\/www.leds2all.pt\/index.php?rest_route=\/wp\/v2\/media\/13978"}],"wp:attachment":[{"href":"https:\/\/www.leds2all.pt\/index.php?rest_route=%2Fwp%2Fv2%2Fmedia&parent=13950"}],"wp:term":[{"taxonomy":"product_brand","embeddable":true,"href":"https:\/\/www.leds2all.pt\/index.php?rest_route=%2Fwp%2Fv2%2Fproduct_brand&post=13950"},{"taxonomy":"product_cat","embeddable":true,"href":"https:\/\/www.leds2all.pt\/index.php?rest_route=%2Fwp%2Fv2%2Fproduct_cat&post=13950"},{"taxonomy":"product_tag","embeddable":true,"href":"https:\/\/www.leds2all.pt\/index.php?rest_route=%2Fwp%2Fv2%2Fproduct_tag&post=13950"}],"curies":[{"name":"wp","href":"https:\/\/api.w.org\/{rel}","templated":true}]}}