{"id":14132,"date":"2024-03-11T17:38:54","date_gmt":"2024-03-11T17:38:54","guid":{"rendered":"https:\/\/www.leds2all.pt\/?post_type=product&#038;p=14132"},"modified":"2024-03-11T17:56:07","modified_gmt":"2024-03-11T17:56:07","slug":"envio-directo-painel-de-led","status":"publish","type":"product","link":"https:\/\/www.leds2all.pt\/?product=envio-directo-painel-de-led","title":{"rendered":"(envio directo) Painel de LED"},"content":{"rendered":"<p>O\u00a0<strong>Painel LED <\/strong>com moldura branca combina um design muito moderno com uma excelente efici\u00eancia e qualidade de luz. Este painel \u00e9 especialmente adequado para escrit\u00f3rios e \u00e1reas de trabalho devido ao seu baixo factor de brilho.<\/p>\n<p>Consegue-se uma poupan\u00e7a muito importante em compara\u00e7\u00e3o com este tipo de lumin\u00e1rias tradicionais de baixo consumo. Suporta multi-tens\u00e3o entre<strong>\u00a085V 265V AC<\/strong>\u00a0e uma faixa de temperatura ambiente de trabalho de\u00a0<strong>-20\u00baC a 45\u00baC.\u00a0\u00a0\u00a0\u00a0<\/strong><\/p>\n<h2>Aplica\u00e7\u00f5es do Painel LED<\/h2>\n<p>Adequado para a ilumina\u00e7\u00e3o de escrit\u00f3rios gra\u00e7as ao seu baixo brilho. O brilho causado pela ilumina\u00e7\u00e3o pode ter um efeito negativo nas pessoas, porque \u00e9 necess\u00e1rio um ambiente de ilumina\u00e7\u00e3o confort\u00e1vel para nos ajudar nas nossas tarefas.\u00a0<strong>Um baixo n\u00edvel de UGR aumenta a sensa\u00e7\u00e3o de bem-estar dos trabalhadores, o que contribui indirectamente para o n\u00edvel de produtividade.<br \/>\nS\u00e3o recomendados baixos n\u00edveis de brilho em todos os locais onde as pessoas passam longos per\u00edodos de tempo expostas \u00e0 luz artificial. Isto \u00e9 muito importante em escrit\u00f3rios, centros educativos, \u00e1reas de trabalho, etc.<\/strong><\/p>\n<p>Especialmente concebido para instala\u00e7\u00e3o em tectos t\u00e9cnicos,\u00a0<strong>\u00e9 utilizado sobretudo em espa\u00e7os comerciais ou de trabalho tais como: hot\u00e9is, restaurantes, supermercados, sal\u00f5es de exposi\u00e7\u00e3o, museus ou escrit\u00f3rios<\/strong>. Fornece uma luz de alta qualidade e muito uniforme que melhora as condi\u00e7\u00f5es de trabalho.\u00a0<strong>Inclui tamb\u00e9m um difusor \u00f3ptico que reduz o brilho.<\/strong><\/p>\n<p>&nbsp;<\/p>\n<p>Para encastrar no teto falso \u00e9 necess\u00e1rio o kit do c\u00f3digo: <span class=\"sku\">4246 \/ KT-ES-PNLS<\/span><\/p>\n","protected":false},"excerpt":{"rendered":"<p>O\u00a0Painel LED com moldura branca combina um design muito moderno com uma excelente efici\u00eancia e qualidade de luz. Este painel \u00e9 especialmente adequado para escrit\u00f3rios e \u00e1reas de trabalho devido ao seu baixo factor de brilho. Consegue-se uma poupan\u00e7a muito importante em compara\u00e7\u00e3o com este tipo de lumin\u00e1rias tradicionais de baixo consumo. Suporta multi-tens\u00e3o entre\u00a085V [&hellip;]<\/p>\n","protected":false},"featured_media":8824,"comment_status":"open","ping_status":"closed","template":"","meta":{"_monsterinsights_skip_tracking":false,"_monsterinsights_sitenote_active":false,"_monsterinsights_sitenote_note":"","_monsterinsights_sitenote_category":0},"product_brand":[],"product_cat":[844],"product_tag":[475,339,421,422],"class_list":{"0":"post-14132","1":"product","2":"type-product","3":"status-publish","4":"has-post-thumbnail","6":"product_cat-ed-paineis-de-led","7":"product_tag-40w","8":"product_tag-6000k","9":"product_tag-painel","10":"product_tag-quadrado","12":"first","13":"instock","14":"shipping-taxable","15":"purchasable","16":"product-type-variable"},"aioseo_notices":[],"_links":{"self":[{"href":"https:\/\/www.leds2all.pt\/index.php?rest_route=\/wp\/v2\/product\/14132","targetHints":{"allow":["GET"]}}],"collection":[{"href":"https:\/\/www.leds2all.pt\/index.php?rest_route=\/wp\/v2\/product"}],"about":[{"href":"https:\/\/www.leds2all.pt\/index.php?rest_route=\/wp\/v2\/types\/product"}],"replies":[{"embeddable":true,"href":"https:\/\/www.leds2all.pt\/index.php?rest_route=%2Fwp%2Fv2%2Fcomments&post=14132"}],"wp:featuredmedia":[{"embeddable":true,"href":"https:\/\/www.leds2all.pt\/index.php?rest_route=\/wp\/v2\/media\/8824"}],"wp:attachment":[{"href":"https:\/\/www.leds2all.pt\/index.php?rest_route=%2Fwp%2Fv2%2Fmedia&parent=14132"}],"wp:term":[{"taxonomy":"product_brand","embeddable":true,"href":"https:\/\/www.leds2all.pt\/index.php?rest_route=%2Fwp%2Fv2%2Fproduct_brand&post=14132"},{"taxonomy":"product_cat","embeddable":true,"href":"https:\/\/www.leds2all.pt\/index.php?rest_route=%2Fwp%2Fv2%2Fproduct_cat&post=14132"},{"taxonomy":"product_tag","embeddable":true,"href":"https:\/\/www.leds2all.pt\/index.php?rest_route=%2Fwp%2Fv2%2Fproduct_tag&post=14132"}],"curies":[{"name":"wp","href":"https:\/\/api.w.org\/{rel}","templated":true}]}}