{"id":14321,"date":"2024-06-12T19:50:59","date_gmt":"2024-06-12T19:50:59","guid":{"rendered":"https:\/\/www.leds2all.pt\/?product=caleffi-200000-cabezal-termostatico-blanco"},"modified":"2024-06-12T21:11:01","modified_gmt":"2024-06-12T21:11:01","slug":"caleffi-200000-cabezal-termostatico-blanco","status":"publish","type":"product","link":"https:\/\/www.leds2all.pt\/?product=caleffi-200000-cabezal-termostatico-blanco","title":{"rendered":"Caleffi, 200000 &#8211; Cabezal termost\u00e1tico, Blanco"},"content":{"rendered":"<ul class=\"amazon_features\">\n<li>Control termost\u00e1tico para v\u00e1lvulas de radiador termost\u00e1ticas y termost\u00e1ticas;<\/li>\n<li>Sensor incorporado con elemento sensible a l\u00edquidos;<\/li>\n<li>Escala graduada para el ajuste de &#8220; fr\u00edo &#8221; a 5 correspondiente a un rango de temperatura de 7 C a 28 C;<\/li>\n<li>Para v\u00e1lvulas de las series 338, 339, 401, 402, 425, 426, 421, 422, 455, 220, 221, 222, 223, 224, 225, 226 y 227;<\/li>\n<\/ul>\n","protected":false},"excerpt":{"rendered":"<p>Control termost\u00e1tico para v\u00e1lvulas de radiador termost\u00e1ticas y termost\u00e1ticas; Sensor incorporado con elemento sensible a l\u00edquidos; Escala graduada para el ajuste de &#8220; fr\u00edo &#8221; a 5 correspondiente a un rango de temperatura de 7 C a 28 C; Para v\u00e1lvulas de las series 338, 339, 401, 402, 425, 426, 421, 422, 455, 220, 221, [&hellip;]<\/p>\n","protected":false},"featured_media":14322,"comment_status":"closed","ping_status":"closed","template":"","meta":{"_monsterinsights_skip_tracking":false,"_monsterinsights_sitenote_active":false,"_monsterinsights_sitenote_note":"","_monsterinsights_sitenote_category":0},"product_brand":[],"product_cat":[498],"product_tag":[],"class_list":{"0":"post-14321","1":"product","2":"type-product","3":"status-publish","4":"has-post-thumbnail","6":"product_cat-lampadas-incandescentes","8":"first","9":"instock","10":"shipping-taxable","11":"purchasable","12":"product-type-simple"},"aioseo_notices":[],"_links":{"self":[{"href":"https:\/\/www.leds2all.pt\/index.php?rest_route=\/wp\/v2\/product\/14321","targetHints":{"allow":["GET"]}}],"collection":[{"href":"https:\/\/www.leds2all.pt\/index.php?rest_route=\/wp\/v2\/product"}],"about":[{"href":"https:\/\/www.leds2all.pt\/index.php?rest_route=\/wp\/v2\/types\/product"}],"replies":[{"embeddable":true,"href":"https:\/\/www.leds2all.pt\/index.php?rest_route=%2Fwp%2Fv2%2Fcomments&post=14321"}],"wp:featuredmedia":[{"embeddable":true,"href":"https:\/\/www.leds2all.pt\/index.php?rest_route=\/wp\/v2\/media\/14322"}],"wp:attachment":[{"href":"https:\/\/www.leds2all.pt\/index.php?rest_route=%2Fwp%2Fv2%2Fmedia&parent=14321"}],"wp:term":[{"taxonomy":"product_brand","embeddable":true,"href":"https:\/\/www.leds2all.pt\/index.php?rest_route=%2Fwp%2Fv2%2Fproduct_brand&post=14321"},{"taxonomy":"product_cat","embeddable":true,"href":"https:\/\/www.leds2all.pt\/index.php?rest_route=%2Fwp%2Fv2%2Fproduct_cat&post=14321"},{"taxonomy":"product_tag","embeddable":true,"href":"https:\/\/www.leds2all.pt\/index.php?rest_route=%2Fwp%2Fv2%2Fproduct_tag&post=14321"}],"curies":[{"name":"wp","href":"https:\/\/api.w.org\/{rel}","templated":true}]}}