{"id":14521,"date":"2024-09-09T14:55:55","date_gmt":"2024-09-09T14:55:55","guid":{"rendered":"https:\/\/www.leds2all.pt\/?product=caleffi-520440-mezclador-termostatico-1-2-40-60-c-regulable"},"modified":"2024-09-09T15:18:48","modified_gmt":"2024-09-09T15:18:48","slug":"caleffi-520440-mezclador-termostatico-1-2-40-60-c-regulable","status":"publish","type":"product","link":"https:\/\/www.leds2all.pt\/?product=caleffi-520440-mezclador-termostatico-1-2-40-60-c-regulable","title":{"rendered":"Caleffi 520440 Mezclador Termost\u00e1tico 1\/2&#8221; 40-60 \u00b0C Regulable"},"content":{"rendered":"<ul class=\"amazon_features\">\n<li>V\u00e1lvula mezcladora termost\u00e1tica ajustable<\/li>\n<li>Cuerpo de lat\u00f3n<\/li>\n<li>Chapado en cromo<\/li>\n<li>M\u00e1x. presi\u00f3n de trabajo: 10 bar<\/li>\n<li>M\u00e1x. temperatura de entrada: 90 \u00b0C<\/li>\n<\/ul>\n","protected":false},"excerpt":{"rendered":"<p>V\u00e1lvula mezcladora termost\u00e1tica ajustable Cuerpo de lat\u00f3n Chapado en cromo M\u00e1x. presi\u00f3n de trabajo: 10 bar M\u00e1x. temperatura de entrada: 90 \u00b0C<\/p>\n","protected":false},"featured_media":14522,"comment_status":"closed","ping_status":"closed","template":"","meta":{"_monsterinsights_skip_tracking":false,"_monsterinsights_sitenote_active":false,"_monsterinsights_sitenote_note":"","_monsterinsights_sitenote_category":0},"product_brand":[],"product_cat":[498],"product_tag":[],"class_list":{"0":"post-14521","1":"product","2":"type-product","3":"status-publish","4":"has-post-thumbnail","6":"product_cat-lampadas-incandescentes","8":"first","9":"instock","10":"shipping-taxable","11":"purchasable","12":"product-type-simple"},"aioseo_notices":[],"_links":{"self":[{"href":"https:\/\/www.leds2all.pt\/index.php?rest_route=\/wp\/v2\/product\/14521","targetHints":{"allow":["GET"]}}],"collection":[{"href":"https:\/\/www.leds2all.pt\/index.php?rest_route=\/wp\/v2\/product"}],"about":[{"href":"https:\/\/www.leds2all.pt\/index.php?rest_route=\/wp\/v2\/types\/product"}],"replies":[{"embeddable":true,"href":"https:\/\/www.leds2all.pt\/index.php?rest_route=%2Fwp%2Fv2%2Fcomments&post=14521"}],"wp:featuredmedia":[{"embeddable":true,"href":"https:\/\/www.leds2all.pt\/index.php?rest_route=\/wp\/v2\/media\/14522"}],"wp:attachment":[{"href":"https:\/\/www.leds2all.pt\/index.php?rest_route=%2Fwp%2Fv2%2Fmedia&parent=14521"}],"wp:term":[{"taxonomy":"product_brand","embeddable":true,"href":"https:\/\/www.leds2all.pt\/index.php?rest_route=%2Fwp%2Fv2%2Fproduct_brand&post=14521"},{"taxonomy":"product_cat","embeddable":true,"href":"https:\/\/www.leds2all.pt\/index.php?rest_route=%2Fwp%2Fv2%2Fproduct_cat&post=14521"},{"taxonomy":"product_tag","embeddable":true,"href":"https:\/\/www.leds2all.pt\/index.php?rest_route=%2Fwp%2Fv2%2Fproduct_tag&post=14521"}],"curies":[{"name":"wp","href":"https:\/\/api.w.org\/{rel}","templated":true}]}}